{"id":2630,"date":"2024-09-17T16:10:21","date_gmt":"2024-09-17T14:10:21","guid":{"rendered":"https:\/\/dev.vallformosa.com\/politica-corporativa\/"},"modified":"2025-04-15T17:08:48","modified_gmt":"2025-04-15T15:08:48","slug":"politica-corporativa","status":"publish","type":"page","link":"https:\/\/dev.vallformosa.com\/ca\/politica-corporativa\/","title":{"rendered":"Pol\u00edtica corporativa"},"content":{"rendered":"<div class=\"wpb-content-wrapper\"><p>[vc_row][vc_column]<div class='spacer display-none-mobile' style='height: 18vh;'><\/div><div class='spacer display-none-desktop' style='height: 115px;'><\/div>[\/vc_column][\/vc_row][vc_section full_width=&#8221;stretch_row_content&#8221; css=&#8221;.vc_custom_1730371446477{background-color: #fffaee !important;}&#8221; el_class=&#8221;color-1 politica-privacidad-section&#8221;][vc_row][vc_column][vc_wp_text]<\/p>\n<p class=\"title-title\" style=\"text-align: left;\">Pol\u00edtica corporativa<\/p>\n<p>[\/vc_wp_text][vc_wp_text]<em>31 d\u2019octubre de 2024 a Vilob\u00ed del Pened\u00e8s<\/em>[\/vc_wp_text]<div class='spacer display-none-mobile' style='height: 4vh;'><\/div><div class='spacer display-none-desktop' style='height: 25px;'><\/div>[\/vc_column][\/vc_row][vc_row][vc_column][vc_wp_text]<\/p>\n<p style=\"text-align: left;\">LA NOSTRA MISSI\u00d3 \u00e9s unir les persones, inspirant-les a gaudir de cada dia de manera desenfadada i sense limitacions. Aix\u00f2 significa<br \/>\ncrear vins i escumosos de qualitat que ens permetin prendre&#8217;ns amb alegria qualsevol moment. Creiem en l&#8217;espontane\u00eftat, la comunitat i en aprofitar al m\u00e0xim tot el que ens envolta. A Vallformosa, existim per acompanyar a les persones i inspirar-les a gaudir m\u00e9s del dia a dia.<\/p>\n<p>[\/vc_wp_text]<div class='spacer display-none-mobile' style='height: 8vh;'><\/div><div class='spacer display-none-desktop' style='height: 30px;'><\/div>[\/vc_column][\/vc_row][vc_row][vc_column][vc_wp_text]<\/p>\n<p class=\"sub-title2\" style=\"text-align: left;\">VALORS<\/p>\n<p>[\/vc_wp_text]<div class='spacer display-none-mobile' style='height: 4vh;'><\/div><div class='spacer display-none-desktop' style='height: 30px;'><\/div>[vc_wp_text]<\/p>\n<p style=\"text-align: left;\"><strong>Respecte:<\/strong> Vallformosa treballa de manera continuada per obtenir la m\u00e0xima qualitat dels seus productes amb respecte pel seu entorn i amb accions concretes per millorar el medi ambient. Les persones i la seva hist\u00f2ria s\u00f3n valors que defineixen la personalitat de la companyia.<\/p>\n<p>[\/vc_wp_text]<div class='spacer display-none-mobile' style='height: 4vh;'><\/div><div class='spacer display-none-desktop' style='height: 25px;'><\/div>[vc_row_inner el_class=&#8221;politica-privacidad-little-section&#8221;][vc_column_inner][vc_wp_text]<\/p>\n<p class=\"sub-title2\" style=\"text-align: left;\">SEGURETAT ALIMENT\u00c0RIA I QUALITAT DE PRODUCTE<\/p>\n<p>[\/vc_wp_text][vc_wp_text]<\/p>\n<p style=\"text-align: left;\">Millora de manera continuada els processos productius, les activitats de suport i la compet\u00e8ncia del seu personal amb l\u2019objectiu de millorar la qualitat dels productes i assegurar-ne la seguretat aliment\u00e0ria.<\/p>\n<p>[\/vc_wp_text]<div class='spacer display-none-mobile' style='height: 4vh;'><\/div><div class='spacer display-none-desktop' style='height: 15px;'><\/div>[vc_wp_text]<\/p>\n<p class=\"sub-title2\" style=\"text-align: left;\">CULTURA DE SEGURETAT ALIMENT\u00c0RIA<\/p>\n<p>[\/vc_wp_text][vc_wp_text]<\/p>\n<p style=\"text-align: left;\">La present Pol\u00edtica de qualitat descriu la cultura de seguretat aliment\u00e0ria de la companyia, definint els valors de l\u2019empresa i ajudant l\u2019organitzaci\u00f3 i els seus treballadors i treballadores a prevenir i detectar desviacions en qualsevol part del proc\u00e9s que puguin afectar la seguretat, la qualitat i la legalitat dels seus productes.<\/p>\n<p>[\/vc_wp_text]<div class='spacer display-none-mobile' style='height: 4vh;'><\/div><div class='spacer display-none-desktop' style='height: 15px;'><\/div>[vc_wp_text]<\/p>\n<p class=\"sub-title2\" style=\"text-align: left;\">ENTORN<\/p>\n<p>[\/vc_wp_text][vc_wp_text]<\/p>\n<p style=\"text-align: left;\">Contribuir al progr\u00e9s del seu entorn a trav\u00e9s d\u2019accions socialment responsables.<\/p>\n<p>[\/vc_wp_text]<div class='spacer display-none-mobile' style='height: 4vh;'><\/div><div class='spacer display-none-desktop' style='height: 15px;'><\/div>[vc_wp_text]<\/p>\n<p class=\"sub-title2\" style=\"text-align: left;\">MEDI AMBIENT<\/p>\n<p>[\/vc_wp_text][vc_wp_text]<\/p>\n<p style=\"text-align: left;\">Reduir l\u2019\u00fas de recursos naturals com l\u2019aigua o l\u2019electricitat i prevenir la contaminaci\u00f3 mitjan\u00e7ant la generaci\u00f3 de residus per preservar la sostenibilitat.<\/p>\n<p>[\/vc_wp_text]<div class='spacer display-none-mobile' style='height: 4vh;'><\/div><div class='spacer display-none-desktop' style='height: 15px;'><\/div>[vc_wp_text]<\/p>\n<p class=\"sub-title2\" style=\"text-align: left;\">HIST\u00d2RIA<\/p>\n<p>[\/vc_wp_text][vc_wp_text]<\/p>\n<p style=\"text-align: left;\">Crear valor mitjan\u00e7ant la hist\u00f2ria del mateix celler, per\u00f2 tamb\u00e9 dels nostres clients i prove\u00efdors.<\/p>\n<p>[\/vc_wp_text]<div class='spacer display-none-mobile' style='height: 4vh;'><\/div><div class='spacer display-none-desktop' style='height: 15px;'><\/div>[vc_wp_text]<\/p>\n<p class=\"sub-title2\" style=\"text-align: left;\">PERSONES<\/p>\n<p>[\/vc_wp_text][vc_wp_text]<\/p>\n<p style=\"text-align: left;\">Millorar el benestar de les persones que desenvolupen la seva responsabilitat dins de la companyia, a trav\u00e9s del respecte, la confian\u00e7a i la motivaci\u00f3.<\/p>\n<p>[\/vc_wp_text][\/vc_column_inner][\/vc_row_inner]<div class='spacer display-none-mobile' style='height: 8vh;'><\/div><div class='spacer display-none-desktop' style='height: 30px;'><\/div>[\/vc_column][\/vc_row][vc_row][vc_column][vc_wp_text]<\/p>\n<p style=\"text-align: left;\"><strong>Enfocament al client:<\/strong> Vallformosa<br \/>\n\u00e9s una companyia propera i accessible per a tots els interlocutors (clients, prove\u00efdors, col\u00b7laboradors i consumidors). Les seves marques es comuniquen a trav\u00e9s d\u2019experi\u00e8ncies aut\u00e8ntiques i divertides. L\u2019enfocament al client es destaca com un punt del sistema de qualitat m\u00e9s efectiu. Implica comprendre&#8217;ls a fons, mesurar-ne la satisfacci\u00f3 i garantir que tota l&#8217;organitzaci\u00f3 conegui les seves<br \/>\nnecessitats per alinear esfor\u00e7os i generar m\u00e9s valor. La gesti\u00f3 de qualitat cerca mantenir un nivell desitjat de qualitat per maximitzar la lleialtat del client.<\/p>\n<p>[\/vc_wp_text]<div class='spacer display-none-mobile' style='height: 4vh;'><\/div><div class='spacer display-none-desktop' style='height: 15px;'><\/div>[vc_row_inner el_class=&#8221;politica-privacidad-little-section&#8221;][vc_column_inner][vc_wp_text]<\/p>\n<p class=\"sub-title2\" style=\"text-align: left;\">ORIGEN<\/p>\n<p>[\/vc_wp_text][vc_wp_text]<\/p>\n<p style=\"text-align: left;\">Promocionar i posar en valor la tasca dels viticultors. S\u00f3n l\u2019origen de l\u2019elaboraci\u00f3 dels vins i caves. Per aix\u00f2, els prove\u00efdors de ra\u00efm s\u00f3n el principal valor de la companyia.<\/p>\n<p>[\/vc_wp_text]<div class='spacer display-none-mobile' style='height: 4vh;'><\/div><div class='spacer display-none-desktop' style='height: 15px;'><\/div>[vc_wp_text]<\/p>\n<p class=\"sub-title2\" style=\"text-align: left;\">ACCESSIBLES<\/p>\n<p>[\/vc_wp_text][vc_wp_text]<\/p>\n<p style=\"text-align: left;\">Ser una empresa accessible i propera per a tothom, fent \u00fas de qualsevol canal de comunicaci\u00f3, presencial o no.<\/p>\n<p>[\/vc_wp_text]<div class='spacer display-none-mobile' style='height: 4vh;'><\/div><div class='spacer display-none-desktop' style='height: 15px;'><\/div>[vc_wp_text]<\/p>\n<p class=\"sub-title2\" style=\"text-align: left;\">AUTENTICITAT<\/p>\n<p>[\/vc_wp_text][vc_wp_text]<\/p>\n<p style=\"text-align: left;\">Creaci\u00f3 de marques i productes amb personalitat, pensades per atreure al seu p\u00fablic objectiu.<\/p>\n<p>[\/vc_wp_text]<div class='spacer display-none-mobile' style='height: 4vh;'><\/div><div class='spacer display-none-desktop' style='height: 15px;'><\/div>[vc_wp_text]<\/p>\n<p class=\"sub-title2\" style=\"text-align: left;\">DIVERSI\u00d3<\/p>\n<p>[\/vc_wp_text][vc_wp_text]<\/p>\n<p style=\"text-align: left;\">Generar experi\u00e8ncies divertides al voltant de les marques i els seus productes.<\/p>\n<p>[\/vc_wp_text][\/vc_column_inner][\/vc_row_inner]<div class='spacer display-none-mobile' style='height: 8vh;'><\/div><div class='spacer display-none-desktop' style='height: 30px;'><\/div>[\/vc_column][\/vc_row][vc_row][vc_column][vc_wp_text]<\/p>\n<p style=\"text-align: left;\"><strong>Dinamisme:<\/strong> Capturar i generar nou coneixement (idees, iniciatives, propostes de millora i innovaci\u00f3) i transformar-lo en nous processos, models organitzatius, productes, serveis i models de negoci.<\/p>\n<p>[\/vc_wp_text]<div class='spacer display-none-mobile' style='height: 4vh;'><\/div><div class='spacer display-none-desktop' style='height: 15px;'><\/div>[vc_row_inner el_class=&#8221;politica-privacidad-little-section&#8221;][vc_column_inner][vc_wp_text]<\/p>\n<p class=\"sub-title2\" style=\"text-align: left;\">MILLORA CONT\u00cdNUA<\/p>\n<p>[\/vc_wp_text][vc_wp_text]<\/p>\n<p style=\"text-align: left;\">Creaci\u00f3 de propostes de millora continuada en tots els processos de Vallformosa.<\/p>\n<p>[\/vc_wp_text]<div class='spacer display-none-mobile' style='height: 4vh;'><\/div><div class='spacer display-none-desktop' style='height: 15px;'><\/div>[vc_wp_text]<\/p>\n<p class=\"sub-title2\" style=\"text-align: left;\">INNOVACI\u00d3 DISRUPTIVA<\/p>\n<p>[\/vc_wp_text][vc_wp_text]<\/p>\n<p style=\"text-align: left;\">Promoure la creaci\u00f3 de noves idees per desenvolupar projectes d\u2019innovaci\u00f3 incremental i disruptiva.<\/p>\n<p>[\/vc_wp_text][\/vc_column_inner][\/vc_row_inner]<div class='spacer display-none-mobile' style='height: 8vh;'><\/div><div class='spacer display-none-desktop' style='height: 30px;'><\/div>[\/vc_column][\/vc_row][vc_row][vc_column][vc_wp_text]<\/p>\n<p style=\"text-align: left;\">Per tot aix\u00f2, la Direcci\u00f3 de Vallformosa adquireix el comprom\u00eds de::<\/p>\n<p>[\/vc_wp_text]<div class='spacer display-none-mobile' style='height: 4vh;'><\/div><div class='spacer display-none-desktop' style='height: 15px;'><\/div>[vc_row_inner el_class=&#8221;politica-privacidad-little-section&#8221;][vc_column_inner][vc_wp_text el_class=&#8221;politica-privacidad-lista&#8221;]<\/p>\n<ol>\n<li>Millorar de manera cont\u00ednua els processos productius, les activitats de suport i la compet\u00e8ncia del seu personal amb l\u2019objectiu de millorar la seguretat aliment\u00e0ria i la qualitat dels productes, i disminuir l\u2019\u00fas de recursos naturals com l\u2019aigua o l\u2019electricitat i prevenir la contaminaci\u00f3 com ara la generaci\u00f3 de residus per preservar la sostenibilitat.<\/li>\n<li>Dissenyar processos que redueixin els riscos en termes de seguretat aliment\u00e0ria dels nostres productes i avaluar anticipadament els riscos alimentaris, legals, d\u2019autenticitat, etc., en totes les fases dels nostres processos productius.<\/li>\n<li>Assegurar que la for\u00e7a comercial de l\u2019organitzaci\u00f3 capti, entengui i comuniqui internament les necessitats espec\u00edfiques dels clients actuals i potencials, i utilitzar-ho com a base per definir la cartera de productes i serveis.<\/li>\n<li>Recopilar, analitzar i utilitzar la comunicaci\u00f3 amb els clients en vers la qualitat millora la imatge de la marca, permet aconseguir nous clients, posiciona i relaciona el projecte i l&#8217;organitzaci\u00f3 amb el comprom\u00eds directe amb la qualitat i la seguretat aliment\u00e0ria, cosa que incrementa exponencialment la sensaci\u00f3 de confian\u00e7a.<\/li>\n<li>Fomentar la participaci\u00f3 de tot el personal de l\u2019organitzaci\u00f3 en la millora de la seguretat aliment\u00e0ria i la qualitat del producte, en la millora de les condicions de treball i en la millora del rendiment ambiental.<\/li>\n<li>Millorar els sistemes de control i seguiment dels aspectes ambientals, aix\u00ed com els est\u00e0ndards de seguretat aliment\u00e0ria i qualitat del producte.<\/li>\n<li>Comunicar als prove\u00efdors els compromisos adquirits amb el medi ambient, la seguretat aliment\u00e0ria i la qualitat. Valorar en la seva selecci\u00f3 o manteniment la implantaci\u00f3 de sistemes de gesti\u00f3 del medi ambient, de seguretat aliment\u00e0ria o de qualitat certificats.<\/li>\n<li>Ser un exemple a seguir amb el compliment de les normes de prevenci\u00f3 ambiental, qualitat i seguretat aliment\u00e0ria.<\/li>\n<\/ol>\n<p>[\/vc_wp_text][\/vc_column_inner][\/vc_row_inner]<div class='spacer display-none-mobile' style='height: 4vh;'><\/div><div class='spacer display-none-desktop' style='height: 30px;'><\/div>[\/vc_column][\/vc_row][\/vc_section][vc_row][vc_column]<div class='spacer display-none-mobile' style='height: 5vh;'><\/div><div class='spacer display-none-desktop' style='height: 35px;'><\/div>[\/vc_column][\/vc_row]<\/p>\n<\/div>","protected":false},"excerpt":{"rendered":"<p>[vc_row][vc_column][\/vc_column][\/vc_row][vc_section full_width=&#8221;stretch_row_content&#8221; css=&#8221;.vc_custom_1730371446477{background-color: #fffaee !important;}&#8221; el_class=&#8221;color-1 politica-privacidad-section&#8221;][vc_row][vc_column][vc_wp_text] Pol\u00edtica corporativa [\/vc_wp_text][vc_wp_text]31 d\u2019octubre de 2024 a Vilob\u00ed del Pened\u00e8s[\/vc_wp_text][\/vc_column][\/vc_row][vc_row][vc_column][vc_wp_text] LA NOSTRA MISSI\u00d3 \u00e9s unir les persones, inspirant-les a gaudir de cada dia de manera desenfadada i sense limitacions. Aix\u00f2 significa crear vins i escumosos de qualitat que ens permetin prendre&#8217;ns amb alegria qualsevol moment. Creiem en l&#8217;espontane\u00eftat, [&hellip;]<\/p>\n","protected":false},"author":1,"featured_media":0,"parent":0,"menu_order":0,"comment_status":"closed","ping_status":"open","template":"","meta":{"_acf_changed":false,"footnotes":""},"class_list":["post-2630","page","type-page","status-publish","hentry"],"acf":[],"yoast_head":"<!-- This site is optimized with the Yoast SEO plugin v27.1.1 - https:\/\/yoast.com\/product\/yoast-seo-wordpress\/ -->\n<title>Pol\u00edtica corporativa - Vallformosa<\/title>\n<meta name=\"robots\" content=\"index, follow, max-snippet:-1, max-image-preview:large, max-video-preview:-1\" \/>\n<link rel=\"canonical\" href=\"https:\/\/dev.vallformosa.com\/ca\/politica-corporativa\/\" \/>\n<meta property=\"og:locale\" content=\"ca_ES\" \/>\n<meta property=\"og:type\" content=\"article\" \/>\n<meta property=\"og:title\" content=\"Pol\u00edtica corporativa - Vallformosa\" \/>\n<meta property=\"og:description\" content=\"[vc_row][vc_column][\/vc_column][\/vc_row][vc_section full_width=&#8221;stretch_row_content&#8221; css=&#8221;.vc_custom_1730371446477{background-color: #fffaee !important;}&#8221; el_class=&#8221;color-1 politica-privacidad-section&#8221;][vc_row][vc_column][vc_wp_text] Pol\u00edtica corporativa [\/vc_wp_text][vc_wp_text]31 d\u2019octubre de 2024 a Vilob\u00ed del Pened\u00e8s[\/vc_wp_text][\/vc_column][\/vc_row][vc_row][vc_column][vc_wp_text] LA NOSTRA MISSI\u00d3 \u00e9s unir les persones, inspirant-les a gaudir de cada dia de manera desenfadada i sense limitacions. Aix\u00f2 significa crear vins i escumosos de qualitat que ens permetin prendre&#8217;ns amb alegria qualsevol moment. Creiem en l&#8217;espontane\u00eftat, [&hellip;]\" \/>\n<meta property=\"og:url\" content=\"https:\/\/dev.vallformosa.com\/ca\/politica-corporativa\/\" \/>\n<meta property=\"og:site_name\" content=\"Vallformosa\" \/>\n<meta property=\"article:modified_time\" content=\"2025-04-15T15:08:48+00:00\" \/>\n<meta name=\"twitter:card\" content=\"summary_large_image\" \/>\n<meta name=\"twitter:label1\" content=\"Temps estimat de lectura\" \/>\n\t<meta name=\"twitter:data1\" content=\"5 minuts\" \/>\n<script type=\"application\/ld+json\" class=\"yoast-schema-graph\">{\"@context\":\"https:\/\/schema.org\",\"@graph\":[{\"@type\":\"WebPage\",\"@id\":\"https:\/\/dev.vallformosa.com\/ca\/politica-corporativa\/\",\"url\":\"https:\/\/dev.vallformosa.com\/ca\/politica-corporativa\/\",\"name\":\"Pol\u00edtica corporativa - Vallformosa\",\"isPartOf\":{\"@id\":\"https:\/\/dev.vallformosa.com\/ca\/#website\"},\"datePublished\":\"2024-09-17T14:10:21+00:00\",\"dateModified\":\"2025-04-15T15:08:48+00:00\",\"breadcrumb\":{\"@id\":\"https:\/\/dev.vallformosa.com\/ca\/politica-corporativa\/#breadcrumb\"},\"inLanguage\":\"ca\",\"potentialAction\":[{\"@type\":\"ReadAction\",\"target\":[\"https:\/\/dev.vallformosa.com\/ca\/politica-corporativa\/\"]}]},{\"@type\":\"BreadcrumbList\",\"@id\":\"https:\/\/dev.vallformosa.com\/ca\/politica-corporativa\/#breadcrumb\",\"itemListElement\":[{\"@type\":\"ListItem\",\"position\":1,\"name\":\"Portada\",\"item\":\"https:\/\/dev.vallformosa.com\/ca\/\"},{\"@type\":\"ListItem\",\"position\":2,\"name\":\"Pol\u00edtica corporativa\"}]},{\"@type\":\"WebSite\",\"@id\":\"https:\/\/dev.vallformosa.com\/ca\/#website\",\"url\":\"https:\/\/dev.vallformosa.com\/ca\/\",\"name\":\"Vallformosa\",\"description\":\"\",\"potentialAction\":[{\"@type\":\"SearchAction\",\"target\":{\"@type\":\"EntryPoint\",\"urlTemplate\":\"https:\/\/dev.vallformosa.com\/ca\/?s={search_term_string}\"},\"query-input\":{\"@type\":\"PropertyValueSpecification\",\"valueRequired\":true,\"valueName\":\"search_term_string\"}}],\"inLanguage\":\"ca\"}]}<\/script>\n<!-- \/ Yoast SEO plugin. -->","yoast_head_json":{"title":"Pol\u00edtica corporativa - Vallformosa","robots":{"index":"index","follow":"follow","max-snippet":"max-snippet:-1","max-image-preview":"max-image-preview:large","max-video-preview":"max-video-preview:-1"},"canonical":"https:\/\/dev.vallformosa.com\/ca\/politica-corporativa\/","og_locale":"ca_ES","og_type":"article","og_title":"Pol\u00edtica corporativa - Vallformosa","og_description":"[vc_row][vc_column][\/vc_column][\/vc_row][vc_section full_width=&#8221;stretch_row_content&#8221; css=&#8221;.vc_custom_1730371446477{background-color: #fffaee !important;}&#8221; el_class=&#8221;color-1 politica-privacidad-section&#8221;][vc_row][vc_column][vc_wp_text] Pol\u00edtica corporativa [\/vc_wp_text][vc_wp_text]31 d\u2019octubre de 2024 a Vilob\u00ed del Pened\u00e8s[\/vc_wp_text][\/vc_column][\/vc_row][vc_row][vc_column][vc_wp_text] LA NOSTRA MISSI\u00d3 \u00e9s unir les persones, inspirant-les a gaudir de cada dia de manera desenfadada i sense limitacions. Aix\u00f2 significa crear vins i escumosos de qualitat que ens permetin prendre&#8217;ns amb alegria qualsevol moment. Creiem en l&#8217;espontane\u00eftat, [&hellip;]","og_url":"https:\/\/dev.vallformosa.com\/ca\/politica-corporativa\/","og_site_name":"Vallformosa","article_modified_time":"2025-04-15T15:08:48+00:00","twitter_card":"summary_large_image","twitter_misc":{"Temps estimat de lectura":"5 minuts"},"schema":{"@context":"https:\/\/schema.org","@graph":[{"@type":"WebPage","@id":"https:\/\/dev.vallformosa.com\/ca\/politica-corporativa\/","url":"https:\/\/dev.vallformosa.com\/ca\/politica-corporativa\/","name":"Pol\u00edtica corporativa - Vallformosa","isPartOf":{"@id":"https:\/\/dev.vallformosa.com\/ca\/#website"},"datePublished":"2024-09-17T14:10:21+00:00","dateModified":"2025-04-15T15:08:48+00:00","breadcrumb":{"@id":"https:\/\/dev.vallformosa.com\/ca\/politica-corporativa\/#breadcrumb"},"inLanguage":"ca","potentialAction":[{"@type":"ReadAction","target":["https:\/\/dev.vallformosa.com\/ca\/politica-corporativa\/"]}]},{"@type":"BreadcrumbList","@id":"https:\/\/dev.vallformosa.com\/ca\/politica-corporativa\/#breadcrumb","itemListElement":[{"@type":"ListItem","position":1,"name":"Portada","item":"https:\/\/dev.vallformosa.com\/ca\/"},{"@type":"ListItem","position":2,"name":"Pol\u00edtica corporativa"}]},{"@type":"WebSite","@id":"https:\/\/dev.vallformosa.com\/ca\/#website","url":"https:\/\/dev.vallformosa.com\/ca\/","name":"Vallformosa","description":"","potentialAction":[{"@type":"SearchAction","target":{"@type":"EntryPoint","urlTemplate":"https:\/\/dev.vallformosa.com\/ca\/?s={search_term_string}"},"query-input":{"@type":"PropertyValueSpecification","valueRequired":true,"valueName":"search_term_string"}}],"inLanguage":"ca"}]}},"_links":{"self":[{"href":"https:\/\/dev.vallformosa.com\/ca\/wp-json\/wp\/v2\/pages\/2630","targetHints":{"allow":["GET"]}}],"collection":[{"href":"https:\/\/dev.vallformosa.com\/ca\/wp-json\/wp\/v2\/pages"}],"about":[{"href":"https:\/\/dev.vallformosa.com\/ca\/wp-json\/wp\/v2\/types\/page"}],"author":[{"embeddable":true,"href":"https:\/\/dev.vallformosa.com\/ca\/wp-json\/wp\/v2\/users\/1"}],"replies":[{"embeddable":true,"href":"https:\/\/dev.vallformosa.com\/ca\/wp-json\/wp\/v2\/comments?post=2630"}],"version-history":[{"count":5,"href":"https:\/\/dev.vallformosa.com\/ca\/wp-json\/wp\/v2\/pages\/2630\/revisions"}],"predecessor-version":[{"id":7292,"href":"https:\/\/dev.vallformosa.com\/ca\/wp-json\/wp\/v2\/pages\/2630\/revisions\/7292"}],"wp:attachment":[{"href":"https:\/\/dev.vallformosa.com\/ca\/wp-json\/wp\/v2\/media?parent=2630"}],"curies":[{"name":"wp","href":"https:\/\/api.w.org\/{rel}","templated":true}]}}