{"id":2733,"date":"2024-10-31T12:29:34","date_gmt":"2024-10-31T11:29:34","guid":{"rendered":"https:\/\/dev.vallformosa.com\/politica-envio\/"},"modified":"2025-05-28T09:34:42","modified_gmt":"2025-05-28T07:34:42","slug":"politica-enviament","status":"publish","type":"page","link":"https:\/\/dev.vallformosa.com\/ca\/politica-enviament\/","title":{"rendered":"Pol\u00edtica d&#8217;enviament"},"content":{"rendered":"<div class=\"wpb-content-wrapper\"><p>[vc_row][vc_column]<div class='spacer display-none-mobile' style='height: 18vh;'><\/div><div class='spacer display-none-desktop' style='height: 115px;'><\/div>[\/vc_column][\/vc_row][vc_section full_width=&#8221;stretch_row_content&#8221; css=&#8221;.vc_custom_1730371446477{background-color: #fffaee !important;}&#8221; el_class=&#8221;color-1 politica-privacidad-section&#8221;][vc_row][vc_column][vc_wp_text]<\/p>\n<p class=\"title-title\" style=\"text-align: left;\">Pol\u00edtica d&#8217;enviament<\/p>\n<p>[\/vc_wp_text]<div class='spacer display-none-mobile' style='height: 4vh;'><\/div><div class='spacer display-none-desktop' style='height: 25px;'><\/div>[\/vc_column][\/vc_row][vc_row][vc_column][vc_wp_text]<\/p>\n<p style=\"text-align: left;\">Actualment, la nostra botiga est\u00e0 disponible a quasi tota <strong>Europa<\/strong>.<\/p>\n<p style=\"text-align: left;\">Les comandes es preparen directament des de Barcelona, a trav\u00e9s del nostre partner <strong>ESBO Logistics.<\/strong><\/p>\n<p>&nbsp;<\/p>\n<p style=\"text-align: left;\">Les comandes est\u00e0ndard (a excepci\u00f3 de <strong>Solo Vida<\/strong>) amb destinaci\u00f3 a <strong>Espanya superiors a 29,99\u20ac<\/strong> tenen despeses d&#8217;enviament <strong>gratu\u00eftes<\/strong>. Les comandes <strong>inferiors<\/strong> a 29,99\u20ac tenen unes despeses d&#8217;enviament de<strong> 5\u20ac.<\/strong><\/p>\n<p style=\"text-align: left;\"><strong>Termini de lliurament<\/strong> per a comandes amb destinaci\u00f3 a <strong>Espanya<\/strong>: 3-5 dies h\u00e0bils.<\/p>\n<p>[\/vc_wp_text]<div class='spacer display-none-mobile' style='height: 4vh;'><\/div><div class='spacer display-none-desktop' style='height: 15px;'><\/div>[vc_wp_text]<\/p>\n<p style=\"text-align: left;\">Per a comandes realitzades a <strong>Europa<\/strong>, s\u2019afegiran despeses d&#8217;enviament al seu enc\u00e0rrec segons la seva ubicaci\u00f3.<\/p>\n<p style=\"text-align: left;\"><strong>Termini de lliurament<\/strong> per a comandes amb destinaci\u00f3 a <strong>Europa<\/strong>: 5-7 dies h\u00e0bils (m\u00ednim).<\/p>\n<p style=\"text-align: left;\">Taula de preus segons el pes de la comanda:<\/p>\n<p>[\/vc_wp_text]<div class='spacer display-none-mobile' style='height: 4vh;'><\/div><div class='spacer display-none-desktop' style='height: 15px;'><\/div>[vc_wp_text el_class=&#8221;tabla-politica-envio&#8221;]<\/p>\n<table>\n<thead>\n<tr>\n<th>PA\u00cdS<\/th>\n<th>DESPESES ENVIAMENT (0 \u2013 8 kg)<\/th>\n<th>\u00a0DESPESES ENVIAMENT (+8 kg)<\/th>\n<\/tr>\n<\/thead>\n<tbody>\n<tr>\n<td>Alb\u00e0nia<\/td>\n<td>48,52 \u20ac<\/td>\n<td>114,80 \u20ac<\/td>\n<\/tr>\n<tr>\n<td>Alemanya<\/td>\n<td>14,40 \u20ac<\/td>\n<td>18,98 \u20ac<\/td>\n<\/tr>\n<tr>\n<td>\u00c0ustria<\/td>\n<td>16,34 \u20ac<\/td>\n<td>21,18 \u20ac<\/td>\n<\/tr>\n<tr>\n<td>B\u00e8lgica<\/td>\n<td>16,34 \u20ac<\/td>\n<td>21,18 \u20ac<\/td>\n<\/tr>\n<tr>\n<td>B\u00f2snia i Hercegovina<\/td>\n<td>48,52 \u20ac<\/td>\n<td>114,80 \u20ac<\/td>\n<\/tr>\n<tr>\n<td>Bulg\u00e0ria<\/td>\n<td>37,75 \u20ac<\/td>\n<td>42,11 \u20ac<\/td>\n<\/tr>\n<tr>\n<td>Cro\u00e0cia<\/td>\n<td>37,75 \u20ac<\/td>\n<td>42,11 \u20ac<\/td>\n<\/tr>\n<tr>\n<td>Xipre<\/td>\n<td>48,52 \u20ac<\/td>\n<td>114,80 \u20ac<\/td>\n<\/tr>\n<tr>\n<td>Dinamarca<\/td>\n<td>21,90 \u20ac<\/td>\n<td>26,02 \u20ac<\/td>\n<\/tr>\n<tr>\n<td>Eslov\u00e0quia<\/td>\n<td>21,90 \u20ac<\/td>\n<td>26,02 \u20ac<\/td>\n<\/tr>\n<tr>\n<td>Eslov\u00e8nia<\/td>\n<td>21,90 \u20ac<\/td>\n<td>26,02 \u20ac<\/td>\n<\/tr>\n<tr>\n<td>Est\u00f2nia<\/td>\n<td>37,75 \u20ac<\/td>\n<td>42,11 \u20ac<\/td>\n<\/tr>\n<tr>\n<td>Finl\u00e0ndia<\/td>\n<td>37,75 \u20ac<\/td>\n<td>42,11 \u20ac<\/td>\n<\/tr>\n<tr>\n<td>Fran\u00e7a<\/td>\n<td>14,40 \u20ac<\/td>\n<td>18,98 \u20ac<\/td>\n<\/tr>\n<tr>\n<td>Gr\u00e8cia<\/td>\n<td>37,75 \u20ac<\/td>\n<td>42,11 \u20ac<\/td>\n<\/tr>\n<tr>\n<td>Hongria<\/td>\n<td>37,75 \u20ac<\/td>\n<td>42,11 \u20ac<\/td>\n<\/tr>\n<tr>\n<td>It\u00e0lia<\/td>\n<td>16,34 \u20ac<\/td>\n<td>21,18 \u20ac<\/td>\n<\/tr>\n<tr>\n<td>Let\u00f2nia<\/td>\n<td>37,75 \u20ac<\/td>\n<td>42,11 \u20ac<\/td>\n<\/tr>\n<tr>\n<td>Litu\u00e0nia<\/td>\n<td>37,75 \u20ac<\/td>\n<td>42,11 \u20ac<\/td>\n<\/tr>\n<tr>\n<td>Liechenstein<\/td>\n<td>21,90 \u20ac<\/td>\n<td>26,02 \u20ac<\/td>\n<\/tr>\n<tr>\n<td>Luxemburg<\/td>\n<td>16,34 \u20ac<\/td>\n<td>21,18 \u20ac<\/td>\n<\/tr>\n<tr>\n<td>Maced\u00f2nia<\/td>\n<td>48,52 \u20ac<\/td>\n<td>114,80 \u20ac<\/td>\n<\/tr>\n<tr>\n<td>Malta<\/td>\n<td>48,52 \u20ac<\/td>\n<td>114,80 \u20ac<\/td>\n<\/tr>\n<tr>\n<td>M\u00f2naco<\/td>\n<td>14,40 \u20ac<\/td>\n<td>18,98 \u20ac<\/td>\n<\/tr>\n<tr>\n<td>Montenegro<\/td>\n<td>48,52 \u20ac<\/td>\n<td>114,80 \u20ac<\/td>\n<\/tr>\n<tr>\n<td>Portugal<\/td>\n<td>14,34 \u20ac<\/td>\n<td>17,95 \u20ac<\/td>\n<\/tr>\n<tr>\n<td>Pa\u00efsos Baixos<\/td>\n<td>16,34 \u20ac<\/td>\n<td>21,18 \u20ac<\/td>\n<\/tr>\n<tr>\n<td>Pol\u00f2nia<\/td>\n<td>21,90 \u20ac<\/td>\n<td>26,02 \u20ac<\/td>\n<\/tr>\n<tr>\n<td>Rep\u00fablica Txeca<\/td>\n<td>21,90 \u20ac<\/td>\n<td>26,02 \u20ac<\/td>\n<\/tr>\n<tr>\n<td>Romania<\/td>\n<td>37,75 \u20ac<\/td>\n<td>42,11 \u20ac<\/td>\n<\/tr>\n<tr>\n<td>R\u00fassia<\/td>\n<td>47,92 \u20ac<\/td>\n<td><\/td>\n<\/tr>\n<tr>\n<td>San Marino<\/td>\n<td>16,34 \u20ac<\/td>\n<td>21,18 \u20ac<\/td>\n<\/tr>\n<tr>\n<td>S\u00e8rbia<\/td>\n<td>37,75 \u20ac<\/td>\n<td>42,11 \u20ac<\/td>\n<\/tr>\n<tr>\n<td>Su\u00e8cia<\/td>\n<td>37,75 \u20ac<\/td>\n<td>42,11 \u20ac<\/td>\n<\/tr>\n<tr>\n<td>Vatic\u00e0<\/td>\n<td>16,34 \u20ac<\/td>\n<td>21,18 \u20ac<\/td>\n<\/tr>\n<\/tbody>\n<\/table>\n<p>[\/vc_wp_text]<div class='spacer display-none-mobile' style='height: 8vh;'><\/div><div class='spacer display-none-desktop' style='height: 30px;'><\/div>[\/vc_column][\/vc_row][\/vc_section][vc_row][vc_column]<div class='spacer display-none-mobile' style='height: 5vh;'><\/div><div class='spacer display-none-desktop' style='height: 35px;'><\/div>[\/vc_column][\/vc_row]<\/p>\n<\/div>","protected":false},"excerpt":{"rendered":"<p>[vc_row][vc_column][\/vc_column][\/vc_row][vc_section full_width=&#8221;stretch_row_content&#8221; css=&#8221;.vc_custom_1730371446477{background-color: #fffaee !important;}&#8221; el_class=&#8221;color-1 politica-privacidad-section&#8221;][vc_row][vc_column][vc_wp_text] Pol\u00edtica d&#8217;enviament [\/vc_wp_text][\/vc_column][\/vc_row][vc_row][vc_column][vc_wp_text] Actualment, la nostra botiga est\u00e0 disponible a quasi tota Europa. Les comandes es preparen directament des de Barcelona, a trav\u00e9s del nostre partner ESBO Logistics. &nbsp; Les comandes est\u00e0ndard (a excepci\u00f3 de Solo Vida) amb destinaci\u00f3 a Espanya superiors a 29,99\u20ac tenen despeses d&#8217;enviament gratu\u00eftes. [&hellip;]<\/p>\n","protected":false},"author":2,"featured_media":0,"parent":0,"menu_order":0,"comment_status":"closed","ping_status":"open","template":"","meta":{"_acf_changed":false,"footnotes":""},"class_list":["post-2733","page","type-page","status-publish","hentry"],"acf":[],"yoast_head":"<!-- This site is optimized with the Yoast SEO plugin v27.1.1 - https:\/\/yoast.com\/product\/yoast-seo-wordpress\/ -->\n<title>Pol\u00edtica d&#039;enviament - Vallformosa<\/title>\n<meta name=\"robots\" content=\"index, follow, max-snippet:-1, max-image-preview:large, max-video-preview:-1\" \/>\n<link rel=\"canonical\" href=\"https:\/\/dev.vallformosa.com\/ca\/politica-enviament\/\" \/>\n<meta property=\"og:locale\" content=\"ca_ES\" \/>\n<meta property=\"og:type\" content=\"article\" \/>\n<meta property=\"og:title\" content=\"Pol\u00edtica d&#039;enviament - Vallformosa\" \/>\n<meta property=\"og:description\" content=\"[vc_row][vc_column][\/vc_column][\/vc_row][vc_section full_width=&#8221;stretch_row_content&#8221; css=&#8221;.vc_custom_1730371446477{background-color: #fffaee !important;}&#8221; el_class=&#8221;color-1 politica-privacidad-section&#8221;][vc_row][vc_column][vc_wp_text] Pol\u00edtica d&#8217;enviament [\/vc_wp_text][\/vc_column][\/vc_row][vc_row][vc_column][vc_wp_text] Actualment, la nostra botiga est\u00e0 disponible a quasi tota Europa. Les comandes es preparen directament des de Barcelona, a trav\u00e9s del nostre partner ESBO Logistics. &nbsp; Les comandes est\u00e0ndard (a excepci\u00f3 de Solo Vida) amb destinaci\u00f3 a Espanya superiors a 29,99\u20ac tenen despeses d&#8217;enviament gratu\u00eftes. [&hellip;]\" \/>\n<meta property=\"og:url\" content=\"https:\/\/dev.vallformosa.com\/ca\/politica-enviament\/\" \/>\n<meta property=\"og:site_name\" content=\"Vallformosa\" \/>\n<meta property=\"article:modified_time\" content=\"2025-05-28T07:34:42+00:00\" \/>\n<meta name=\"twitter:card\" content=\"summary_large_image\" \/>\n<meta name=\"twitter:label1\" content=\"Temps estimat de lectura\" \/>\n\t<meta name=\"twitter:data1\" content=\"2 minuts\" \/>\n<script type=\"application\/ld+json\" class=\"yoast-schema-graph\">{\"@context\":\"https:\/\/schema.org\",\"@graph\":[{\"@type\":\"WebPage\",\"@id\":\"https:\/\/dev.vallformosa.com\/ca\/politica-enviament\/\",\"url\":\"https:\/\/dev.vallformosa.com\/ca\/politica-enviament\/\",\"name\":\"Pol\u00edtica d'enviament - Vallformosa\",\"isPartOf\":{\"@id\":\"https:\/\/dev.vallformosa.com\/ca\/#website\"},\"datePublished\":\"2024-10-31T11:29:34+00:00\",\"dateModified\":\"2025-05-28T07:34:42+00:00\",\"breadcrumb\":{\"@id\":\"https:\/\/dev.vallformosa.com\/ca\/politica-enviament\/#breadcrumb\"},\"inLanguage\":\"ca\",\"potentialAction\":[{\"@type\":\"ReadAction\",\"target\":[\"https:\/\/dev.vallformosa.com\/ca\/politica-enviament\/\"]}]},{\"@type\":\"BreadcrumbList\",\"@id\":\"https:\/\/dev.vallformosa.com\/ca\/politica-enviament\/#breadcrumb\",\"itemListElement\":[{\"@type\":\"ListItem\",\"position\":1,\"name\":\"Portada\",\"item\":\"https:\/\/dev.vallformosa.com\/ca\/\"},{\"@type\":\"ListItem\",\"position\":2,\"name\":\"Pol\u00edtica d&#8217;enviament\"}]},{\"@type\":\"WebSite\",\"@id\":\"https:\/\/dev.vallformosa.com\/ca\/#website\",\"url\":\"https:\/\/dev.vallformosa.com\/ca\/\",\"name\":\"Vallformosa\",\"description\":\"\",\"potentialAction\":[{\"@type\":\"SearchAction\",\"target\":{\"@type\":\"EntryPoint\",\"urlTemplate\":\"https:\/\/dev.vallformosa.com\/ca\/?s={search_term_string}\"},\"query-input\":{\"@type\":\"PropertyValueSpecification\",\"valueRequired\":true,\"valueName\":\"search_term_string\"}}],\"inLanguage\":\"ca\"}]}<\/script>\n<!-- \/ Yoast SEO plugin. -->","yoast_head_json":{"title":"Pol\u00edtica d'enviament - Vallformosa","robots":{"index":"index","follow":"follow","max-snippet":"max-snippet:-1","max-image-preview":"max-image-preview:large","max-video-preview":"max-video-preview:-1"},"canonical":"https:\/\/dev.vallformosa.com\/ca\/politica-enviament\/","og_locale":"ca_ES","og_type":"article","og_title":"Pol\u00edtica d'enviament - Vallformosa","og_description":"[vc_row][vc_column][\/vc_column][\/vc_row][vc_section full_width=&#8221;stretch_row_content&#8221; css=&#8221;.vc_custom_1730371446477{background-color: #fffaee !important;}&#8221; el_class=&#8221;color-1 politica-privacidad-section&#8221;][vc_row][vc_column][vc_wp_text] Pol\u00edtica d&#8217;enviament [\/vc_wp_text][\/vc_column][\/vc_row][vc_row][vc_column][vc_wp_text] Actualment, la nostra botiga est\u00e0 disponible a quasi tota Europa. Les comandes es preparen directament des de Barcelona, a trav\u00e9s del nostre partner ESBO Logistics. &nbsp; Les comandes est\u00e0ndard (a excepci\u00f3 de Solo Vida) amb destinaci\u00f3 a Espanya superiors a 29,99\u20ac tenen despeses d&#8217;enviament gratu\u00eftes. [&hellip;]","og_url":"https:\/\/dev.vallformosa.com\/ca\/politica-enviament\/","og_site_name":"Vallformosa","article_modified_time":"2025-05-28T07:34:42+00:00","twitter_card":"summary_large_image","twitter_misc":{"Temps estimat de lectura":"2 minuts"},"schema":{"@context":"https:\/\/schema.org","@graph":[{"@type":"WebPage","@id":"https:\/\/dev.vallformosa.com\/ca\/politica-enviament\/","url":"https:\/\/dev.vallformosa.com\/ca\/politica-enviament\/","name":"Pol\u00edtica d'enviament - Vallformosa","isPartOf":{"@id":"https:\/\/dev.vallformosa.com\/ca\/#website"},"datePublished":"2024-10-31T11:29:34+00:00","dateModified":"2025-05-28T07:34:42+00:00","breadcrumb":{"@id":"https:\/\/dev.vallformosa.com\/ca\/politica-enviament\/#breadcrumb"},"inLanguage":"ca","potentialAction":[{"@type":"ReadAction","target":["https:\/\/dev.vallformosa.com\/ca\/politica-enviament\/"]}]},{"@type":"BreadcrumbList","@id":"https:\/\/dev.vallformosa.com\/ca\/politica-enviament\/#breadcrumb","itemListElement":[{"@type":"ListItem","position":1,"name":"Portada","item":"https:\/\/dev.vallformosa.com\/ca\/"},{"@type":"ListItem","position":2,"name":"Pol\u00edtica d&#8217;enviament"}]},{"@type":"WebSite","@id":"https:\/\/dev.vallformosa.com\/ca\/#website","url":"https:\/\/dev.vallformosa.com\/ca\/","name":"Vallformosa","description":"","potentialAction":[{"@type":"SearchAction","target":{"@type":"EntryPoint","urlTemplate":"https:\/\/dev.vallformosa.com\/ca\/?s={search_term_string}"},"query-input":{"@type":"PropertyValueSpecification","valueRequired":true,"valueName":"search_term_string"}}],"inLanguage":"ca"}]}},"_links":{"self":[{"href":"https:\/\/dev.vallformosa.com\/ca\/wp-json\/wp\/v2\/pages\/2733","targetHints":{"allow":["GET"]}}],"collection":[{"href":"https:\/\/dev.vallformosa.com\/ca\/wp-json\/wp\/v2\/pages"}],"about":[{"href":"https:\/\/dev.vallformosa.com\/ca\/wp-json\/wp\/v2\/types\/page"}],"author":[{"embeddable":true,"href":"https:\/\/dev.vallformosa.com\/ca\/wp-json\/wp\/v2\/users\/2"}],"replies":[{"embeddable":true,"href":"https:\/\/dev.vallformosa.com\/ca\/wp-json\/wp\/v2\/comments?post=2733"}],"version-history":[{"count":9,"href":"https:\/\/dev.vallformosa.com\/ca\/wp-json\/wp\/v2\/pages\/2733\/revisions"}],"predecessor-version":[{"id":7858,"href":"https:\/\/dev.vallformosa.com\/ca\/wp-json\/wp\/v2\/pages\/2733\/revisions\/7858"}],"wp:attachment":[{"href":"https:\/\/dev.vallformosa.com\/ca\/wp-json\/wp\/v2\/media?parent=2733"}],"curies":[{"name":"wp","href":"https:\/\/api.w.org\/{rel}","templated":true}]}}