{"id":3061,"date":"2024-11-05T16:58:39","date_gmt":"2024-11-05T15:58:39","guid":{"rendered":"https:\/\/dev.vallformosa.com\/politica-de-privacidad\/"},"modified":"2025-04-15T17:02:28","modified_gmt":"2025-04-15T15:02:28","slug":"politica-de-privacitat","status":"publish","type":"page","link":"https:\/\/dev.vallformosa.com\/ca\/politica-de-privacitat\/","title":{"rendered":"Pol\u00edtica de privacitat"},"content":{"rendered":"<div class=\"wpb-content-wrapper\"><p>[vc_row][vc_column]<div class='spacer display-none-mobile' style='height: 18vh;'><\/div><div class='spacer display-none-desktop' style='height: 115px;'><\/div>[\/vc_column][\/vc_row]<\/p>\n<p>[vc_section full_width=&#8221;stretch_row_content&#8221; css=&#8221;.vc_custom_1730371446477{background-color: #fffaee !important;}&#8221; el_class=&#8221;color-1 politica-privacidad-section&#8221;][vc_row][vc_column][vc_wp_text]<\/p>\n<p class=\"title-title\" style=\"text-align: left;\">Pol\u00edtica de privacitat<\/p>\n<p>[\/vc_wp_text]<div class='spacer display-none-mobile' style='height: 4vh;'><\/div><div class='spacer display-none-desktop' style='height: 30px;'><\/div>[\/vc_column][\/vc_row][vc_row][vc_column][vc_wp_text]<\/p>\n<p class=\"sub-title2\" style=\"text-align: left;\">1. INFORMACI\u00d3 A L\u2019USUARI<\/p>\n<p>[\/vc_wp_text]<div class='spacer display-none-mobile' style='height: 4vh;'><\/div><div class='spacer display-none-desktop' style='height: 30px;'><\/div>[vc_wp_text]<\/p>\n<p class=\"sub-title2\" style=\"text-align: left;\">Qui \u00e9s el responsable del tractament de les teves dades personals?<\/p>\n<p>[\/vc_wp_text]<div class='spacer display-none-mobile' style='height: 4vh;'><\/div><div class='spacer display-none-desktop' style='height: 30px;'><\/div>[vc_wp_text]<\/p>\n<p style=\"text-align: left;\">MASIA VALLFORMOSA, S.L. \u00e9s el RESPONSABLE del tractament de les dades personals de l\u2019USUARI i l\u2019informa que aquestes dades seran tractades de conformitat amb el que disposa el Reglament (UE) 2016\/679, de 27 d\u2019abril (GDPR), i la Llei Org\u00e0nica 3\/2018, de 5 de desembre (LOPDGDD).<\/p>\n<p>[\/vc_wp_text]<div class='spacer display-none-mobile' style='height: 8vh;'><\/div><div class='spacer display-none-desktop' style='height: 30px;'><\/div>[\/vc_column][\/vc_row][vc_row][vc_column][vc_wp_text]<\/p>\n<p class=\"sub-title2\" style=\"text-align: left;\">Per a qu\u00e8 tractem les teves dades personals i per qu\u00e8 ho fem?<\/p>\n<p>[\/vc_wp_text]<div class='spacer display-none-mobile' style='height: 4vh;'><\/div><div class='spacer display-none-desktop' style='height: 30px;'><\/div>[vc_wp_text]<\/p>\n<p style=\"text-align: left;\">Segons el formulari on h\u00e0gim obtingut les teves dades personals, les tractarem de manera confidencial per assolir els seg\u00fcents fins:<\/p>\n<p>[\/vc_wp_text]<div class='spacer display-none-mobile' style='height: 4vh;'><\/div><div class='spacer display-none-desktop' style='height: 30px;'><\/div>[vc_wp_text]<\/p>\n<p style=\"text-align: left;\"><strong>En el formulari Sortejos i promocions<\/strong><\/p>\n<p>&nbsp;<\/p>\n<ul>\n<li style=\"text-align: left;\">Participar en sorteigs, concursos, promocions o altres serveis oferts pel responsable. (per consentiment de l\u2019interessat, art. 6.1.a GDPR)<\/li>\n<li style=\"text-align: left;\">Enviar comunicacions comercials publicit\u00e0ries per e-mail, fax, SMS, MMS, xarxes socials o qualsevol altre mitj\u00e0 electr\u00f2nic o f\u00edsic, present o futur, que permeti realitzar comunicacions comercials. Aquestes comunicacions seran realitzades pel responsable i estaran relacionades amb els seus productes i serveis, o amb els dels seus col\u00b7laboradors o prove\u00efdors amb els quals hagi arribat a algun acord de promoci\u00f3. En aquest cas, els tercers no tindran mai acc\u00e9s a les dades personals. (per consentiment de l\u2019interessat, art. 6.1.a GDPR)<\/li>\n<\/ul>\n<p>[\/vc_wp_text][vc_wp_text]<\/p>\n<p style=\"text-align: left;\"><strong>En el formulari Contacte<\/strong><\/p>\n<p>&nbsp;<\/p>\n<ul>\n<li style=\"text-align: left;\">Donar resposta a les consultes o qualsevol tipus de petici\u00f3 que l\u2019usuari faci a trav\u00e9s de qualsevol de les formes de contacte que es posen a la seva disposici\u00f3 en la p\u00e0gina web del responsable. (per l\u2019inter\u00e8s leg\u00edtim del responsable, art. 6.1.f GDPR)<\/li>\n<li style=\"text-align: left;\">Enviar comunicacions comercials publicit\u00e0ries per e-mail, fax, SMS, MMS, xarxes socials o qualsevol altre mitj\u00e0 electr\u00f2nic o f\u00edsic, present o futur, que permeti realitzar comunicacions comercials. Aquestes comunicacions seran realitzades pel responsable i estaran relacionades amb els seus productes i serveis, o amb els dels seus col\u00b7laboradors o prove\u00efdors amb els quals hagi arribat a algun acord de promoci\u00f3. En aquest cas, els tercers no tindran mai acc\u00e9s a les dades personals. (per consentiment de l\u2019interessat, art. 6.1.a GDPR)<\/li>\n<li style=\"text-align: left;\">Realitzar an\u00e0lisis estad\u00edstics i estudis de mercat. (per l\u2019inter\u00e8s leg\u00edtim del responsable, art. 6.1.f GDPR)<\/li>\n<\/ul>\n<p>[\/vc_wp_text][vc_wp_text]<\/p>\n<p style=\"text-align: left;\"><strong>En el formulari Newsletter<\/strong><\/p>\n<p>&nbsp;<\/p>\n<ul>\n<li>Enviar butlletins informatius, novetats, ofertes i promocions en l\u00ednia. (per consentiment de l\u2019interessat, art. 6.1.a GDPR)<\/li>\n<\/ul>\n<p>[\/vc_wp_text][vc_wp_text]<\/p>\n<p style=\"text-align: left;\"><strong>En el formulari Curr\u00edculum<\/strong><\/p>\n<p>&nbsp;<\/p>\n<ul>\n<li>Participar en els processos de selecci\u00f3 de personal i analitzar el perfil del sol\u00b7licitant amb l\u2019objectiu de seleccionar un candidat per al lloc vacant del responsable. (per consentiment de l\u2019interessat, art. 6.1.a GDPR)<\/li>\n<\/ul>\n<p>[\/vc_wp_text][vc_wp_text]<\/p>\n<p style=\"text-align: left;\"><strong>En el formulari E-commerce<\/strong><\/p>\n<p>&nbsp;<\/p>\n<ul>\n<li style=\"text-align: left;\">Gestionar la compra o comanda en l\u00ednia, processar el pagament i procedir a l\u2019enviament o activaci\u00f3 del mateix, d\u2019acord amb les condicions generals de contractaci\u00f3. (per a l\u2019execuci\u00f3 d\u2019un contracte o precontracte, art. 6.1.b GDPR)<\/li>\n<li style=\"text-align: left;\">Gestionar, mantenir, millorar o desenvolupar els serveis prestats. (per a l\u2019execuci\u00f3 d\u2019un contracte o precontracte, art. 6.1.b GDPR)<\/li>\n<li style=\"text-align: left;\">Realitzar enquestes de satisfacci\u00f3 i qualitat. (per l\u2019inter\u00e8s leg\u00edtim del responsable, art. 6.1.f GDPR)<\/li>\n<\/ul>\n<p>[\/vc_wp_text]<div class='spacer display-none-mobile' style='height: 8vh;'><\/div><div class='spacer display-none-desktop' style='height: 30px;'><\/div>[\/vc_column][\/vc_row][vc_row][vc_column][vc_wp_text]<\/p>\n<p class=\"sub-title2\" style=\"text-align: left;\">Durant quant de temps guardarem les seves dades personals?<\/p>\n<p>[\/vc_wp_text]<div class='spacer display-none-mobile' style='height: 4vh;'><\/div><div class='spacer display-none-desktop' style='height: 30px;'><\/div>[vc_wp_text]<\/p>\n<p style=\"text-align: left;\">Les dades es conservaran durant el temps necessari per mantenir el fi del tractament o mentre existeixin prescripcions legals que dictaminin la seva cust\u00f2dia, i quan ja no siguin necess\u00e0ries, s&#8217;eliminaran amb mesures de seguretat adequades per garantir-ne l&#8217;anonimitzaci\u00f3 o la destrucci\u00f3 total.<\/p>\n<p>[\/vc_wp_text]<div class='spacer display-none-mobile' style='height: 8vh;'><\/div><div class='spacer display-none-desktop' style='height: 30px;'><\/div>[\/vc_column][\/vc_row][vc_row][vc_column][vc_wp_text]<\/p>\n<p class=\"sub-title2\" style=\"text-align: left;\">A qui facilitem les seves dades personals?<\/p>\n<p>[\/vc_wp_text]<div class='spacer display-none-mobile' style='height: 4vh;'><\/div><div class='spacer display-none-desktop' style='height: 30px;'><\/div>[vc_wp_text]<\/p>\n<p style=\"text-align: left;\">No est\u00e0 prevista cap comunicaci\u00f3 de dades personals a tercers excepte si fos necessari per al desenvolupament i execuci\u00f3 de les finalitats del tractament, a prove\u00efdors de serveis relacionats amb comunicacions, amb els quals el RESPONSABLE t\u00e9 subscrits els contractes de confidencialitat i d&#8217;encarregat del tractament exigits per la normativa vigent de privacitat.<\/p>\n<p>[\/vc_wp_text]<div class='spacer display-none-mobile' style='height: 8vh;'><\/div><div class='spacer display-none-desktop' style='height: 30px;'><\/div>[\/vc_column][\/vc_row][vc_row][vc_column][vc_wp_text]<\/p>\n<p class=\"sub-title2\" style=\"text-align: left;\">Quins s\u00f3n els seus drets?<\/p>\n<p>[\/vc_wp_text]<div class='spacer display-none-mobile' style='height: 4vh;'><\/div><div class='spacer display-none-desktop' style='height: 30px;'><\/div>[vc_wp_text]Els drets que assisteixen a l&#8217;USUARI s\u00f3n:<\/p>\n<ul>\n<li style=\"text-align: left;\">Dret a retirar el consentiment en qualsevol moment.<\/li>\n<li style=\"font-weight: 400;\" aria-level=\"1\"><span style=\"font-weight: 400;\">Dret d&#8217;acc\u00e9s, rectificaci\u00f3, portabilitat i supressi\u00f3 de les seves dades, aix\u00ed com de limitaci\u00f3 o oposici\u00f3 al seu tractament.<\/span><\/li>\n<li style=\"text-align: left;\">Dret a presentar una reclamaci\u00f3 davant l\u2019autoritat de control (www.aepd.es) si considera que el tractament no s&#8217;ajusta a la normativa vigent.<\/li>\n<\/ul>\n<p>Dades de contacte per exercir els seus drets:<\/p>\n<p>MASIA VALLFORMOSA, S.L. Carrer La Sala, 45 &#8211; 08735 Vilob\u00ed del Pened\u00e8s (Barcelona). E-mail: <strong>privacy@dev.vallformosa.com<\/strong>[\/vc_wp_text]<div class='spacer display-none-mobile' style='height: 8vh;'><\/div><div class='spacer display-none-desktop' style='height: 30px;'><\/div>[\/vc_column][\/vc_row][vc_row][vc_column][vc_wp_text]<\/p>\n<p class=\"sub-title2\" style=\"text-align: left;\">2. CAR\u00c0CTER OBLIGATORI O FACULTATIU DE LA INFORMACI\u00d3 FACILITADA PER L\u2019USUARI<\/p>\n<p>[\/vc_wp_text]<div class='spacer display-none-mobile' style='height: 4vh;'><\/div><div class='spacer display-none-desktop' style='height: 30px;'><\/div>[vc_wp_text]<\/p>\n<p style=\"text-align: left;\">Els USUARIS, mitjan\u00e7ant la marcaci\u00f3 de les caselles corresponents i l&#8217;entrada de dades en els camps assenyalats amb un asterisc (*) en el formulari de contacte o en formularis de desc\u00e0rrega, accepten de manera expressa, lliure i inequ\u00edvoca que les seves dades s\u00f3n necess\u00e0ries per atendre la seva petici\u00f3, essent volunt\u00e0ria la inclusi\u00f3 de dades en els camps restants. L&#8217;USUARI garanteix que les dades personals facilitades al RESPONSABLE s\u00f3n veraces i es compromet a comunicar qualsevol modificaci\u00f3 d\u2019aquestes.<\/p>\n<p>&nbsp;<\/p>\n<p style=\"text-align: left;\">El RESPONSABLE informa que totes les dades sol\u00b7licitades a trav\u00e9s del lloc web s\u00f3n obligat\u00f2ries, ja que s\u00f3n necess\u00e0ries per a una prestaci\u00f3 \u00f2ptima del servei a l&#8217;USUARI. En cas de no facilitar totes les dades, no es garanteix que la informaci\u00f3 i els serveis facilitats s\u2019ajustin completament a les seves necessitats.<\/p>\n<p>[\/vc_wp_text]<div class='spacer display-none-mobile' style='height: 8vh;'><\/div><div class='spacer display-none-desktop' style='height: 30px;'><\/div>[\/vc_column][\/vc_row][vc_row][vc_column][vc_wp_text]<\/p>\n<p class=\"sub-title2\" style=\"text-align: left;\">3. MESURES DE SEGURETAT<\/p>\n<p>[\/vc_wp_text]<div class='spacer display-none-mobile' style='height: 4vh;'><\/div><div class='spacer display-none-desktop' style='height: 30px;'><\/div>[vc_wp_text]<\/p>\n<p style=\"text-align: left;\">D\u2019acord amb el que disposen les normatives vigents en protecci\u00f3 de dades personals, el RESPONSABLE compleix amb totes les disposicions del GDPR i la LOPDGDD per al tractament de les dades personals sota la seva responsabilitat, i manifesta complir amb els principis descrits a l\u2019article 5 del GDPR, pels quals les dades s\u00f3n tractades de manera l\u00edcita, lleial i transparent en relaci\u00f3 amb l\u2019interessat, aix\u00ed com de manera adequada, pertinent i limitada al que \u00e9s necessari en relaci\u00f3 amb les finalitats per a les quals s\u00f3n tractades.<\/p>\n<p>&nbsp;<\/p>\n<p style=\"text-align: left;\">El RESPONSABLE garanteix que ha implementat pol\u00edtiques t\u00e8cniques i organitzatives apropiades per aplicar les mesures de seguretat establertes pel GDPR i la LOPDGDD, amb l\u2019objectiu de protegir els drets i llibertats dels USUARIS, i els ha proporcionat la informaci\u00f3 adequada perqu\u00e8 puguin exercir-los.<\/p>\n<p>&nbsp;<\/p>\n<p style=\"text-align: left;\">Per a m\u00e9s informaci\u00f3 sobre les garanties de privacitat, podeu dirigir-vos al RESPONSABLE a trav\u00e9s de MASIA VALLFORMOSA, S.L., Carrer La Sala, 45 &#8211; 08735 Vilob\u00ed del Pened\u00e8s (Barcelona). E-mail: privacy@dev.vallformosa.com<\/p>\n<p>[\/vc_wp_text]<div class='spacer display-none-mobile' style='height: 8vh;'><\/div><div class='spacer display-none-desktop' style='height: 30px;'><\/div>[\/vc_column][\/vc_row][\/vc_section][vc_row][vc_column]<div class='spacer display-none-mobile' style='height: 5vh;'><\/div><div class='spacer display-none-desktop' style='height: 35px;'><\/div>[\/vc_column][\/vc_row]<\/p>\n<\/div>","protected":false},"excerpt":{"rendered":"<p>[vc_row][vc_column][\/vc_column][\/vc_row] [vc_section full_width=&#8221;stretch_row_content&#8221; css=&#8221;.vc_custom_1730371446477{background-color: #fffaee !important;}&#8221; el_class=&#8221;color-1 politica-privacidad-section&#8221;][vc_row][vc_column][vc_wp_text] Pol\u00edtica de privacitat [\/vc_wp_text][\/vc_column][\/vc_row][vc_row][vc_column][vc_wp_text] 1. INFORMACI\u00d3 A L\u2019USUARI [\/vc_wp_text][vc_wp_text] Qui \u00e9s el responsable del tractament de les teves dades personals? [\/vc_wp_text][vc_wp_text] MASIA VALLFORMOSA, S.L. \u00e9s el RESPONSABLE del tractament de les dades personals de l\u2019USUARI i l\u2019informa que aquestes dades seran tractades de conformitat amb el que [&hellip;]<\/p>\n","protected":false},"author":6,"featured_media":0,"parent":0,"menu_order":0,"comment_status":"closed","ping_status":"open","template":"","meta":{"_acf_changed":false,"footnotes":""},"class_list":["post-3061","page","type-page","status-publish","hentry"],"acf":[],"yoast_head":"<!-- This site is optimized with the Yoast SEO plugin v27.1.1 - https:\/\/yoast.com\/product\/yoast-seo-wordpress\/ -->\n<title>Pol\u00edtica de privacitat - Vallformosa<\/title>\n<meta name=\"robots\" content=\"index, follow, max-snippet:-1, max-image-preview:large, max-video-preview:-1\" \/>\n<link rel=\"canonical\" href=\"https:\/\/dev.vallformosa.com\/ca\/politica-de-privacitat\/\" \/>\n<meta property=\"og:locale\" content=\"ca_ES\" \/>\n<meta property=\"og:type\" content=\"article\" \/>\n<meta property=\"og:title\" content=\"Pol\u00edtica de privacitat - Vallformosa\" \/>\n<meta property=\"og:description\" content=\"[vc_row][vc_column][\/vc_column][\/vc_row] [vc_section full_width=&#8221;stretch_row_content&#8221; css=&#8221;.vc_custom_1730371446477{background-color: #fffaee !important;}&#8221; el_class=&#8221;color-1 politica-privacidad-section&#8221;][vc_row][vc_column][vc_wp_text] Pol\u00edtica de privacitat [\/vc_wp_text][\/vc_column][\/vc_row][vc_row][vc_column][vc_wp_text] 1. INFORMACI\u00d3 A L\u2019USUARI [\/vc_wp_text][vc_wp_text] Qui \u00e9s el responsable del tractament de les teves dades personals? [\/vc_wp_text][vc_wp_text] MASIA VALLFORMOSA, S.L. \u00e9s el RESPONSABLE del tractament de les dades personals de l\u2019USUARI i l\u2019informa que aquestes dades seran tractades de conformitat amb el que [&hellip;]\" \/>\n<meta property=\"og:url\" content=\"https:\/\/dev.vallformosa.com\/ca\/politica-de-privacitat\/\" \/>\n<meta property=\"og:site_name\" content=\"Vallformosa\" \/>\n<meta property=\"article:modified_time\" content=\"2025-04-15T15:02:28+00:00\" \/>\n<meta name=\"twitter:card\" content=\"summary_large_image\" \/>\n<meta name=\"twitter:label1\" content=\"Temps estimat de lectura\" \/>\n\t<meta name=\"twitter:data1\" content=\"5 minuts\" \/>\n<script type=\"application\/ld+json\" class=\"yoast-schema-graph\">{\"@context\":\"https:\/\/schema.org\",\"@graph\":[{\"@type\":\"WebPage\",\"@id\":\"https:\/\/dev.vallformosa.com\/ca\/politica-de-privacitat\/\",\"url\":\"https:\/\/dev.vallformosa.com\/ca\/politica-de-privacitat\/\",\"name\":\"Pol\u00edtica de privacitat - Vallformosa\",\"isPartOf\":{\"@id\":\"https:\/\/dev.vallformosa.com\/ca\/#website\"},\"datePublished\":\"2024-11-05T15:58:39+00:00\",\"dateModified\":\"2025-04-15T15:02:28+00:00\",\"breadcrumb\":{\"@id\":\"https:\/\/dev.vallformosa.com\/ca\/politica-de-privacitat\/#breadcrumb\"},\"inLanguage\":\"ca\",\"potentialAction\":[{\"@type\":\"ReadAction\",\"target\":[\"https:\/\/dev.vallformosa.com\/ca\/politica-de-privacitat\/\"]}]},{\"@type\":\"BreadcrumbList\",\"@id\":\"https:\/\/dev.vallformosa.com\/ca\/politica-de-privacitat\/#breadcrumb\",\"itemListElement\":[{\"@type\":\"ListItem\",\"position\":1,\"name\":\"Portada\",\"item\":\"https:\/\/dev.vallformosa.com\/ca\/\"},{\"@type\":\"ListItem\",\"position\":2,\"name\":\"Pol\u00edtica de privacitat\"}]},{\"@type\":\"WebSite\",\"@id\":\"https:\/\/dev.vallformosa.com\/ca\/#website\",\"url\":\"https:\/\/dev.vallformosa.com\/ca\/\",\"name\":\"Vallformosa\",\"description\":\"\",\"potentialAction\":[{\"@type\":\"SearchAction\",\"target\":{\"@type\":\"EntryPoint\",\"urlTemplate\":\"https:\/\/dev.vallformosa.com\/ca\/?s={search_term_string}\"},\"query-input\":{\"@type\":\"PropertyValueSpecification\",\"valueRequired\":true,\"valueName\":\"search_term_string\"}}],\"inLanguage\":\"ca\"}]}<\/script>\n<!-- \/ Yoast SEO plugin. -->","yoast_head_json":{"title":"Pol\u00edtica de privacitat - Vallformosa","robots":{"index":"index","follow":"follow","max-snippet":"max-snippet:-1","max-image-preview":"max-image-preview:large","max-video-preview":"max-video-preview:-1"},"canonical":"https:\/\/dev.vallformosa.com\/ca\/politica-de-privacitat\/","og_locale":"ca_ES","og_type":"article","og_title":"Pol\u00edtica de privacitat - Vallformosa","og_description":"[vc_row][vc_column][\/vc_column][\/vc_row] [vc_section full_width=&#8221;stretch_row_content&#8221; css=&#8221;.vc_custom_1730371446477{background-color: #fffaee !important;}&#8221; el_class=&#8221;color-1 politica-privacidad-section&#8221;][vc_row][vc_column][vc_wp_text] Pol\u00edtica de privacitat [\/vc_wp_text][\/vc_column][\/vc_row][vc_row][vc_column][vc_wp_text] 1. INFORMACI\u00d3 A L\u2019USUARI [\/vc_wp_text][vc_wp_text] Qui \u00e9s el responsable del tractament de les teves dades personals? [\/vc_wp_text][vc_wp_text] MASIA VALLFORMOSA, S.L. \u00e9s el RESPONSABLE del tractament de les dades personals de l\u2019USUARI i l\u2019informa que aquestes dades seran tractades de conformitat amb el que [&hellip;]","og_url":"https:\/\/dev.vallformosa.com\/ca\/politica-de-privacitat\/","og_site_name":"Vallformosa","article_modified_time":"2025-04-15T15:02:28+00:00","twitter_card":"summary_large_image","twitter_misc":{"Temps estimat de lectura":"5 minuts"},"schema":{"@context":"https:\/\/schema.org","@graph":[{"@type":"WebPage","@id":"https:\/\/dev.vallformosa.com\/ca\/politica-de-privacitat\/","url":"https:\/\/dev.vallformosa.com\/ca\/politica-de-privacitat\/","name":"Pol\u00edtica de privacitat - Vallformosa","isPartOf":{"@id":"https:\/\/dev.vallformosa.com\/ca\/#website"},"datePublished":"2024-11-05T15:58:39+00:00","dateModified":"2025-04-15T15:02:28+00:00","breadcrumb":{"@id":"https:\/\/dev.vallformosa.com\/ca\/politica-de-privacitat\/#breadcrumb"},"inLanguage":"ca","potentialAction":[{"@type":"ReadAction","target":["https:\/\/dev.vallformosa.com\/ca\/politica-de-privacitat\/"]}]},{"@type":"BreadcrumbList","@id":"https:\/\/dev.vallformosa.com\/ca\/politica-de-privacitat\/#breadcrumb","itemListElement":[{"@type":"ListItem","position":1,"name":"Portada","item":"https:\/\/dev.vallformosa.com\/ca\/"},{"@type":"ListItem","position":2,"name":"Pol\u00edtica de privacitat"}]},{"@type":"WebSite","@id":"https:\/\/dev.vallformosa.com\/ca\/#website","url":"https:\/\/dev.vallformosa.com\/ca\/","name":"Vallformosa","description":"","potentialAction":[{"@type":"SearchAction","target":{"@type":"EntryPoint","urlTemplate":"https:\/\/dev.vallformosa.com\/ca\/?s={search_term_string}"},"query-input":{"@type":"PropertyValueSpecification","valueRequired":true,"valueName":"search_term_string"}}],"inLanguage":"ca"}]}},"_links":{"self":[{"href":"https:\/\/dev.vallformosa.com\/ca\/wp-json\/wp\/v2\/pages\/3061","targetHints":{"allow":["GET"]}}],"collection":[{"href":"https:\/\/dev.vallformosa.com\/ca\/wp-json\/wp\/v2\/pages"}],"about":[{"href":"https:\/\/dev.vallformosa.com\/ca\/wp-json\/wp\/v2\/types\/page"}],"author":[{"embeddable":true,"href":"https:\/\/dev.vallformosa.com\/ca\/wp-json\/wp\/v2\/users\/6"}],"replies":[{"embeddable":true,"href":"https:\/\/dev.vallformosa.com\/ca\/wp-json\/wp\/v2\/comments?post=3061"}],"version-history":[{"count":8,"href":"https:\/\/dev.vallformosa.com\/ca\/wp-json\/wp\/v2\/pages\/3061\/revisions"}],"predecessor-version":[{"id":7281,"href":"https:\/\/dev.vallformosa.com\/ca\/wp-json\/wp\/v2\/pages\/3061\/revisions\/7281"}],"wp:attachment":[{"href":"https:\/\/dev.vallformosa.com\/ca\/wp-json\/wp\/v2\/media?parent=3061"}],"curies":[{"name":"wp","href":"https:\/\/api.w.org\/{rel}","templated":true}]}}