{"id":3321,"date":"2024-11-06T10:18:46","date_gmt":"2024-11-06T09:18:46","guid":{"rendered":"https:\/\/dev.vallformosa.com\/politica-de-reembolso\/"},"modified":"2025-04-15T17:17:45","modified_gmt":"2025-04-15T15:17:45","slug":"politica-de-reemborsament","status":"publish","type":"page","link":"https:\/\/dev.vallformosa.com\/ca\/politica-de-reemborsament\/","title":{"rendered":"Pol\u00edtica de reemborsament"},"content":{"rendered":"<div class=\"wpb-content-wrapper\"><p>[vc_row][vc_column]<div class='spacer display-none-mobile' style='height: 18vh;'><\/div><div class='spacer display-none-desktop' style='height: 115px;'><\/div>[\/vc_column][\/vc_row][vc_section full_width=&#8221;stretch_row_content&#8221; css=&#8221;.vc_custom_1730371446477{background-color: #fffaee !important;}&#8221; el_class=&#8221;color-1 politica-privacidad-section&#8221;][vc_row][vc_column][vc_wp_text]<\/p>\n<p class=\"title-title\" style=\"text-align: left;\">Pol\u00edtica de reemborsament<\/p>\n<p>[\/vc_wp_text]<div class='spacer display-none-mobile' style='height: 4vh;'><\/div><div class='spacer display-none-desktop' style='height: 30px;'><\/div>[\/vc_column][\/vc_row][vc_row][vc_column][vc_wp_text]<\/p>\n<p class=\"sub-title2\" style=\"text-align: left;\">5.1 CONDICIONS GENERALS DE DEVOLUCI\u00d3<\/p>\n<p>[\/vc_wp_text]<div class='spacer display-none-mobile' style='height: 4vh;'><\/div><div class='spacer display-none-desktop' style='height: 30px;'><\/div>[vc_wp_text]<\/p>\n<p style=\"text-align: left;\">D\u2019acord amb el que estableix el Reial decret legislatiu 1\/2007, de 16 de novembre, pel qual s\u2019aprova el text ref\u00f3s de la Llei General per a la Defensa dels Consumidors i Usuaris, el Client disposa d\u2019un termini de desistiment de 15 (quinze) dies naturals a partir de la recepci\u00f3 de la mercaderia, i ha d\u2019enviar un correu electr\u00f2nic a hola@dev.vallformosa.com amb l\u2019assumpte \u201cDevolucions\u201d. El producte s\u2019haur\u00e0 de retornar en un termini de 14 dies despr\u00e9s de la notificaci\u00f3 de desistiment.<\/p>\n<p>&nbsp;<\/p>\n<p style=\"text-align: left;\">Nom\u00e9s ser\u00e0 responsable de la disminuci\u00f3 del valor dels b\u00e9ns resultant d\u2019una manipulaci\u00f3 diferent de la necess\u00e0ria per establir la naturalesa, les caracter\u00edstiques i el funcionament dels b\u00e9ns. \u00c9s obligatori retornar els productes correctament protegits, en el seu embalatge original i en perfecte estat per a la seva venda posterior.<\/p>\n<p>&nbsp;<\/p>\n<p style=\"text-align: left;\">No s\u2019acceptar\u00e0 cap paquet que manqui de qualsevol dels elements d\u2019identificaci\u00f3 del remitent (nom, cognoms, adre\u00e7a, n\u00famero de comanda). La devoluci\u00f3 dels productes o serveis sol\u00b7licitats donar\u00e0 lloc al reemborsament de la totalitat de les quantitats abonades pel Client.<\/p>\n<p>&nbsp;<\/p>\n<p style=\"text-align: left;\">Aquests imports es reintegraran a l\u2019usuari en un termini m\u00e0xim de 14 (catorze) dies despr\u00e9s de la recepci\u00f3 de la comanda a les instal\u00b7lacions de VALLFORMOSA. Els reemborsaments de les quantitats pagades es realitzaran sempre mitjan\u00e7ant el mateix m\u00e8tode de pagament utilitzat pel Client.<\/p>\n<p>&nbsp;<\/p>\n<p style=\"text-align: left;\">En tots els casos, s\u2019enviar\u00e0 un correu electr\u00f2nic al Client informant-lo del reemborsament.<\/p>\n<p>&nbsp;<\/p>\n<p style=\"text-align: left;\">Com a norma general, les despeses de devoluci\u00f3 van a c\u00e0rrec del Client. Queden excloses d\u2019aquest cas aquelles devolucions que es derivin d\u2019un error de VALLFORMOSA o d\u2019algun defecte del producte, en el qual cas s\u2019aplicar\u00e0 el que s\u2019indica a la cl\u00e0usula 5.3 seg\u00fcent.<\/p>\n<p>&nbsp;<\/p>\n<p style=\"text-align: left;\">No s\u2019acceptaran enviaments contra reemborsament.<\/p>\n<p>&nbsp;<\/p>\n<p style=\"text-align: left;\">De conformitat amb la legislaci\u00f3 banc\u00e0ria, no es podran efectuar reemborsaments en targetes de cr\u00e8dit la data de caducitat de les quals hagi ven\u00e7ut. En aquest cas, VALLFORMOSA es reserva el dret de sol\u00b7licitar al Client totes les dades necess\u00e0ries per efectuar el reemborsament corresponent.<\/p>\n<p>[\/vc_wp_text]<div class='spacer display-none-mobile' style='height: 8vh;'><\/div><div class='spacer display-none-desktop' style='height: 30px;'><\/div>[\/vc_column][\/vc_row][vc_row][vc_column][vc_wp_text]<\/p>\n<p class=\"sub-title2\" style=\"text-align: left;\">5.2 COM CANCEL\u00b7LAR LA TEVA COMANDA<\/p>\n<p>[\/vc_wp_text]<div class='spacer display-none-mobile' style='height: 4vh;'><\/div><div class='spacer display-none-desktop' style='height: 30px;'><\/div>[vc_wp_text]<\/p>\n<p style=\"text-align: left;\">Si ja has fet la compra i vols cancel\u00b7lar la teva comanda, sempre que encara no l\u2019hagis rebut, posa\u2019t en contacte immediatament amb <strong>hola@dev.vallformosa.com <\/strong>o truca al n\u00famero de tel\u00e8fon <strong>(+34) 938 978 286.<\/strong><\/p>\n<p>&nbsp;<\/p>\n<p style=\"text-align: left;\">En cas que la comanda no hagi estat enviada, es procedir\u00e0 a cancel\u00b7lar-la i es retornar\u00e0 \u00edntegrament l&#8217;import de la compra pel mateix mitj\u00e0 amb qu\u00e8 vas efectuar el pagament.<\/p>\n<p>&nbsp;<\/p>\n<p style=\"text-align: left;\">Si el paquet ja ha estat enviat, haur\u00e0s d\u2019esperar a rebre\u2019l per poder fer la devoluci\u00f3 d\u2019acord amb el que s&#8217;estableix en aquestes Condicions Generals de Compra.<\/p>\n<p>[\/vc_wp_text]<div class='spacer display-none-mobile' style='height: 8vh;'><\/div><div class='spacer display-none-desktop' style='height: 30px;'><\/div>[\/vc_column][\/vc_row][vc_row][vc_column][vc_wp_text]<\/p>\n<p class=\"sub-title2\" style=\"text-align: left;\">5.3 PRODUCTE O COMANDA DEFECTU\u00d3S<\/p>\n<p>[\/vc_wp_text]<div class='spacer display-none-mobile' style='height: 4vh;'><\/div><div class='spacer display-none-desktop' style='height: 30px;'><\/div>[vc_wp_text]<\/p>\n<p style=\"text-align: left;\">A VALLFORMOSA realitzem tastos dels lots que servim regularment i tenim una alta rotaci\u00f3 de producte, cosa que ens permet detectar qualsevol anomalia. \u00c9s possible, per\u00f2, que alguna ampolla no arribi en bones condicions al seu dest\u00ed. En aquest cas, la substituirem per una altra sense cap cost, sense perjudici del que s&#8217;indica a la cl\u00e0usula 5.1 anterior.<\/p>\n<p>&nbsp;<\/p>\n<p style=\"text-align: left;\">VALLFORMOSA es compromet a canviar el producte defectu\u00f3s per un d&#8217;igual o a reintegrar l&#8217;import, assumint les despeses de devoluci\u00f3 i posterior enviament si escau.<\/p>\n<p>&nbsp;<\/p>\n<p style=\"text-align: left;\">L&#8217;embalatge d&#8217;enviament est\u00e0 dissenyat per evitar trencaments, i els nostres col\u00b7laboradors coneixen b\u00e9 la fragilitat del producte.<\/p>\n<p>&nbsp;<\/p>\n<p style=\"text-align: left;\">Quan rebis el teu paquet, segueix els passos seg\u00fcents:<\/p>\n<ul>\n<li style=\"text-align: left;\">Comprova la conformitat de la mercaderia en el moment del lliurament.<\/li>\n<li style=\"text-align: left;\">Anota qualsevol anomalia en l\u2019albar\u00e0 de lliurament, fent constar les teves reserves o comentaris juntament amb la teva signatura.<\/li>\n<\/ul>\n<p>&nbsp;<\/p>\n<p style=\"text-align: left;\">Els prove\u00efdors de transport no permeten la devoluci\u00f3 de la mercaderia si el Client l\u2019obre en pres\u00e8ncia seva, per\u00f2 pots revisar la caixa des de l&#8217;exterior i, si detectes que est\u00e0 humida o molla, no acceptis la comanda. L&#8217;ag\u00e8ncia de transports ens notificar\u00e0 la incid\u00e8ncia, i enviarem un nou enviament sense cap cost addicional.<\/p>\n<p>&nbsp;<\/p>\n<p style=\"text-align: left;\">En qualsevol cas, aquesta garantia t\u00e9 una vig\u00e8ncia m\u00e0xima de 2 (dos) anys, d\u2019acord amb la normativa vigent. No obstant aix\u00f2, i per la naturalesa del producte, VALLFORMOSA es reserva el dret de no acceptar la devoluci\u00f3 si el producte no s\u2019ha mantingut en condicions recomanables per a la seva conservaci\u00f3.<\/p>\n<p>&nbsp;<\/p>\n<p style=\"text-align: left;\">El Client tamb\u00e9 \u00e9s conscient i accepta el risc que determinats productes, per les seves caracter\u00edstiques, antiguitat o naturalesa, es puguin veure afectats r\u00e0pidament per causes externes no atribu\u00efbles en cap cas a VALLFORMOSA.<\/p>\n<p>&nbsp;<\/p>\n<p style=\"text-align: left;\">Si les ampolles rebudes no es corresponen amb la teva comanda o el producte \u00e9s defectu\u00f3s, envia un correu electr\u00f2nic a <strong>hola@dev.vallformosa.com<\/strong> o posa\u2019t en contacte amb nosaltres al n\u00famero de tel\u00e8fon <strong>(+34) 938 978 286<\/strong>, indicant les teves dades i les de la comanda, i reempla\u00e7arem la comanda sense cap cost.<\/p>\n<p>[\/vc_wp_text]<div class='spacer display-none-mobile' style='height: 8vh;'><\/div><div class='spacer display-none-desktop' style='height: 30px;'><\/div>[\/vc_column][\/vc_row][\/vc_section][vc_row][vc_column]<div class='spacer display-none-mobile' style='height: 5vh;'><\/div><div class='spacer display-none-desktop' style='height: 35px;'><\/div>[\/vc_column][\/vc_row]<\/p>\n<\/div>","protected":false},"excerpt":{"rendered":"<p>[vc_row][vc_column][\/vc_column][\/vc_row][vc_section full_width=&#8221;stretch_row_content&#8221; css=&#8221;.vc_custom_1730371446477{background-color: #fffaee !important;}&#8221; el_class=&#8221;color-1 politica-privacidad-section&#8221;][vc_row][vc_column][vc_wp_text] Pol\u00edtica de reemborsament [\/vc_wp_text][\/vc_column][\/vc_row][vc_row][vc_column][vc_wp_text] 5.1 CONDICIONS GENERALS DE DEVOLUCI\u00d3 [\/vc_wp_text][vc_wp_text] D\u2019acord amb el que estableix el Reial decret legislatiu 1\/2007, de 16 de novembre, pel qual s\u2019aprova el text ref\u00f3s de la Llei General per a la Defensa dels Consumidors i Usuaris, el Client disposa d\u2019un termini de [&hellip;]<\/p>\n","protected":false},"author":6,"featured_media":0,"parent":0,"menu_order":0,"comment_status":"closed","ping_status":"open","template":"","meta":{"_acf_changed":false,"footnotes":""},"class_list":["post-3321","page","type-page","status-publish","hentry"],"acf":[],"yoast_head":"<!-- This site is optimized with the Yoast SEO plugin v27.1.1 - https:\/\/yoast.com\/product\/yoast-seo-wordpress\/ -->\n<title>Pol\u00edtica de reemborsament - Vallformosa<\/title>\n<meta name=\"robots\" content=\"index, follow, max-snippet:-1, max-image-preview:large, max-video-preview:-1\" \/>\n<link rel=\"canonical\" href=\"https:\/\/dev.vallformosa.com\/ca\/politica-de-reemborsament\/\" \/>\n<meta property=\"og:locale\" content=\"ca_ES\" \/>\n<meta property=\"og:type\" content=\"article\" \/>\n<meta property=\"og:title\" content=\"Pol\u00edtica de reemborsament - Vallformosa\" \/>\n<meta property=\"og:description\" content=\"[vc_row][vc_column][\/vc_column][\/vc_row][vc_section full_width=&#8221;stretch_row_content&#8221; css=&#8221;.vc_custom_1730371446477{background-color: #fffaee !important;}&#8221; el_class=&#8221;color-1 politica-privacidad-section&#8221;][vc_row][vc_column][vc_wp_text] Pol\u00edtica de reemborsament [\/vc_wp_text][\/vc_column][\/vc_row][vc_row][vc_column][vc_wp_text] 5.1 CONDICIONS GENERALS DE DEVOLUCI\u00d3 [\/vc_wp_text][vc_wp_text] D\u2019acord amb el que estableix el Reial decret legislatiu 1\/2007, de 16 de novembre, pel qual s\u2019aprova el text ref\u00f3s de la Llei General per a la Defensa dels Consumidors i Usuaris, el Client disposa d\u2019un termini de [&hellip;]\" \/>\n<meta property=\"og:url\" content=\"https:\/\/dev.vallformosa.com\/ca\/politica-de-reemborsament\/\" \/>\n<meta property=\"og:site_name\" content=\"Vallformosa\" \/>\n<meta property=\"article:modified_time\" content=\"2025-04-15T15:17:45+00:00\" \/>\n<meta name=\"twitter:card\" content=\"summary_large_image\" \/>\n<meta name=\"twitter:label1\" content=\"Temps estimat de lectura\" \/>\n\t<meta name=\"twitter:data1\" content=\"4 minuts\" \/>\n<script type=\"application\/ld+json\" class=\"yoast-schema-graph\">{\"@context\":\"https:\/\/schema.org\",\"@graph\":[{\"@type\":\"WebPage\",\"@id\":\"https:\/\/dev.vallformosa.com\/ca\/politica-de-reemborsament\/\",\"url\":\"https:\/\/dev.vallformosa.com\/ca\/politica-de-reemborsament\/\",\"name\":\"Pol\u00edtica de reemborsament - Vallformosa\",\"isPartOf\":{\"@id\":\"https:\/\/dev.vallformosa.com\/ca\/#website\"},\"datePublished\":\"2024-11-06T09:18:46+00:00\",\"dateModified\":\"2025-04-15T15:17:45+00:00\",\"breadcrumb\":{\"@id\":\"https:\/\/dev.vallformosa.com\/ca\/politica-de-reemborsament\/#breadcrumb\"},\"inLanguage\":\"ca\",\"potentialAction\":[{\"@type\":\"ReadAction\",\"target\":[\"https:\/\/dev.vallformosa.com\/ca\/politica-de-reemborsament\/\"]}]},{\"@type\":\"BreadcrumbList\",\"@id\":\"https:\/\/dev.vallformosa.com\/ca\/politica-de-reemborsament\/#breadcrumb\",\"itemListElement\":[{\"@type\":\"ListItem\",\"position\":1,\"name\":\"Portada\",\"item\":\"https:\/\/dev.vallformosa.com\/ca\/\"},{\"@type\":\"ListItem\",\"position\":2,\"name\":\"Pol\u00edtica de reemborsament\"}]},{\"@type\":\"WebSite\",\"@id\":\"https:\/\/dev.vallformosa.com\/ca\/#website\",\"url\":\"https:\/\/dev.vallformosa.com\/ca\/\",\"name\":\"Vallformosa\",\"description\":\"\",\"potentialAction\":[{\"@type\":\"SearchAction\",\"target\":{\"@type\":\"EntryPoint\",\"urlTemplate\":\"https:\/\/dev.vallformosa.com\/ca\/?s={search_term_string}\"},\"query-input\":{\"@type\":\"PropertyValueSpecification\",\"valueRequired\":true,\"valueName\":\"search_term_string\"}}],\"inLanguage\":\"ca\"}]}<\/script>\n<!-- \/ Yoast SEO plugin. -->","yoast_head_json":{"title":"Pol\u00edtica de reemborsament - Vallformosa","robots":{"index":"index","follow":"follow","max-snippet":"max-snippet:-1","max-image-preview":"max-image-preview:large","max-video-preview":"max-video-preview:-1"},"canonical":"https:\/\/dev.vallformosa.com\/ca\/politica-de-reemborsament\/","og_locale":"ca_ES","og_type":"article","og_title":"Pol\u00edtica de reemborsament - Vallformosa","og_description":"[vc_row][vc_column][\/vc_column][\/vc_row][vc_section full_width=&#8221;stretch_row_content&#8221; css=&#8221;.vc_custom_1730371446477{background-color: #fffaee !important;}&#8221; el_class=&#8221;color-1 politica-privacidad-section&#8221;][vc_row][vc_column][vc_wp_text] Pol\u00edtica de reemborsament [\/vc_wp_text][\/vc_column][\/vc_row][vc_row][vc_column][vc_wp_text] 5.1 CONDICIONS GENERALS DE DEVOLUCI\u00d3 [\/vc_wp_text][vc_wp_text] D\u2019acord amb el que estableix el Reial decret legislatiu 1\/2007, de 16 de novembre, pel qual s\u2019aprova el text ref\u00f3s de la Llei General per a la Defensa dels Consumidors i Usuaris, el Client disposa d\u2019un termini de [&hellip;]","og_url":"https:\/\/dev.vallformosa.com\/ca\/politica-de-reemborsament\/","og_site_name":"Vallformosa","article_modified_time":"2025-04-15T15:17:45+00:00","twitter_card":"summary_large_image","twitter_misc":{"Temps estimat de lectura":"4 minuts"},"schema":{"@context":"https:\/\/schema.org","@graph":[{"@type":"WebPage","@id":"https:\/\/dev.vallformosa.com\/ca\/politica-de-reemborsament\/","url":"https:\/\/dev.vallformosa.com\/ca\/politica-de-reemborsament\/","name":"Pol\u00edtica de reemborsament - Vallformosa","isPartOf":{"@id":"https:\/\/dev.vallformosa.com\/ca\/#website"},"datePublished":"2024-11-06T09:18:46+00:00","dateModified":"2025-04-15T15:17:45+00:00","breadcrumb":{"@id":"https:\/\/dev.vallformosa.com\/ca\/politica-de-reemborsament\/#breadcrumb"},"inLanguage":"ca","potentialAction":[{"@type":"ReadAction","target":["https:\/\/dev.vallformosa.com\/ca\/politica-de-reemborsament\/"]}]},{"@type":"BreadcrumbList","@id":"https:\/\/dev.vallformosa.com\/ca\/politica-de-reemborsament\/#breadcrumb","itemListElement":[{"@type":"ListItem","position":1,"name":"Portada","item":"https:\/\/dev.vallformosa.com\/ca\/"},{"@type":"ListItem","position":2,"name":"Pol\u00edtica de reemborsament"}]},{"@type":"WebSite","@id":"https:\/\/dev.vallformosa.com\/ca\/#website","url":"https:\/\/dev.vallformosa.com\/ca\/","name":"Vallformosa","description":"","potentialAction":[{"@type":"SearchAction","target":{"@type":"EntryPoint","urlTemplate":"https:\/\/dev.vallformosa.com\/ca\/?s={search_term_string}"},"query-input":{"@type":"PropertyValueSpecification","valueRequired":true,"valueName":"search_term_string"}}],"inLanguage":"ca"}]}},"_links":{"self":[{"href":"https:\/\/dev.vallformosa.com\/ca\/wp-json\/wp\/v2\/pages\/3321","targetHints":{"allow":["GET"]}}],"collection":[{"href":"https:\/\/dev.vallformosa.com\/ca\/wp-json\/wp\/v2\/pages"}],"about":[{"href":"https:\/\/dev.vallformosa.com\/ca\/wp-json\/wp\/v2\/types\/page"}],"author":[{"embeddable":true,"href":"https:\/\/dev.vallformosa.com\/ca\/wp-json\/wp\/v2\/users\/6"}],"replies":[{"embeddable":true,"href":"https:\/\/dev.vallformosa.com\/ca\/wp-json\/wp\/v2\/comments?post=3321"}],"version-history":[{"count":3,"href":"https:\/\/dev.vallformosa.com\/ca\/wp-json\/wp\/v2\/pages\/3321\/revisions"}],"predecessor-version":[{"id":7310,"href":"https:\/\/dev.vallformosa.com\/ca\/wp-json\/wp\/v2\/pages\/3321\/revisions\/7310"}],"wp:attachment":[{"href":"https:\/\/dev.vallformosa.com\/ca\/wp-json\/wp\/v2\/media?parent=3321"}],"curies":[{"name":"wp","href":"https:\/\/api.w.org\/{rel}","templated":true}]}}