{"id":3324,"date":"2024-11-06T10:29:44","date_gmt":"2024-11-06T09:29:44","guid":{"rendered":"https:\/\/dev.vallformosa.com\/aviso-legal\/"},"modified":"2025-04-15T17:06:33","modified_gmt":"2025-04-15T15:06:33","slug":"aviso-legal","status":"publish","type":"page","link":"https:\/\/dev.vallformosa.com\/ca\/aviso-legal\/","title":{"rendered":"Av\u00eds legal"},"content":{"rendered":"<div class=\"wpb-content-wrapper\"><p>[vc_row][vc_column]<div class='spacer display-none-mobile' style='height: 18vh;'><\/div><div class='spacer display-none-desktop' style='height: 115px;'><\/div>[\/vc_column][\/vc_row][vc_section full_width=&#8221;stretch_row_content&#8221; css=&#8221;.vc_custom_1730371446477{background-color: #fffaee !important;}&#8221; el_class=&#8221;color-1 politica-privacidad-section&#8221;][vc_row][vc_column][vc_wp_text]<\/p>\n<p class=\"title-title\" style=\"text-align: left;\">Av\u00eds legal<\/p>\n<p>[\/vc_wp_text]<div class='spacer display-none-mobile' style='height: 4vh;'><\/div><div class='spacer display-none-desktop' style='height: 30px;'><\/div>[\/vc_column][\/vc_row][vc_row][vc_column][vc_wp_text]<\/p>\n<p style=\"text-align: left;\">MASIA VALLFORMOSA, S.L., responsable del lloc web, posa a disposici\u00f3 dels usuaris el present document amb l&#8217;objectiu de complir amb les obligacions disposades a la Llei 34\/2002, de l\u201911 de juliol, de Serveis de la Societat de la Informaci\u00f3 i de Comer\u00e7 Electr\u00f2nic (LSSICE), BOE N.\u00ba 166, aix\u00ed com informar tots els usuaris del lloc web sobre les condicions d\u2019\u00fas.<\/p>\n<p>&nbsp;<\/p>\n<p style=\"text-align: left;\">Qualsevol persona que accedeixi a aquest lloc web assumeix el rol d\u2019usuari, comprometent-se a l\u2019observan\u00e7a i compliment rigor\u00f3s de les disposicions aqu\u00ed establertes, aix\u00ed com de qualsevol altra disposici\u00f3 legal aplicable.<\/p>\n<p>&nbsp;<\/p>\n<p style=\"text-align: left;\">MASIA VALLFORMOSA, S.L. es reserva el dret de modificar qualsevol informaci\u00f3 que pugui apar\u00e8ixer al lloc web sense obligaci\u00f3 de preavisar o informar els usuaris d&#8217;aquestes modificacions, considerant suficient la publicaci\u00f3 al lloc web de MASIA VALLFORMOSA, S.L..<\/p>\n<p>[\/vc_wp_text]<div class='spacer display-none-mobile' style='height: 8vh;'><\/div><div class='spacer display-none-desktop' style='height: 30px;'><\/div>[\/vc_column][\/vc_row][vc_row][vc_column][vc_wp_text]<\/p>\n<p class=\"sub-title2\" style=\"text-align: left;\">1. TITULARITAT DE LA P\u00c0GINA WEB<\/p>\n<p>[\/vc_wp_text]<div class='spacer display-none-mobile' style='height: 4vh;'><\/div><div class='spacer display-none-desktop' style='height: 30px;'><\/div>[vc_wp_text]<\/p>\n<p style=\"text-align: left;\">Denominaci\u00f3 social: Masia Vallformosa S.L. (en endavant, VALLFORMOSA).<\/p>\n<p>&nbsp;<\/p>\n<p style=\"text-align: left;\">Adre\u00e7a: C\/ Cam\u00ed de la Sala, s\/n, 08735 Vilob\u00ed del Pened\u00e8s, Barcelona, Espanya.<\/p>\n<p style=\"text-align: left;\">Correu electr\u00f2nic de contacte: hola@dev.vallformosa.com<\/p>\n<p>&nbsp;<\/p>\n<p style=\"text-align: left;\">Tel\u00e8fon de contacte: 938978286<\/p>\n<p>&nbsp;<\/p>\n<p style=\"text-align: left;\">N\u00famero d\u2019identificaci\u00f3 fiscal (NIF): B08656688.<\/p>\n<p>&nbsp;<\/p>\n<p style=\"text-align: left;\">Dades registrals: inscrita al Registre Mercantil de Barcelona, Tom: 38151; Foli: 71; Full B-40696.<\/p>\n<p>[\/vc_wp_text]<div class='spacer display-none-mobile' style='height: 8vh;'><\/div><div class='spacer display-none-desktop' style='height: 30px;'><\/div>[\/vc_column][\/vc_row][vc_row][vc_column][vc_wp_text]<\/p>\n<p class=\"sub-title2\" style=\"text-align: left;\">2. CONDICIONS GENERALS D\u2019UTILITZACI\u00d3 I ACCEPTACI\u00d3<\/p>\n<p>[\/vc_wp_text]<div class='spacer display-none-mobile' style='height: 4vh;'><\/div><div class='spacer display-none-desktop' style='height: 30px;'><\/div>[vc_wp_text]<\/p>\n<p style=\"text-align: left;\">Les presents condicions generals d\u2019\u00fas de la p\u00e0gina web, juntament amb les condicions particulars que es puguin establir, tenen per finalitat regular i informar els usuaris dels serveis que presta VALLFORMOSA i regular-ne l\u2019\u00fas. La navegaci\u00f3 i \u00fas de serveis de la web suposen l\u2019acceptaci\u00f3 com a usuari i sense reserves de totes les condicions d&#8217;\u00fas, condicions generals de contractaci\u00f3 i qualsevol altra que pugui existir en relaci\u00f3 amb la prestaci\u00f3 de serveis de VALLFORMOSA.<\/p>\n<p>&nbsp;<\/p>\n<p style=\"text-align: left;\">VALLFORMOSA podr\u00e0 modificar en qualsevol moment i sense previ av\u00eds les presents condicions generals i les condicions particulars que s\u2019incloguin, mitjan\u00e7ant la publicaci\u00f3 de les citades modificacions a la web per a coneixement previ dels usuaris.<\/p>\n<p>[\/vc_wp_text]<div class='spacer display-none-mobile' style='height: 4vh;'><\/div><div class='spacer display-none-desktop' style='height: 30px;'><\/div>[vc_wp_text]<\/p>\n<p style=\"text-align: left;\"><strong>2.1. ACC\u00c9S A LA WEB I CONTRASENYES<\/strong><\/p>\n<p>&nbsp;<\/p>\n<p>Les dades dels Usuaris obtingudes a trav\u00e9s de la subscripci\u00f3 a aquesta Web estan protegides mitjan\u00e7ant contrasenyes escollides per ells mateixos. L&#8217;Usuari es compromet a mantenir la seva contrasenya en secret i a protegir-la d&#8217;usos no autoritzats per tercers. En cas de ser revelada a tercers, l&#8217;Usuari ser\u00e0 responsable de l&#8217;\u00fas que aquests tercers en facin del servei. A m\u00e9s, haur\u00e0 de notificar immediatament a VALLFORMOSA qualsevol \u00fas no consentit del seu compte o qualsevol violaci\u00f3 de la seguretat relacionada amb el servei de la p\u00e0gina web de la qual tingui coneixement.<\/p>\n<p>&nbsp;<\/p>\n<p>A Internet no existeix una seguretat absoluta, per\u00f2 VALLFORMOSA adopta les mesures t\u00e8cniques i organitzatives necess\u00e0ries per garantir la protecci\u00f3 de les dades de car\u00e0cter personal i evitar-ne l&#8217;alteraci\u00f3, p\u00e8rdua, tractament i\/o acc\u00e9s no autoritzat, tenint en compte l\u2019estat de la tecnologia, la naturalesa de les dades emmagatzemades i els riscos als quals estan exposades, tot aix\u00f2 conforme a l\u2019establert per la legislaci\u00f3 espanyola de Protecci\u00f3 de Dades de Car\u00e0cter Personal.<\/p>\n<p>&nbsp;<\/p>\n<p>VALLFORMOSA no es fa responsable davant els Usuaris per la revelaci\u00f3 de les seves dades personals a tercers que no sigui deguda a causes directament imputables a VALLFORMOSA.[\/vc_wp_text]<div class='spacer display-none-mobile' style='height: 8vh;'><\/div><div class='spacer display-none-desktop' style='height: 30px;'><\/div>[\/vc_column][\/vc_row][vc_row][vc_column][vc_wp_text]<\/p>\n<p class=\"sub-title2\" style=\"text-align: left;\">3. POL\u00cdTICA DE PROTECCI\u00d3 DE DADES PERSONALS<\/p>\n<p>[\/vc_wp_text]<div class='spacer display-none-mobile' style='height: 4vh;'><\/div><div class='spacer display-none-desktop' style='height: 30px;'><\/div>[vc_wp_text]<\/p>\n<p style=\"text-align: left;\"><strong>3.1 INFORMACI\u00d3 I FINALITAT<\/strong><\/p>\n<p>&nbsp;<\/p>\n<p>La resposta total o parcial als formularis d\u2019aquesta Web \u00e9s completament volunt\u00e0ria, i la manca de resposta no t\u00e9 cap conseq\u00fc\u00e8ncia. En compliment del que disposa el Reglament General de Protecci\u00f3 de Dades (RGPD) i qualsevol altra legislaci\u00f3 vigent aplicable en mat\u00e8ria de protecci\u00f3 de dades de car\u00e0cter personal, les dades facilitades seran tractades per VALLFORMOSA, amb la finalitat espec\u00edfica que s\u2019indiqui en cada formulari.<\/p>\n<p>&nbsp;<\/p>\n<p>Per exercir els drets d\u2019acc\u00e9s, rectificaci\u00f3, supressi\u00f3, oposici\u00f3, limitaci\u00f3 del tractament i portabilitat de les dades, aix\u00ed com per revocar el consentiment prestat per a l&#8217;enviament de comunicacions comercials o per al tractament de les dades personals, es pot dirigir un correu electr\u00f2nic amb la refer\u00e8ncia &#8220;Dades Personals&#8221; a l&#8217;adre\u00e7a seg\u00fcent: vallformosa@dev.vallformosa.com, adjuntant una fotoc\u00f2pia del DNI o passaport.<\/p>\n<p>&nbsp;<\/p>\n<p>Aquest tractament \u00e9s leg\u00edtim en base al seu consentiment.<\/p>\n<p>&nbsp;<\/p>\n<p>Les teves dades no seran cedides a tercers.[\/vc_wp_text]<div class='spacer display-none-mobile' style='height: 4vh;'><\/div><div class='spacer display-none-desktop' style='height: 30px;'><\/div>[vc_wp_text]<\/p>\n<p style=\"text-align: left;\"><strong>3.2. CONSENTIMENT DE L&#8217;USUARI I ENVIAMENT DE COMUNICACIONS COMERCIALS PER VIA ELECTR\u00d2NICA (ART. 22 LLEI 34\/2002 DE SERVEIS DE LA SOCIETAT DE LA INFORMACI\u00d3 I DE COMER\u00c7 ELECTR\u00d2NIC):<\/strong><\/p>\n<p>&nbsp;<\/p>\n<p>Sempre que l&#8217;Usuari ho sol\u00b7liciti expressament, VALLFORMOSA podr\u00e0 enviar comunicacions comercials per qualsevol mitj\u00e0, amb ple respecte a la legislaci\u00f3 vigent en mat\u00e8ria de protecci\u00f3 de dades personals.<\/p>\n<p>&nbsp;<\/p>\n<p>L&#8217;Usuari podr\u00e0 revocar en qualsevol moment el consentiment per a la recepci\u00f3 d&#8217;informacions publicit\u00e0ries o promocionals per correu electr\u00f2nic. Per fer-ho, n&#8217;hi haur\u00e0 prou amb notificar-ho a VALLFORMOSA mitjan\u00e7ant l\u2019enviament d\u2019un missatge a l\u2019adre\u00e7a de correu electr\u00f2nic seg\u00fcent: hola@dev.vallformosa.com, indicant clarament que NO DESITJA REBRE COMUNICACIONS COMERCIALS PER CORREU ELECTR\u00d2NIC.[\/vc_wp_text]<div class='spacer display-none-mobile' style='height: 8vh;'><\/div><div class='spacer display-none-desktop' style='height: 30px;'><\/div>[\/vc_column][\/vc_row][vc_row][vc_column][vc_wp_text]<\/p>\n<p class=\"sub-title2\" style=\"text-align: left;\">4. PROPIETAT INDUSTRIAL I INTEL\u00b7LECTUAL. POL\u00cdTICA D\u2019HIPERENLLA\u00c7OS<\/p>\n<p>[\/vc_wp_text]<div class='spacer display-none-mobile' style='height: 4vh;'><\/div><div class='spacer display-none-desktop' style='height: 30px;'><\/div>[vc_wp_text]4.1. Tots els continguts inclosos a la p\u00e0gina web, i en particular les marques, noms comercials, dissenys industrials, dissenys, textos, fotografies, gr\u00e0fics, logotips, icones, programari o qualsevol altre signe susceptible d&#8217;\u00fas industrial i comercial, estan protegits per drets de propietat industrial i intel\u00b7lectual de VALLFORMOSA o de tercers titulars que han autoritzat la seva inclusi\u00f3 a la p\u00e0gina web. Queda, per tant, prohibida qualsevol reproducci\u00f3, c\u00f2pia, comunicaci\u00f3 p\u00fablica, distribuci\u00f3, modificaci\u00f3, transformaci\u00f3, eliminaci\u00f3, manipulaci\u00f3 i qualsevol altra forma d&#8217;utilitzaci\u00f3, amb o sense \u00e0nim de lucre, d&#8217;aquests continguts sense el consentiment expr\u00e9s de VALLFORMOSA a trav\u00e9s de qualsevol mitj\u00e0, incl\u00f2s Internet (noms de domini, xarxes socials, blogs, etc.).<\/p>\n<p>&nbsp;<\/p>\n<p>4.2. VALLFORMOSA no es far\u00e0 responsable de la infracci\u00f3 dels drets de propietat intel\u00b7lectual o industrial de tercers que es pugui derivar de la inclusi\u00f3 a la p\u00e0gina web de marques, noms comercials, dissenys industrials, patents, dissenys, textos, fotografies, gr\u00e0fics, logotips, icones o programari que pertanyin a tercers que hagin declarat ser titulars d\u2019aquests continguts en incloure\u2019ls a la p\u00e0gina web. Tampoc es responsabilitza de les opinions i comentaris expressats pels usuaris als seus blogs o xarxes socials, sense perjudici de les accions que pugui exercir per eliminar aquelles opinions i comentaris que siguin contraris a la Llei.<\/p>\n<p>&nbsp;<\/p>\n<p>4.3. VALLFORMOSA podr\u00e0 utilitzar els continguts facilitats pels usuaris (fotografies, v\u00eddeos, etc.) de manera raonable i amb estricte respecte pels drets de propietat intel\u00b7lectual.<\/p>\n<p>&nbsp;<\/p>\n<p>4.4. En cap cas s&#8217;entendr\u00e0 que l&#8217;acc\u00e9s i la navegaci\u00f3 de l&#8217;Usuari implica una autoritzaci\u00f3 o que es realitza una ren\u00fancia, transmissi\u00f3, cessi\u00f3 total o parcial d\u2019aquests drets, ni la concessi\u00f3 de cap dret ni expectativa de dret, especialment en relaci\u00f3 amb l&#8217;alteraci\u00f3, transformaci\u00f3, explotaci\u00f3, reproducci\u00f3, distribuci\u00f3 o comunicaci\u00f3 p\u00fablica sobre aquests continguts sense la pr\u00e8via autoritzaci\u00f3 expressa de VALLFORMOSA o dels titulars corresponents.<\/p>\n<p>&nbsp;<\/p>\n<p>4.5. Malgrat tot l&#8217;anterior, aquelles persones que considerin infringits els seus drets de propietat intel\u00b7lectual o industrial per algun dels continguts d&#8217;aquest Web podran denunciar aquests continguts mitjan\u00e7ant un escrit dirigit a VALLFORMOSA, C\/LA SALA, 45, 08735, VILOB\u00cd DEL PENED\u00c8S.<\/p>\n<p>&nbsp;<\/p>\n<p>4.6. VALLFORMOSA pot posar a disposici\u00f3 de l&#8217;Usuari hipervincles a webs de titularitat de tercers, estiguin o no relacionats amb VALLFORMOSA. En cap cas, VALLFORMOSA ser\u00e0 responsable del contingut de les p\u00e0gines web de destinaci\u00f3 que s&#8217;estableixin mitjan\u00e7ant enlla\u00e7os en aquesta p\u00e0gina web, del seu funcionament o accessibilitat, del manteniment dels continguts, de la qualitat dels mateixos, ni tampoc de les infraccions de drets de tercers en qu\u00e8 aquestes p\u00e0gines puguin inc\u00f3rrer.<\/p>\n<p>&nbsp;<\/p>\n<p>4.7. VALLFORMOSA autoritza l&#8217;establiment de vincles al seu portal des de qualsevol altra p\u00e0gina web. Els enlla\u00e7os que s&#8217;estableixin hauran de fer-se sempre a la p\u00e0gina principal de VALLFORMOSA (o de les seves marques), o en el seu cas, a aquella que la pr\u00f2pia VALLFORMOSA estableixi. Dit enlla\u00e7 nom\u00e9s permetr\u00e0 l&#8217;acc\u00e9s a la web, sense reproduir-la de cap manera, ni crear entorns de navegador o de marc sobre la mateixa. Aix\u00ed mateix, no podran fer-se manifestacions falses, inexactes o incorrectes sobre aquesta web o els seus continguts, ni en cap cas declarar que VALLFORMOSA ha autoritzat, supervisat o assumit l&#8217;enlla\u00e7.<\/p>\n<p>&nbsp;<\/p>\n<p>4.8. Aix\u00ed mateix, a excepci\u00f3 d&#8217;aquells signes que formi part del mateix enlla\u00e7, es prohibeix que la web que estableixi l&#8217;enlla\u00e7 amb aquesta web contingui cap marca, nom comercial, r\u00e8tol d&#8217;establiment, denominaci\u00f3, logotip, esl\u00f2gan o altres signes distintius pertanyents a VALLFORMOSA. Es prohibeix especialment l&#8217;\u00fas de qualsevol marca, nom, nom comercial, r\u00e8tols, esl\u00f2gans, denominacions i altres signes distintius pertanyents a VALLFORMOSA en les paraules clau de cap web aliena sense la pr\u00e8via autoritzaci\u00f3 expressa de VALLFORMOSA espec\u00edficament per a aix\u00f2.[\/vc_wp_text]<div class='spacer display-none-mobile' style='height: 8vh;'><\/div><div class='spacer display-none-desktop' style='height: 30px;'><\/div>[\/vc_column][\/vc_row][vc_row][vc_column][vc_wp_text]<\/p>\n<p class=\"sub-title2\" style=\"text-align: left;\">RESPONSABILITAT DE VALLFORMOSA<\/p>\n<p>[\/vc_wp_text]<div class='spacer display-none-mobile' style='height: 4vh;'><\/div><div class='spacer display-none-desktop' style='height: 30px;'><\/div>[vc_wp_text]L&#8217;Usuari reconeix i accepta que la utilitzaci\u00f3 de la p\u00e0gina web i dels seus serveis es realitza sota la seva responsabilitat exclusiva.<\/p>\n<p>&nbsp;<\/p>\n<p>En aquells apartats de la web on els usuaris poden aportar continguts, VALLFORMOSA es reserva el dret de suprimir aquells que puguin afectar negativament les seves marques o ser contraris a la Llei, l&#8217;ordre p\u00fablic o les bones costums.<\/p>\n<p>&nbsp;<\/p>\n<p>VALLFORMOSA nom\u00e9s respondr\u00e0 dels danys que l&#8217;Usuari pugui patir com a conseq\u00fc\u00e8ncia de la utilitzaci\u00f3 de la p\u00e0gina web quan aquests danys siguin imputables a una actuaci\u00f3 dolosa de VALLFORMOSA.<\/p>\n<p>&nbsp;<\/p>\n<p>No obstant aix\u00f2, VALLFORMOSA declara haver adoptat totes les mesures necess\u00e0ries, dins de les seves possibilitats i de l&#8217;estat de la tecnologia, per garantir el funcionament de la p\u00e0gina web i evitar l&#8217;exist\u00e8ncia i transmissi\u00f3 de virus i altres components que puguin perjudicar l&#8217;Usuari.[\/vc_wp_text]<div class='spacer display-none-mobile' style='height: 8vh;'><\/div><div class='spacer display-none-desktop' style='height: 30px;'><\/div>[\/vc_column][\/vc_row][vc_row][vc_column][vc_wp_text]<\/p>\n<p class=\"sub-title2\" style=\"text-align: left;\">OBLIGACIONS DE L\u2019USUARI<\/p>\n<p>[\/vc_wp_text]<div class='spacer display-none-mobile' style='height: 4vh;'><\/div><div class='spacer display-none-desktop' style='height: 30px;'><\/div>[vc_wp_text]L&#8217;Usuari s&#8217;obliga a utilitzar els continguts de la p\u00e0gina web de manera diligent, correcta i l\u00edcita i es compromet a abstenir-se de:<\/p>\n<p>&nbsp;<\/p>\n<ul>\n<li>Utilitzar els continguts amb fins o efectes contraris a la llei, a la moral i a les bones costums o a l&#8217;ordre p\u00fablic.<\/li>\n<li>Reproduir, copiar, distribuir, permetre l&#8217;acc\u00e9s del p\u00fablic a trav\u00e9s de qualsevol modalitat de comunicaci\u00f3 p\u00fablica, transformar o modificar els continguts, a menys que es disposi de l&#8217;autoritzaci\u00f3 corresponent del seu titular.<\/li>\n<li>Utilitzar els continguts de la p\u00e0gina web per enviar publicitat, comunicacions amb fins de venda directa o amb qualsevol altra classe de finalitat comercial, missatges no sol\u00b7licitats dirigits a una pluralitat de persones amb independ\u00e8ncia de la seva finalitat, aix\u00ed com abstenir-se de comercialitzar o divulgar de qualsevol manera aquesta informaci\u00f3.<\/li>\n<li>Utilitzar els enlla\u00e7os, invitacions a xarxes socials, blocs i qualsevols xarxes i mitjans telem\u00e0tics facilitats a trav\u00e9s d&#8217;aquesta web de manera il\u00b7legal.<\/li>\n<\/ul>\n<p>[\/vc_wp_text]<div class='spacer display-none-mobile' style='height: 8vh;'><\/div><div class='spacer display-none-desktop' style='height: 30px;'><\/div>[\/vc_column][\/vc_row][vc_row][vc_column][vc_wp_text]<\/p>\n<p class=\"sub-title2\" style=\"text-align: left;\">LEGISLACI\u00d3 APLICABLE<\/p>\n<p>[\/vc_wp_text]<div class='spacer display-none-mobile' style='height: 4vh;'><\/div><div class='spacer display-none-desktop' style='height: 30px;'><\/div>[vc_wp_text]Les relacions establertes entre l&#8217;Usuari i el titular de la p\u00e0gina web es regiran pel que disposa la normativa vigent sobre la legislaci\u00f3 aplicable i la jurisdicci\u00f3 competent. No obstant aix\u00f2, per als casos en qu\u00e8 la normativa permeti la possibilitat a les parts de sotmetre&#8217;s volunt\u00e0riament a un fur, VALLFORMOSA i l&#8217;Usuari, amb ren\u00fancia expressa a qualsevol altre fur que els pugui correspondre, se sotmeten als Jutjats i Tribunals de l&#8217;Usuari.[\/vc_wp_text]<div class='spacer display-none-mobile' style='height: 8vh;'><\/div><div class='spacer display-none-desktop' style='height: 30px;'><\/div>[\/vc_column][\/vc_row][vc_row][vc_column][vc_wp_text]<\/p>\n<p class=\"sub-title2\" style=\"text-align: left;\">XARXES SOCIALS<\/p>\n<p>[\/vc_wp_text]<div class='spacer display-none-mobile' style='height: 4vh;'><\/div><div class='spacer display-none-desktop' style='height: 30px;'><\/div>[vc_wp_text]L&#8217;usuari podr\u00e0 unir-se als Grups que VALLFORMOSA t\u00e9 a diferents xarxes socials. L&#8217;usuari que es faci seguidor de qualsevol d&#8217;aquests Grups accepta les condicions d&#8217;\u00fas i la pol\u00edtica de privacitat de la xarxa social corresponent, sense que sigui responsabilitat de VALLFORMOSA.[\/vc_wp_text]<div class='spacer display-none-mobile' style='height: 8vh;'><\/div><div class='spacer display-none-desktop' style='height: 30px;'><\/div>[\/vc_column][\/vc_row][\/vc_section][vc_row][vc_column]<div class='spacer display-none-mobile' style='height: 5vh;'><\/div><div class='spacer display-none-desktop' style='height: 35px;'><\/div>[\/vc_column][\/vc_row]<\/p>\n<\/div>","protected":false},"excerpt":{"rendered":"<p>[vc_row][vc_column][\/vc_column][\/vc_row][vc_section full_width=&#8221;stretch_row_content&#8221; css=&#8221;.vc_custom_1730371446477{background-color: #fffaee !important;}&#8221; el_class=&#8221;color-1 politica-privacidad-section&#8221;][vc_row][vc_column][vc_wp_text] Av\u00eds legal [\/vc_wp_text][\/vc_column][\/vc_row][vc_row][vc_column][vc_wp_text] MASIA VALLFORMOSA, S.L., responsable del lloc web, posa a disposici\u00f3 dels usuaris el present document amb l&#8217;objectiu de complir amb les obligacions disposades a la Llei 34\/2002, de l\u201911 de juliol, de Serveis de la Societat de la Informaci\u00f3 i de Comer\u00e7 Electr\u00f2nic (LSSICE), BOE [&hellip;]<\/p>\n","protected":false},"author":3,"featured_media":0,"parent":0,"menu_order":0,"comment_status":"closed","ping_status":"open","template":"","meta":{"_acf_changed":false,"footnotes":""},"class_list":["post-3324","page","type-page","status-publish","hentry"],"acf":[],"yoast_head":"<!-- This site is optimized with the Yoast SEO plugin v27.1.1 - https:\/\/yoast.com\/product\/yoast-seo-wordpress\/ -->\n<title>Av\u00eds legal - Vallformosa<\/title>\n<meta name=\"robots\" content=\"index, follow, max-snippet:-1, max-image-preview:large, max-video-preview:-1\" \/>\n<link rel=\"canonical\" href=\"https:\/\/dev.vallformosa.com\/ca\/aviso-legal\/\" \/>\n<meta property=\"og:locale\" content=\"ca_ES\" \/>\n<meta property=\"og:type\" content=\"article\" \/>\n<meta property=\"og:title\" content=\"Av\u00eds legal - Vallformosa\" \/>\n<meta property=\"og:description\" content=\"[vc_row][vc_column][\/vc_column][\/vc_row][vc_section full_width=&#8221;stretch_row_content&#8221; css=&#8221;.vc_custom_1730371446477{background-color: #fffaee !important;}&#8221; el_class=&#8221;color-1 politica-privacidad-section&#8221;][vc_row][vc_column][vc_wp_text] Av\u00eds legal [\/vc_wp_text][\/vc_column][\/vc_row][vc_row][vc_column][vc_wp_text] MASIA VALLFORMOSA, S.L., responsable del lloc web, posa a disposici\u00f3 dels usuaris el present document amb l&#8217;objectiu de complir amb les obligacions disposades a la Llei 34\/2002, de l\u201911 de juliol, de Serveis de la Societat de la Informaci\u00f3 i de Comer\u00e7 Electr\u00f2nic (LSSICE), BOE [&hellip;]\" \/>\n<meta property=\"og:url\" content=\"https:\/\/dev.vallformosa.com\/ca\/aviso-legal\/\" \/>\n<meta property=\"og:site_name\" content=\"Vallformosa\" \/>\n<meta property=\"article:modified_time\" content=\"2025-04-15T15:06:33+00:00\" \/>\n<meta name=\"twitter:card\" content=\"summary_large_image\" \/>\n<meta name=\"twitter:label1\" content=\"Temps estimat de lectura\" \/>\n\t<meta name=\"twitter:data1\" content=\"9 minuts\" \/>\n<script type=\"application\/ld+json\" class=\"yoast-schema-graph\">{\"@context\":\"https:\/\/schema.org\",\"@graph\":[{\"@type\":\"WebPage\",\"@id\":\"https:\/\/dev.vallformosa.com\/ca\/aviso-legal\/\",\"url\":\"https:\/\/dev.vallformosa.com\/ca\/aviso-legal\/\",\"name\":\"Av\u00eds legal - Vallformosa\",\"isPartOf\":{\"@id\":\"https:\/\/dev.vallformosa.com\/ca\/#website\"},\"datePublished\":\"2024-11-06T09:29:44+00:00\",\"dateModified\":\"2025-04-15T15:06:33+00:00\",\"breadcrumb\":{\"@id\":\"https:\/\/dev.vallformosa.com\/ca\/aviso-legal\/#breadcrumb\"},\"inLanguage\":\"ca\",\"potentialAction\":[{\"@type\":\"ReadAction\",\"target\":[\"https:\/\/dev.vallformosa.com\/ca\/aviso-legal\/\"]}]},{\"@type\":\"BreadcrumbList\",\"@id\":\"https:\/\/dev.vallformosa.com\/ca\/aviso-legal\/#breadcrumb\",\"itemListElement\":[{\"@type\":\"ListItem\",\"position\":1,\"name\":\"Portada\",\"item\":\"https:\/\/dev.vallformosa.com\/ca\/\"},{\"@type\":\"ListItem\",\"position\":2,\"name\":\"Av\u00eds legal\"}]},{\"@type\":\"WebSite\",\"@id\":\"https:\/\/dev.vallformosa.com\/ca\/#website\",\"url\":\"https:\/\/dev.vallformosa.com\/ca\/\",\"name\":\"Vallformosa\",\"description\":\"\",\"potentialAction\":[{\"@type\":\"SearchAction\",\"target\":{\"@type\":\"EntryPoint\",\"urlTemplate\":\"https:\/\/dev.vallformosa.com\/ca\/?s={search_term_string}\"},\"query-input\":{\"@type\":\"PropertyValueSpecification\",\"valueRequired\":true,\"valueName\":\"search_term_string\"}}],\"inLanguage\":\"ca\"}]}<\/script>\n<!-- \/ Yoast SEO plugin. -->","yoast_head_json":{"title":"Av\u00eds legal - Vallformosa","robots":{"index":"index","follow":"follow","max-snippet":"max-snippet:-1","max-image-preview":"max-image-preview:large","max-video-preview":"max-video-preview:-1"},"canonical":"https:\/\/dev.vallformosa.com\/ca\/aviso-legal\/","og_locale":"ca_ES","og_type":"article","og_title":"Av\u00eds legal - Vallformosa","og_description":"[vc_row][vc_column][\/vc_column][\/vc_row][vc_section full_width=&#8221;stretch_row_content&#8221; css=&#8221;.vc_custom_1730371446477{background-color: #fffaee !important;}&#8221; el_class=&#8221;color-1 politica-privacidad-section&#8221;][vc_row][vc_column][vc_wp_text] Av\u00eds legal [\/vc_wp_text][\/vc_column][\/vc_row][vc_row][vc_column][vc_wp_text] MASIA VALLFORMOSA, S.L., responsable del lloc web, posa a disposici\u00f3 dels usuaris el present document amb l&#8217;objectiu de complir amb les obligacions disposades a la Llei 34\/2002, de l\u201911 de juliol, de Serveis de la Societat de la Informaci\u00f3 i de Comer\u00e7 Electr\u00f2nic (LSSICE), BOE [&hellip;]","og_url":"https:\/\/dev.vallformosa.com\/ca\/aviso-legal\/","og_site_name":"Vallformosa","article_modified_time":"2025-04-15T15:06:33+00:00","twitter_card":"summary_large_image","twitter_misc":{"Temps estimat de lectura":"9 minuts"},"schema":{"@context":"https:\/\/schema.org","@graph":[{"@type":"WebPage","@id":"https:\/\/dev.vallformosa.com\/ca\/aviso-legal\/","url":"https:\/\/dev.vallformosa.com\/ca\/aviso-legal\/","name":"Av\u00eds legal - Vallformosa","isPartOf":{"@id":"https:\/\/dev.vallformosa.com\/ca\/#website"},"datePublished":"2024-11-06T09:29:44+00:00","dateModified":"2025-04-15T15:06:33+00:00","breadcrumb":{"@id":"https:\/\/dev.vallformosa.com\/ca\/aviso-legal\/#breadcrumb"},"inLanguage":"ca","potentialAction":[{"@type":"ReadAction","target":["https:\/\/dev.vallformosa.com\/ca\/aviso-legal\/"]}]},{"@type":"BreadcrumbList","@id":"https:\/\/dev.vallformosa.com\/ca\/aviso-legal\/#breadcrumb","itemListElement":[{"@type":"ListItem","position":1,"name":"Portada","item":"https:\/\/dev.vallformosa.com\/ca\/"},{"@type":"ListItem","position":2,"name":"Av\u00eds legal"}]},{"@type":"WebSite","@id":"https:\/\/dev.vallformosa.com\/ca\/#website","url":"https:\/\/dev.vallformosa.com\/ca\/","name":"Vallformosa","description":"","potentialAction":[{"@type":"SearchAction","target":{"@type":"EntryPoint","urlTemplate":"https:\/\/dev.vallformosa.com\/ca\/?s={search_term_string}"},"query-input":{"@type":"PropertyValueSpecification","valueRequired":true,"valueName":"search_term_string"}}],"inLanguage":"ca"}]}},"_links":{"self":[{"href":"https:\/\/dev.vallformosa.com\/ca\/wp-json\/wp\/v2\/pages\/3324","targetHints":{"allow":["GET"]}}],"collection":[{"href":"https:\/\/dev.vallformosa.com\/ca\/wp-json\/wp\/v2\/pages"}],"about":[{"href":"https:\/\/dev.vallformosa.com\/ca\/wp-json\/wp\/v2\/types\/page"}],"author":[{"embeddable":true,"href":"https:\/\/dev.vallformosa.com\/ca\/wp-json\/wp\/v2\/users\/3"}],"replies":[{"embeddable":true,"href":"https:\/\/dev.vallformosa.com\/ca\/wp-json\/wp\/v2\/comments?post=3324"}],"version-history":[{"count":6,"href":"https:\/\/dev.vallformosa.com\/ca\/wp-json\/wp\/v2\/pages\/3324\/revisions"}],"predecessor-version":[{"id":7289,"href":"https:\/\/dev.vallformosa.com\/ca\/wp-json\/wp\/v2\/pages\/3324\/revisions\/7289"}],"wp:attachment":[{"href":"https:\/\/dev.vallformosa.com\/ca\/wp-json\/wp\/v2\/media?parent=3324"}],"curies":[{"name":"wp","href":"https:\/\/api.w.org\/{rel}","templated":true}]}}