{"id":3790,"date":"2024-10-31T13:34:59","date_gmt":"2024-10-31T12:34:59","guid":{"rendered":"https:\/\/dev.vallformosa.com\/politica-ambiental\/"},"modified":"2025-04-15T17:11:22","modified_gmt":"2025-04-15T15:11:22","slug":"politica-ambiental","status":"publish","type":"page","link":"https:\/\/dev.vallformosa.com\/ca\/politica-ambiental\/","title":{"rendered":"Pol\u00edtica ambiental"},"content":{"rendered":"<div class=\"wpb-content-wrapper\"><p>[vc_row][vc_column]<div class='spacer display-none-mobile' style='height: 18vh;'><\/div><div class='spacer display-none-desktop' style='height: 115px;'><\/div>[\/vc_column][\/vc_row][vc_section full_width=&#8221;stretch_row_content&#8221; css=&#8221;.vc_custom_1730371446477{background-color: #fffaee !important;}&#8221; el_class=&#8221;color-1 politica-privacidad-section&#8221;][vc_row][vc_column][vc_wp_text]<\/p>\n<p class=\"title-title\" style=\"text-align: left;\">Pol\u00edtica ambiental<\/p>\n<p>[\/vc_wp_text][vc_wp_text]<em>Vilob\u00ed del Pened\u00e8s, 13 de novembre de 2023<\/em>[\/vc_wp_text]<div class='spacer display-none-mobile' style='height: 4vh;'><\/div><div class='spacer display-none-desktop' style='height: 25px;'><\/div>[\/vc_column][\/vc_row][vc_row][vc_column][vc_wp_text]<\/p>\n<p style=\"text-align: left;\">Masia Vallformosa S.L. coneix i \u00e9s conscient dels impactes ambientals derivats de la seva activitat, aix\u00ed com de la import\u00e0ncia de la preservaci\u00f3 del Medi Ambient, i per aquest motiu assumeix el comprom\u00eds de:<\/p>\n<p>[\/vc_wp_text]<div class='spacer display-none-mobile' style='height: 4vh;'><\/div><div class='spacer display-none-desktop' style='height: 15px;'><\/div>[vc_row_inner el_class=&#8221;politica-privacidad-little-section&#8221;][vc_column_inner][vc_wp_text el_class=&#8221;politica-privacidad-lista&#8221;]<\/p>\n<ol>\n<li>Aplicar i complir amb els requisits legals aplicables, aix\u00ed com amb tots aquells altres requisits que l&#8217;organitzaci\u00f3 subscrigui relacionats amb els aspectes ambientals, intentant, en la mesura del possible, anar m\u00e9s enll\u00e0 dels l\u00edmits establerts per aquests requisits.<\/li>\n<li>Prevenir qualsevol tipus de contaminaci\u00f3 ambiental que pugui ser generada per l&#8217;organitzaci\u00f3, utilitzar de forma sostenible els recursos, reduir i valoritzar els residus, i mitigar i adaptar-se al canvi clim\u00e0tic.<\/li>\n<li>Establir anualment Objectius i Metes Ambientals amb el prop\u00f2sit de millorar el seu comportament envers el Medi Ambient, seguint l&#8217;evoluci\u00f3 d&#8217;aquests objectius i avaluant-los peri\u00f2dicament per assegurar-ne el compliment.<\/li>\n<li>Sensibilitzar i formar els membres de la seva plantilla per prevenir i minimitzar qualsevol tipus de contaminaci\u00f3 derivada de la seva activitat.<\/li>\n<li>Comunicar als seus prove\u00efdors i contractistes els compromisos adquirits amb el medi ambient, i informar els seus clients sobre les directrius ambientals establertes.<\/li>\n<li>Treballar i esfor\u00e7ar-se per millorar de forma cont\u00ednua el seu comportament ambiental.<\/li>\n<\/ol>\n<p>[\/vc_wp_text][\/vc_column_inner][\/vc_row_inner]<div class='spacer display-none-mobile' style='height: 4vh;'><\/div><div class='spacer display-none-desktop' style='height: 15px;'><\/div>[vc_wp_text]<\/p>\n<p style=\"text-align: left;\">Marta Vidal<\/p>\n<p style=\"text-align: left;\">CEO Vallformosa<\/p>\n<p>[\/vc_wp_text]<div class='spacer display-none-mobile' style='height: 4vh;'><\/div><div class='spacer display-none-desktop' style='height: 30px;'><\/div>[\/vc_column][\/vc_row][\/vc_section][vc_row][vc_column]<div class='spacer display-none-mobile' style='height: 5vh;'><\/div><div class='spacer display-none-desktop' style='height: 35px;'><\/div>[\/vc_column][\/vc_row]<\/p>\n<\/div>","protected":false},"excerpt":{"rendered":"<p>[vc_row][vc_column][\/vc_column][\/vc_row][vc_section full_width=&#8221;stretch_row_content&#8221; css=&#8221;.vc_custom_1730371446477{background-color: #fffaee !important;}&#8221; el_class=&#8221;color-1 politica-privacidad-section&#8221;][vc_row][vc_column][vc_wp_text] Pol\u00edtica ambiental [\/vc_wp_text][vc_wp_text]Vilob\u00ed del Pened\u00e8s, 13 de novembre de 2023[\/vc_wp_text][\/vc_column][\/vc_row][vc_row][vc_column][vc_wp_text] Masia Vallformosa S.L. coneix i \u00e9s conscient dels impactes ambientals derivats de la seva activitat, aix\u00ed com de la import\u00e0ncia de la preservaci\u00f3 del Medi Ambient, i per aquest motiu assumeix el comprom\u00eds de: [\/vc_wp_text][vc_row_inner el_class=&#8221;politica-privacidad-little-section&#8221;][vc_column_inner][vc_wp_text el_class=&#8221;politica-privacidad-lista&#8221;] Aplicar [&hellip;]<\/p>\n","protected":false},"author":2,"featured_media":0,"parent":0,"menu_order":0,"comment_status":"closed","ping_status":"open","template":"","meta":{"_acf_changed":false,"footnotes":""},"class_list":["post-3790","page","type-page","status-publish","hentry"],"acf":[],"yoast_head":"<!-- This site is optimized with the Yoast SEO plugin v27.1.1 - https:\/\/yoast.com\/product\/yoast-seo-wordpress\/ -->\n<title>Pol\u00edtica ambiental - Vallformosa<\/title>\n<meta name=\"robots\" content=\"index, follow, max-snippet:-1, max-image-preview:large, max-video-preview:-1\" \/>\n<link rel=\"canonical\" href=\"https:\/\/dev.vallformosa.com\/ca\/politica-ambiental\/\" \/>\n<meta property=\"og:locale\" content=\"ca_ES\" \/>\n<meta property=\"og:type\" content=\"article\" \/>\n<meta property=\"og:title\" content=\"Pol\u00edtica ambiental - Vallformosa\" \/>\n<meta property=\"og:description\" content=\"[vc_row][vc_column][\/vc_column][\/vc_row][vc_section full_width=&#8221;stretch_row_content&#8221; css=&#8221;.vc_custom_1730371446477{background-color: #fffaee !important;}&#8221; el_class=&#8221;color-1 politica-privacidad-section&#8221;][vc_row][vc_column][vc_wp_text] Pol\u00edtica ambiental [\/vc_wp_text][vc_wp_text]Vilob\u00ed del Pened\u00e8s, 13 de novembre de 2023[\/vc_wp_text][\/vc_column][\/vc_row][vc_row][vc_column][vc_wp_text] Masia Vallformosa S.L. coneix i \u00e9s conscient dels impactes ambientals derivats de la seva activitat, aix\u00ed com de la import\u00e0ncia de la preservaci\u00f3 del Medi Ambient, i per aquest motiu assumeix el comprom\u00eds de: [\/vc_wp_text][vc_row_inner el_class=&#8221;politica-privacidad-little-section&#8221;][vc_column_inner][vc_wp_text el_class=&#8221;politica-privacidad-lista&#8221;] Aplicar [&hellip;]\" \/>\n<meta property=\"og:url\" content=\"https:\/\/dev.vallformosa.com\/ca\/politica-ambiental\/\" \/>\n<meta property=\"og:site_name\" content=\"Vallformosa\" \/>\n<meta property=\"article:modified_time\" content=\"2025-04-15T15:11:22+00:00\" \/>\n<meta name=\"twitter:card\" content=\"summary_large_image\" \/>\n<meta name=\"twitter:label1\" content=\"Temps estimat de lectura\" \/>\n\t<meta name=\"twitter:data1\" content=\"2 minuts\" \/>\n<script type=\"application\/ld+json\" class=\"yoast-schema-graph\">{\"@context\":\"https:\/\/schema.org\",\"@graph\":[{\"@type\":\"WebPage\",\"@id\":\"https:\/\/dev.vallformosa.com\/ca\/politica-ambiental\/\",\"url\":\"https:\/\/dev.vallformosa.com\/ca\/politica-ambiental\/\",\"name\":\"Pol\u00edtica ambiental - Vallformosa\",\"isPartOf\":{\"@id\":\"https:\/\/dev.vallformosa.com\/ca\/#website\"},\"datePublished\":\"2024-10-31T12:34:59+00:00\",\"dateModified\":\"2025-04-15T15:11:22+00:00\",\"breadcrumb\":{\"@id\":\"https:\/\/dev.vallformosa.com\/ca\/politica-ambiental\/#breadcrumb\"},\"inLanguage\":\"ca\",\"potentialAction\":[{\"@type\":\"ReadAction\",\"target\":[\"https:\/\/dev.vallformosa.com\/ca\/politica-ambiental\/\"]}]},{\"@type\":\"BreadcrumbList\",\"@id\":\"https:\/\/dev.vallformosa.com\/ca\/politica-ambiental\/#breadcrumb\",\"itemListElement\":[{\"@type\":\"ListItem\",\"position\":1,\"name\":\"Portada\",\"item\":\"https:\/\/dev.vallformosa.com\/ca\/\"},{\"@type\":\"ListItem\",\"position\":2,\"name\":\"Pol\u00edtica ambiental\"}]},{\"@type\":\"WebSite\",\"@id\":\"https:\/\/dev.vallformosa.com\/ca\/#website\",\"url\":\"https:\/\/dev.vallformosa.com\/ca\/\",\"name\":\"Vallformosa\",\"description\":\"\",\"potentialAction\":[{\"@type\":\"SearchAction\",\"target\":{\"@type\":\"EntryPoint\",\"urlTemplate\":\"https:\/\/dev.vallformosa.com\/ca\/?s={search_term_string}\"},\"query-input\":{\"@type\":\"PropertyValueSpecification\",\"valueRequired\":true,\"valueName\":\"search_term_string\"}}],\"inLanguage\":\"ca\"}]}<\/script>\n<!-- \/ Yoast SEO plugin. -->","yoast_head_json":{"title":"Pol\u00edtica ambiental - Vallformosa","robots":{"index":"index","follow":"follow","max-snippet":"max-snippet:-1","max-image-preview":"max-image-preview:large","max-video-preview":"max-video-preview:-1"},"canonical":"https:\/\/dev.vallformosa.com\/ca\/politica-ambiental\/","og_locale":"ca_ES","og_type":"article","og_title":"Pol\u00edtica ambiental - Vallformosa","og_description":"[vc_row][vc_column][\/vc_column][\/vc_row][vc_section full_width=&#8221;stretch_row_content&#8221; css=&#8221;.vc_custom_1730371446477{background-color: #fffaee !important;}&#8221; el_class=&#8221;color-1 politica-privacidad-section&#8221;][vc_row][vc_column][vc_wp_text] Pol\u00edtica ambiental [\/vc_wp_text][vc_wp_text]Vilob\u00ed del Pened\u00e8s, 13 de novembre de 2023[\/vc_wp_text][\/vc_column][\/vc_row][vc_row][vc_column][vc_wp_text] Masia Vallformosa S.L. coneix i \u00e9s conscient dels impactes ambientals derivats de la seva activitat, aix\u00ed com de la import\u00e0ncia de la preservaci\u00f3 del Medi Ambient, i per aquest motiu assumeix el comprom\u00eds de: [\/vc_wp_text][vc_row_inner el_class=&#8221;politica-privacidad-little-section&#8221;][vc_column_inner][vc_wp_text el_class=&#8221;politica-privacidad-lista&#8221;] Aplicar [&hellip;]","og_url":"https:\/\/dev.vallformosa.com\/ca\/politica-ambiental\/","og_site_name":"Vallformosa","article_modified_time":"2025-04-15T15:11:22+00:00","twitter_card":"summary_large_image","twitter_misc":{"Temps estimat de lectura":"2 minuts"},"schema":{"@context":"https:\/\/schema.org","@graph":[{"@type":"WebPage","@id":"https:\/\/dev.vallformosa.com\/ca\/politica-ambiental\/","url":"https:\/\/dev.vallformosa.com\/ca\/politica-ambiental\/","name":"Pol\u00edtica ambiental - Vallformosa","isPartOf":{"@id":"https:\/\/dev.vallformosa.com\/ca\/#website"},"datePublished":"2024-10-31T12:34:59+00:00","dateModified":"2025-04-15T15:11:22+00:00","breadcrumb":{"@id":"https:\/\/dev.vallformosa.com\/ca\/politica-ambiental\/#breadcrumb"},"inLanguage":"ca","potentialAction":[{"@type":"ReadAction","target":["https:\/\/dev.vallformosa.com\/ca\/politica-ambiental\/"]}]},{"@type":"BreadcrumbList","@id":"https:\/\/dev.vallformosa.com\/ca\/politica-ambiental\/#breadcrumb","itemListElement":[{"@type":"ListItem","position":1,"name":"Portada","item":"https:\/\/dev.vallformosa.com\/ca\/"},{"@type":"ListItem","position":2,"name":"Pol\u00edtica ambiental"}]},{"@type":"WebSite","@id":"https:\/\/dev.vallformosa.com\/ca\/#website","url":"https:\/\/dev.vallformosa.com\/ca\/","name":"Vallformosa","description":"","potentialAction":[{"@type":"SearchAction","target":{"@type":"EntryPoint","urlTemplate":"https:\/\/dev.vallformosa.com\/ca\/?s={search_term_string}"},"query-input":{"@type":"PropertyValueSpecification","valueRequired":true,"valueName":"search_term_string"}}],"inLanguage":"ca"}]}},"_links":{"self":[{"href":"https:\/\/dev.vallformosa.com\/ca\/wp-json\/wp\/v2\/pages\/3790","targetHints":{"allow":["GET"]}}],"collection":[{"href":"https:\/\/dev.vallformosa.com\/ca\/wp-json\/wp\/v2\/pages"}],"about":[{"href":"https:\/\/dev.vallformosa.com\/ca\/wp-json\/wp\/v2\/types\/page"}],"author":[{"embeddable":true,"href":"https:\/\/dev.vallformosa.com\/ca\/wp-json\/wp\/v2\/users\/2"}],"replies":[{"embeddable":true,"href":"https:\/\/dev.vallformosa.com\/ca\/wp-json\/wp\/v2\/comments?post=3790"}],"version-history":[{"count":3,"href":"https:\/\/dev.vallformosa.com\/ca\/wp-json\/wp\/v2\/pages\/3790\/revisions"}],"predecessor-version":[{"id":7296,"href":"https:\/\/dev.vallformosa.com\/ca\/wp-json\/wp\/v2\/pages\/3790\/revisions\/7296"}],"wp:attachment":[{"href":"https:\/\/dev.vallformosa.com\/ca\/wp-json\/wp\/v2\/media?parent=3790"}],"curies":[{"name":"wp","href":"https:\/\/api.w.org\/{rel}","templated":true}]}}