{"id":5174,"date":"2024-11-13T15:53:04","date_gmt":"2024-11-13T14:53:04","guid":{"rendered":"https:\/\/dev.vallformosa.com\/trabaja-nosotros\/"},"modified":"2024-11-14T13:07:11","modified_gmt":"2024-11-14T12:07:11","slug":"trabaja-nosotros","status":"publish","type":"page","link":"https:\/\/dev.vallformosa.com\/ca\/treballa-nosaltres\/","title":{"rendered":"Treballa amb nosaltres"},"content":{"rendered":"<div class=\"wpb-content-wrapper\"><p>[vc_row full_width=&#8221;stretch_row_content_no_spaces&#8221; css=&#8221;.vc_custom_1731576072071{background-color: #fffaee !important;}&#8221;][vc_column]<div class='header-background-image header-background-image-2285690' style='background-image: url(https:\/\/dev.vallformosa.com\/wp-content\/uploads\/2024\/11\/trabaja_con_nosotros_1-1.jpg);'><div class='header-section'><h1 class='header-title color-light'><span class='header-title'>Uneix-te a Vallformosa<\/span><\/h1><a href=\"#down\" id=\"down\" class=\"boton-header\"><svg fill=\"var(--primary-color-light)\" xmlns=\"https:\/\/www.w3.org\/2000\/svg\" xmlns:xlink=\"https:\/\/www.w3.org\/1999\/xlink\" width=\"6vh\" height=\"6vh\" viewBox=\"0 0 43 43\">\r\n                    <defs>\r\n                        <clipPath id=\"clip-path\">\r\n                        <rect id=\"Rect\u00e1ngulo_1520\" data-name=\"Rect\u00e1ngulo 1520\" width=\"43\" height=\"43\" transform=\"translate(0 0)\"\/>\r\n                        <\/clipPath>\r\n                    <\/defs>\r\n                    <g id=\"Grupo_4763\" data-name=\"Grupo 4763\" transform=\"translate(43) rotate(90)\" clip-path=\"url(#clip-path)\">\r\n                        <path id=\"Trazado_2738\" data-name=\"Trazado 2738\" d=\"M21.371,42.742A21.371,21.371,0,1,1,42.744,21.369,21.395,21.395,0,0,1,21.371,42.742m0-41.3A19.925,19.925,0,1,0,41.3,21.369,19.947,19.947,0,0,0,21.371,1.446\" transform=\"translate(0.259 0.173)\"\/>\r\n                        <path id=\"Trazado_2739\" data-name=\"Trazado 2739\" d=\"M10.549,26.013,22.317,14.241H0V12.793H22.319L10.549,1.022,11.571,0,25.087,13.517,11.571,27.035Zm12.387-12.6v.211l.106-.1Z\" transform=\"translate(9.285 8.027)\"\/>\r\n                    <\/g>\r\n                    <\/svg><\/a><\/div><\/div>[\/vc_column][\/vc_row][vc_row full_width=&#8221;stretch_row_content_no_spaces&#8221; css=&#8221;.vc_custom_1731573509668{background-color: #fffaee !important;}&#8221; el_class=&#8221;margen-trabaja-con-nosotros-text&#8221;][vc_column]<div class='spacer display-none-mobile' style='height: 4vh;'><\/div><div class='spacer display-none-desktop' style='height: 35px;'><\/div>[vc_wp_text el_class=&#8221;cuerpo-texto&#8221;]<\/p>\n<p style=\"text-align: center;\">Cerquem persones amb ganes de cr\u00e9ixer i compartir la nostra passi\u00f3 pel vi des de totes les \u00e0rees i departaments.<\/p>\n<p>[\/vc_wp_text]<div class='spacer display-none-mobile' style='height: 1vh;'><\/div><div class='spacer display-none-desktop' style='height: 7.5px;'><\/div>[vc_wp_text el_class=&#8221;cuerpo-texto&#8221;]<\/p>\n<p style=\"text-align: center;\">Si vols formar part del nostre equip, nom\u00e9s cal completar el formulari a continuaci\u00f3. No som endevins, per\u00f2 potser est\u00e0s a punt d&#8217;unir-te al nostre equip!<\/p>\n<p>[\/vc_wp_text][\/vc_column][vc_column][\/vc_column][\/vc_row][vc_row full_width=&#8221;stretch_row_content_no_spaces&#8221; css=&#8221;.vc_custom_1730274394095{background-color: #fffaee !important;}&#8221;][vc_column]<div class='spacer display-none-mobile' style='height: 4vh;'><\/div><div class='spacer display-none-desktop' style='height: 35px;'><\/div>[vc_raw_html el_class=&#8221;trabaja-con-nosotros-section&#8221;]JTNDaWZyYW1lJTIwZGF0YS1zYW5pdGl6ZWQtbWFyZ2lud2lkdGglM0QlMjIwcHglMjIlMjBkYXRhLXNhbml0aXplZC1tYXJnaW5oZWlnaHQlM0QlMjIwcHglMjIlMjBkYXRhLXNhbml0aXplZC1mcmFtZWJvcmRlciUzRCUyMjElMjIlMjBkYXRhLXNhbml0aXplZC1zY3JvbGxpbmclM0QlMjJubyUyMiUyMHdpZHRoJTNEJTIyNDAwMHB4JTIyJTIwaGVpZ2h0JTNEJTIyMjgwMHB4JTIyJTIwbmFtZSUzRCUyMmZvcm11bGFyaSUyMiUyMHN0eWxlJTNEJTIyYm9yZGVyJTNBJTIwMHB4JTIwJTIzZmZmZmZmJTIwbm9uZSUzQiUyMiUyMHNyYyUzRCUyMmh0dHBzJTNBJTJGJTJGcHVibGljLmdlc2N2LmNvbSUyRmdlc2N2X2N2c19wdWJsaWMlMkY3NGFmNjRmYzEwZmI0YWYzMTIwNWQwZmJkMzBjOTM1NiUyMiUzRSUzQyUyRmlmcmFtZSUzRQ==[\/vc_raw_html]<div class='spacer display-none-mobile' style='height: 4vh;'><\/div><div class='spacer display-none-desktop' style='height: 35px;'><\/div>[\/vc_column][\/vc_row][vc_row disable_element=&#8221;yes&#8221;][vc_column][\/vc_column][\/vc_row]<\/p>\n<\/div>","protected":false},"excerpt":{"rendered":"Newsletter Vallformosa Vols descomptes en productes, plans, esdeveniments i saber-ho abans que ning\u00fa? Registra't aqu\u00ed! Subscriure's","protected":false},"author":2,"featured_media":0,"parent":0,"menu_order":0,"comment_status":"closed","ping_status":"closed","template":"","meta":{"_acf_changed":false,"footnotes":""},"class_list":["post-5174","page","type-page","status-publish","hentry"],"acf":[],"yoast_head":"<!-- This site is optimized with the Yoast SEO plugin v27.1.1 - https:\/\/yoast.com\/product\/yoast-seo-wordpress\/ -->\n<title>Treballa amb nosaltres - Vallformosa<\/title>\n<meta name=\"robots\" content=\"index, follow, max-snippet:-1, max-image-preview:large, max-video-preview:-1\" \/>\n<link rel=\"canonical\" href=\"https:\/\/dev.vallformosa.com\/ca\/treballa-nosaltres\/\" \/>\n<meta property=\"og:locale\" content=\"ca_ES\" \/>\n<meta property=\"og:type\" content=\"article\" \/>\n<meta property=\"og:title\" content=\"Treballa amb nosaltres - Vallformosa\" \/>\n<meta property=\"og:url\" content=\"https:\/\/dev.vallformosa.com\/ca\/treballa-nosaltres\/\" \/>\n<meta property=\"og:site_name\" content=\"Vallformosa\" \/>\n<meta property=\"article:modified_time\" content=\"2024-11-14T12:07:11+00:00\" \/>\n<meta name=\"twitter:card\" content=\"summary_large_image\" \/>\n<meta name=\"twitter:label1\" content=\"Temps estimat de lectura\" \/>\n\t<meta name=\"twitter:data1\" content=\"1 minut\" \/>\n<script type=\"application\/ld+json\" class=\"yoast-schema-graph\">{\"@context\":\"https:\/\/schema.org\",\"@graph\":[{\"@type\":\"WebPage\",\"@id\":\"https:\/\/dev.vallformosa.com\/ca\/treballa-nosaltres\/\",\"url\":\"https:\/\/dev.vallformosa.com\/ca\/treballa-nosaltres\/\",\"name\":\"Treballa amb nosaltres - Vallformosa\",\"isPartOf\":{\"@id\":\"https:\/\/dev.vallformosa.com\/ca\/#website\"},\"datePublished\":\"2024-11-13T14:53:04+00:00\",\"dateModified\":\"2024-11-14T12:07:11+00:00\",\"breadcrumb\":{\"@id\":\"https:\/\/dev.vallformosa.com\/ca\/treballa-nosaltres\/#breadcrumb\"},\"inLanguage\":\"ca\",\"potentialAction\":[{\"@type\":\"ReadAction\",\"target\":[\"https:\/\/dev.vallformosa.com\/ca\/treballa-nosaltres\/\"]}]},{\"@type\":\"BreadcrumbList\",\"@id\":\"https:\/\/dev.vallformosa.com\/ca\/treballa-nosaltres\/#breadcrumb\",\"itemListElement\":[{\"@type\":\"ListItem\",\"position\":1,\"name\":\"Portada\",\"item\":\"https:\/\/dev.vallformosa.com\/ca\/\"},{\"@type\":\"ListItem\",\"position\":2,\"name\":\"Treballa amb nosaltres\"}]},{\"@type\":\"WebSite\",\"@id\":\"https:\/\/dev.vallformosa.com\/ca\/#website\",\"url\":\"https:\/\/dev.vallformosa.com\/ca\/\",\"name\":\"Vallformosa\",\"description\":\"\",\"potentialAction\":[{\"@type\":\"SearchAction\",\"target\":{\"@type\":\"EntryPoint\",\"urlTemplate\":\"https:\/\/dev.vallformosa.com\/ca\/?s={search_term_string}\"},\"query-input\":{\"@type\":\"PropertyValueSpecification\",\"valueRequired\":true,\"valueName\":\"search_term_string\"}}],\"inLanguage\":\"ca\"}]}<\/script>\n<!-- \/ Yoast SEO plugin. -->","yoast_head_json":{"title":"Treballa amb nosaltres - Vallformosa","robots":{"index":"index","follow":"follow","max-snippet":"max-snippet:-1","max-image-preview":"max-image-preview:large","max-video-preview":"max-video-preview:-1"},"canonical":"https:\/\/dev.vallformosa.com\/ca\/treballa-nosaltres\/","og_locale":"ca_ES","og_type":"article","og_title":"Treballa amb nosaltres - Vallformosa","og_url":"https:\/\/dev.vallformosa.com\/ca\/treballa-nosaltres\/","og_site_name":"Vallformosa","article_modified_time":"2024-11-14T12:07:11+00:00","twitter_card":"summary_large_image","twitter_misc":{"Temps estimat de lectura":"1 minut"},"schema":{"@context":"https:\/\/schema.org","@graph":[{"@type":"WebPage","@id":"https:\/\/dev.vallformosa.com\/ca\/treballa-nosaltres\/","url":"https:\/\/dev.vallformosa.com\/ca\/treballa-nosaltres\/","name":"Treballa amb nosaltres - Vallformosa","isPartOf":{"@id":"https:\/\/dev.vallformosa.com\/ca\/#website"},"datePublished":"2024-11-13T14:53:04+00:00","dateModified":"2024-11-14T12:07:11+00:00","breadcrumb":{"@id":"https:\/\/dev.vallformosa.com\/ca\/treballa-nosaltres\/#breadcrumb"},"inLanguage":"ca","potentialAction":[{"@type":"ReadAction","target":["https:\/\/dev.vallformosa.com\/ca\/treballa-nosaltres\/"]}]},{"@type":"BreadcrumbList","@id":"https:\/\/dev.vallformosa.com\/ca\/treballa-nosaltres\/#breadcrumb","itemListElement":[{"@type":"ListItem","position":1,"name":"Portada","item":"https:\/\/dev.vallformosa.com\/ca\/"},{"@type":"ListItem","position":2,"name":"Treballa amb nosaltres"}]},{"@type":"WebSite","@id":"https:\/\/dev.vallformosa.com\/ca\/#website","url":"https:\/\/dev.vallformosa.com\/ca\/","name":"Vallformosa","description":"","potentialAction":[{"@type":"SearchAction","target":{"@type":"EntryPoint","urlTemplate":"https:\/\/dev.vallformosa.com\/ca\/?s={search_term_string}"},"query-input":{"@type":"PropertyValueSpecification","valueRequired":true,"valueName":"search_term_string"}}],"inLanguage":"ca"}]}},"_links":{"self":[{"href":"https:\/\/dev.vallformosa.com\/ca\/wp-json\/wp\/v2\/pages\/5174","targetHints":{"allow":["GET"]}}],"collection":[{"href":"https:\/\/dev.vallformosa.com\/ca\/wp-json\/wp\/v2\/pages"}],"about":[{"href":"https:\/\/dev.vallformosa.com\/ca\/wp-json\/wp\/v2\/types\/page"}],"author":[{"embeddable":true,"href":"https:\/\/dev.vallformosa.com\/ca\/wp-json\/wp\/v2\/users\/2"}],"replies":[{"embeddable":true,"href":"https:\/\/dev.vallformosa.com\/ca\/wp-json\/wp\/v2\/comments?post=5174"}],"version-history":[{"count":2,"href":"https:\/\/dev.vallformosa.com\/ca\/wp-json\/wp\/v2\/pages\/5174\/revisions"}],"predecessor-version":[{"id":5177,"href":"https:\/\/dev.vallformosa.com\/ca\/wp-json\/wp\/v2\/pages\/5174\/revisions\/5177"}],"wp:attachment":[{"href":"https:\/\/dev.vallformosa.com\/ca\/wp-json\/wp\/v2\/media?parent=5174"}],"curies":[{"name":"wp","href":"https:\/\/api.w.org\/{rel}","templated":true}]}}