{"id":7717,"date":"2025-03-19T12:47:43","date_gmt":"2025-03-19T11:47:43","guid":{"rendered":"https:\/\/dev.vallformosa.com\/registro\/"},"modified":"2025-05-19T13:47:48","modified_gmt":"2025-05-19T11:47:48","slug":"registro","status":"publish","type":"page","link":"https:\/\/dev.vallformosa.com\/ca\/registre\/","title":{"rendered":"Registre"},"content":{"rendered":"<div class=\"wpb-content-wrapper\"><p>[vc_row][vc_column]<div class='spacer display-none-mobile' style='height: 20vh;'><\/div><div class='spacer display-none-desktop' style='height: 100px;'><\/div>[vc_row][vc_column][vc_wp_text]<h1 class=\"title-title title-password-page\" style=\"text-align: center;\">Crea el teu compte i que comenci el bon rotllo!<\/h1>[\/vc_wp_text][\/vc_column][\/vc_row][vc_wp_text]<p class=\"color-white subtitle-not-login subtitle-password-page\" style=\"text-align: center;\">Crear el teu compte \u00e9s m\u00e9s f\u00e0cil que obrir una ampolla!<br>Nom\u00e9s un clic et separa de moments \u00fanics i irrepetibles, d\u2019ofertes, descomptes i un munt d\u2019avantatges...<br>\u00c9s hora de crear el teu compte!<\/p>[\/vc_wp_text]<div class='form-section form-generar-nueva-cuenta'><div id='crea-tu-cuenta'><div class='register-input-div'><input class='input-section' type='text' name='nombre' id='nombre' placeholder='Nom*'><\/div><div class='register-input-div'><input class='input-section' type='text' name='apellido' id='apellido' placeholder='Cognoms*'><\/div><div class='register-input-div'><input class='input-section' type='email' name='email' id='email' placeholder='Correu electr\u00f2nic*'><\/div><div class='register-input-div'><input class='input-section' type='text' name='fecha_nacimiento' id='fecha_nacimiento' placeholder='Data de naixement*'><\/div><div class='register-input-div'><input class='input-section' type='password' name='password1' id='password1' placeholder='Contrasenya*'><\/div><div class='register-input-div'><input class='input-section' type='password' name='password2' id='password2' placeholder='Repeteix la contrasenya*'><\/div><div class='register-input-div'><select id=\"pais\" name=\"pais\"><option value=\"\">Seleccioneu un pa\u00eds*<\/option><option value=\"AF\">Afganistan<\/option><option value=\"AL\">Alb\u00e0nia<\/option><option value=\"DE\">Alemanya<\/option><option value=\"DZ\">Alg\u00e8ria<\/option><option value=\"AD\">Andorra<\/option><option value=\"AO\">Angola<\/option><option value=\"AI\">Anguilla<\/option><option value=\"AQ\">Ant\u00e0rtida<\/option><option value=\"AG\">Antigua i Barbuda<\/option><option value=\"SA\">Ar\u00e0bia Saudita<\/option><option value=\"AR\">Argentina<\/option><option value=\"AM\">Arm\u00e8nia<\/option><option value=\"AW\">Aruba<\/option><option value=\"AU\">Austr\u00e0lia<\/option><option value=\"AT\">\u00c0ustria<\/option><option value=\"AZ\">Azerbaidjan<\/option><option value=\"BS\">Bahames<\/option><option value=\"BH\">Bahrain<\/option><option value=\"BD\">Bangladesh<\/option><option value=\"BB\">Barbados<\/option><option value=\"PW\">Belau<\/option><option value=\"BE\">B\u00e8lgica<\/option><option value=\"BZ\">Belize<\/option><option value=\"BJ\">Ben\u00edn<\/option><option value=\"BM\">Bermudes<\/option><option value=\"BT\">Bhutan<\/option><option value=\"BY\">Bielor\u00fassia<\/option><option value=\"BO\">Bol\u00edvia<\/option><option value=\"BQ\">Bonaire, Saint Eustatius and Saba<\/option><option value=\"BA\">B\u00f2snia i Hercegovina<\/option><option value=\"BW\">Botswana<\/option><option value=\"BR\">Brasil<\/option><option value=\"BN\">Brunei<\/option><option value=\"BG\">Bulg\u00e0ria<\/option><option value=\"BF\">Burkina Faso<\/option><option value=\"BI\">Burundi<\/option><option value=\"KH\">Cambodja<\/option><option value=\"CM\">Camerun<\/option><option value=\"CA\">Canad\u00e0<\/option><option value=\"CV\">Cap Verd<\/option><option value=\"CO\">Col\u00f2mbia<\/option><option value=\"KM\">Comores<\/option><option value=\"CG\">Congo (Brazzaville)<\/option><option value=\"CD\">Congo (Kinshasa)<\/option><option value=\"KP\">Corea del Nord<\/option><option value=\"KR\">Corea del Sud<\/option><option value=\"CI\">Costa d&#039;Ivori<\/option><option value=\"CR\">Costa Rica<\/option><option value=\"HR\">Cro\u00e0cia<\/option><option value=\"CU\">Cuba<\/option><option value=\"CW\">Cura&ccedil;ao<\/option><option value=\"DK\">Dinamarca<\/option><option value=\"DJ\">Djibouti<\/option><option value=\"DM\">Dominica<\/option><option value=\"EG\">Egipte<\/option><option value=\"SV\">El Salvador<\/option><option value=\"AE\">Emirats \u00c0rabs Units<\/option><option value=\"EC\">Equador<\/option><option value=\"ER\">Eritrea<\/option><option value=\"SK\">Eslov\u00e0quia<\/option><option value=\"SI\">Eslov\u00e8nia<\/option><option value=\"ES\">Espanya<\/option><option value=\"US\">Estats Units (US)<\/option><option value=\"EE\">Est\u00f2nia<\/option><option value=\"SZ\">Eswatini<\/option><option value=\"ET\">Eti\u00f2pia<\/option><option value=\"FJ\">Fiji<\/option><option value=\"PH\">Filipines<\/option><option value=\"FI\">Finl\u00e0ndia<\/option><option value=\"FR\">Fran\u00e7a<\/option><option value=\"GA\">Gabon<\/option><option value=\"GM\">G\u00e0mbia<\/option><option value=\"GE\">Ge\u00f2rgia<\/option><option value=\"GH\">Ghana<\/option><option value=\"GI\">Gibraltar<\/option><option value=\"GR\">Gr\u00e8cia<\/option><option value=\"GD\">Grenada<\/option><option value=\"GL\">Groenl\u00e0ndia<\/option><option value=\"GP\">Guadalupe<\/option><option value=\"GF\">Guaiana Francesa<\/option><option value=\"GU\">Guam<\/option><option value=\"GT\">Guatemala<\/option><option value=\"GG\">Guernsey<\/option><option value=\"GN\">Guinea<\/option><option value=\"GW\">Guinea Bissau<\/option><option value=\"GQ\">Guinea Equatorial<\/option><option value=\"GY\">Guyana<\/option><option value=\"HT\">Hait\u00ed<\/option><option value=\"HN\">Hondures<\/option><option value=\"HK\">Hong Kong<\/option><option value=\"HU\">Hongria<\/option><option value=\"YE\">Iemen<\/option><option value=\"BV\">Illa Bouvet<\/option><option value=\"CX\">Illa Christmas<\/option><option value=\"IM\">Illa de Man<\/option><option value=\"NF\">Illa Norfolk<\/option><option value=\"AX\">Illes \u00c5land<\/option><option value=\"KY\">Illes Caiman<\/option><option value=\"CC\">Illes Cocos (Keeling)<\/option><option value=\"CK\">Illes Cook<\/option><option value=\"UM\">Illes d&#039;Ultramar Menors dels Estats Units<\/option><option value=\"FK\">Illes Falkland<\/option><option value=\"FO\">Illes F\u00e8roe<\/option><option value=\"GS\">Illes Ge\u00f2rgia del Sud i Sandwich del Sud<\/option><option value=\"HM\">Illes Heard i McDonald<\/option><option value=\"MP\">Illes Mariannes Septentrionals<\/option><option value=\"MH\">Illes Marshall<\/option><option value=\"SB\">Illes Salom\u00f3<\/option><option value=\"TC\">Illes Turks i Caicos<\/option><option value=\"VG\">Illes Verges (Brit\u00e0niques)<\/option><option value=\"VI\">Illes Verges (EUA)<\/option><option value=\"IN\">\u00cdndia<\/option><option value=\"ID\">Indon\u00e8sia<\/option><option value=\"IR\">Iran<\/option><option value=\"IQ\">Iraq<\/option><option value=\"IE\">Irlanda<\/option><option value=\"IS\">Isl\u00e0ndia<\/option><option value=\"IL\">Israel<\/option><option value=\"IT\">It\u00e0lia<\/option><option value=\"JM\">Jamaica<\/option><option value=\"JP\">Jap\u00f3<\/option><option value=\"JE\">Jersey<\/option><option value=\"JO\">Jord\u00e0nia<\/option><option value=\"KZ\">Kazakhstan<\/option><option value=\"KE\">Kenya<\/option><option value=\"KG\">Kirguizistan<\/option><option value=\"KI\">Kiribati<\/option><option value=\"XK\">Kosovo<\/option><option value=\"KW\">Kuwait<\/option><option value=\"LA\">Laos<\/option><option value=\"LS\">Lesotho<\/option><option value=\"LV\">Let\u00f2nia<\/option><option value=\"LB\">L\u00edban<\/option><option value=\"LR\">Lib\u00e8ria<\/option><option value=\"LY\">L\u00edbia<\/option><option value=\"LI\">Liechtenstein<\/option><option value=\"LT\">Litu\u00e0nia<\/option><option value=\"LU\">Luxemburg<\/option><option value=\"MO\">Macau<\/option><option value=\"MK\">Maced\u00f2nia del Nord<\/option><option value=\"MG\">Madagascar<\/option><option value=\"MY\">Mal\u00e0isia<\/option><option value=\"MW\">Malawi<\/option><option value=\"MV\">Maldives<\/option><option value=\"ML\">Mali<\/option><option value=\"MT\">Malta<\/option><option value=\"MA\">Marroc<\/option><option value=\"MQ\">Martinica<\/option><option value=\"MU\">Maurici<\/option><option value=\"MR\">Maurit\u00e0nia<\/option><option value=\"YT\">Mayotte<\/option><option value=\"MX\">M\u00e8xic<\/option><option value=\"FM\">Micron\u00e8sia<\/option><option value=\"MZ\">Mo\u00e7ambic<\/option><option value=\"MD\">Mold\u00e0via<\/option><option value=\"MC\">M\u00f2naco<\/option><option value=\"MN\">Mong\u00f2lia<\/option><option value=\"ME\">Montenegro<\/option><option value=\"MS\">Montserrat<\/option><option value=\"MM\">Myanmar<\/option><option value=\"NA\">Nam\u00edbia<\/option><option value=\"NR\">Nauru<\/option><option value=\"NP\">Nepal<\/option><option value=\"NI\">Nicaragua<\/option><option value=\"NE\">N\u00edger<\/option><option value=\"NG\">Nig\u00e8ria<\/option><option value=\"NU\">Niue<\/option><option value=\"NO\">Noruega<\/option><option value=\"NC\">Nova Caled\u00f2nia<\/option><option value=\"NZ\">Nova Zelanda<\/option><option value=\"OM\">Oman<\/option><option value=\"NL\">Pa\u00efsos Baixos<\/option><option value=\"PK\">Pakistan<\/option><option value=\"PS\">Palestina<\/option><option value=\"PA\">Panam\u00e0<\/option><option value=\"PG\">Papua Nova Guinea<\/option><option value=\"PY\">Paraguai<\/option><option value=\"PE\">Per\u00fa<\/option><option value=\"PN\">Pitcairn<\/option><option value=\"PF\">Polin\u00e8sia Francesa<\/option><option value=\"PL\">Pol\u00f2nia<\/option><option value=\"PT\">Portugal<\/option><option value=\"PR\">Puerto Rico<\/option><option value=\"QA\">Qatar<\/option><option value=\"GB\">Regne Unit (UK)<\/option><option value=\"CF\">Rep\u00fablica Centreafricana<\/option><option value=\"DO\">Rep\u00fablica Dominicana<\/option><option value=\"CZ\">Rep\u00fablica Txeca<\/option><option value=\"RE\">Reuni\u00f3<\/option><option value=\"RO\">Romania<\/option><option value=\"RW\">Ruanda<\/option><option value=\"RU\">R\u00fassia<\/option><option value=\"EH\">S\u00e0hara Occidental<\/option><option value=\"SH\">Saint Helena<\/option><option value=\"KN\">Saint Kitts i Nevis<\/option><option value=\"LC\">Saint Lucia<\/option><option value=\"MF\">Saint Martin (part francesa)<\/option><option value=\"SX\">Saint Martin (part holandesa)<\/option><option value=\"VC\">Saint Vincent i les Grenadines<\/option><option value=\"BL\">Saint-Barth\u00e9lemy<\/option><option value=\"PM\">Saint-Pierre i Miquelon<\/option><option value=\"WS\">Samoa<\/option><option value=\"AS\">Samoa Nord-americana<\/option><option value=\"SM\">San Marino<\/option><option value=\"ST\">S\u00e3o Tom\u00e9 i Pr\u00edncipe<\/option><option value=\"SN\">Senegal<\/option><option value=\"RS\">S\u00e8rbia<\/option><option value=\"SC\">Seychelles<\/option><option value=\"SL\">Sierra Leone<\/option><option value=\"SG\">Singapur<\/option><option value=\"SY\">S\u00edria<\/option><option value=\"SO\">Som\u00e0lia<\/option><option value=\"LK\">Sri Lanka<\/option><option value=\"ZA\">Sud-\u00e0frica<\/option><option value=\"SD\">Sudan<\/option><option value=\"SS\">Sudan del Sud<\/option><option value=\"SE\">Su\u00e8cia<\/option><option value=\"CH\">Su\u00efssa<\/option><option value=\"SR\">Surinam<\/option><option value=\"SJ\">Svalbard i Jan Mayen<\/option><option value=\"TJ\">Tadjikistan<\/option><option value=\"TH\">Tail\u00e0ndia<\/option><option value=\"TW\">Taiwan<\/option><option value=\"TZ\">Tanz\u00e0nia<\/option><option value=\"TF\">Terres Australs Franceses<\/option><option value=\"IO\">Territori Brit\u00e0nic de l&#039;Oce\u00e0 \u00cdndic<\/option><option value=\"TL\">Timor Oriental<\/option><option value=\"TG\">Togo<\/option><option value=\"TK\">Tokelau<\/option><option value=\"TO\">Tonga<\/option><option value=\"TT\">Trinitat i Tobago<\/option><option value=\"TN\">Tun\u00edsia<\/option><option value=\"TM\">Turkmenistan<\/option><option value=\"TR\">Turquia<\/option><option value=\"TV\">Tuvalu<\/option><option value=\"TD\">Txad<\/option><option value=\"UA\">Ucra\u00efna<\/option><option value=\"UG\">Uganda<\/option><option value=\"UY\">Uruguai<\/option><option value=\"UZ\">Uzbekistan<\/option><option value=\"VU\">Vanuatu<\/option><option value=\"VA\">Vatic\u00e0<\/option><option value=\"VE\">Vene\u00e7uela<\/option><option value=\"VN\">Vietnam<\/option><option value=\"WF\">Wallis i Futuna<\/option><option value=\"CL\">Xile<\/option><option value=\"CN\">Xina<\/option><option value=\"CY\">Xipre<\/option><option value=\"ZM\">Z\u00e0mbia<\/option><option value=\"ZW\">Zimb\u00e0bue<\/option><\/select><\/div><div class='register-input-div aviso-legal-checkbox'><label class='input-checkbox'><input type='checkbox' id='aviso-legal' name='aviso-legal'><span class='span-input'>Declaro haver llegit i acceptat les condicions d\u2019 <a href='#' target='!blank'>Avis legal i Pol\u00edtica de privacitat<\/a>.<\/span><\/label><\/div><div class='register-button-div'><div class='mensajes-alert'><\/div><label for='user-description' class='display-none'>Deixa aquest camp buit<\/label><input class='input-section display-none' type='text' name='user-description' id='user-description' placeholder='Deixa aquest camp buit'><div class='botones-crear-cuenta'><button class='enviar-button button-default' id='registrar' type='submit' title='Crear compte'>Crear compte<\/button><\/div><\/div><\/div><\/div><script>jQuery(document).ready(function($) {\r\n                $(\"body\").on(\"click\", \"#registrar\", function(event){\r\n                    event.preventDefault();\r\n\r\n                    let nombre = $(\"#nombre\").val();\r\n                    let apellido = $(\"#apellido\").val();\r\n                    let email = $(\"#email\").val();\r\n                    let fecha_nacimiento = $(\"#fecha_nacimiento\").val();\r\n                    let password1 = $(\"#password1\").val();\r\n                    let password2 = $(\"#password2\").val();\r\n                    let pais = $(\"#pais\").val();\r\n                    let avisoLegal = $(\"#aviso-legal\").is(\":checked\");\r\n                    let userDescription = $(\"#user-description\").val();\r\n\r\n\r\n                    $(\".mensajes-alert\").html(\"<p class='loading'><span class='fa-solid fa-spinner fa-spin-pulse'><\/span> Creant usuari...<\/p>\");\r\n                    \r\n                    \r\n                    if(userDescription != \"\"){\r\n                        $(\".mensajes-alert\").html(\"<p class='error'>Hi ha hagut un error. Intenta-ho m\u00e9s tard.<\/p>\");\r\n                        $(\".botones-crear-cuenta\").remove();\r\n                    }\r\n                    else if(nombre == \"\"){\r\n                        $(\".mensajes-alert\").html(\"<p class='error'>Introdueix un nom.<\/p>\");\r\n                    }\r\n                    else if(apellido == \"\"){\r\n                        $(\".mensajes-alert\").html(\"<p class='error'>Introdueix un cognom.<\/p>\");\r\n                    }\r\n                    else if(email == \"\"){\r\n                        $(\".mensajes-alert\").html(\"<p class='error'>Introdueix un email.<\/p>\");\r\n                    }\r\n                    else if(fecha_nacimiento == \"\"){\r\n                        $(\".mensajes-alert\").html(\"<p class='error'>Introdueix una data de naixement.<\/p>\");\r\n                    }\r\n                    else if(fecha_nacimiento == \"\"){\r\n                        $(\".mensajes-alert\").html(\"<p class='error'>Introdueix un pa\u00eds.<\/p>\");\r\n                    }\r\n                    else if(password1 == \"\"){\r\n                        $(\".mensajes-alert\").html(\"<p class='error'>Introdu\u00efu una contrasenya.<\/p>\");\r\n                    }\r\n                    else if(password2 == \"\"){\r\n                        $(\".mensajes-alert\").html(\"<p class='error'>Repeteix la contrasenya.<\/p>\");\r\n                    }\r\n                    else if(!avisoLegal){\r\n                        $(\".mensajes-alert\").html(\"<p class='error'>Accepta la pol\u00edtica de privacidad.<\/p>\");\r\n                    }\r\n                    else if(!validarEmail(email)){\r\n                        $(\".mensajes-alert\").html(\"<p class='error'>Introdueix un correu electr\u00f2nic v\u00e0lid.<\/p>\");\r\n                    }\r\n                    else if(password1 != password2){\r\n                        $(\".mensajes-alert\").html(\"<p class='error'>Les contrasenyes no coincideixen.<\/p>\");\r\n                    }\r\n                    else{\r\n                        \/*let urlAjax = \"https:\/\/dev.vallformosa.com\/wp-content\/themes\/naked-wordpress-master-child\/ajax\/crear-nuevo-usuario.php\";*\/\r\n                        let urlAjax = \"https:\/\/dev.vallformosa.com\/wp-admin\/admin-ajax.php\"\r\n\r\n                        $.ajax({\r\n                            url : urlAjax,\r\n                            data : {\r\n                                action: \"mi_accion_de_registro\",\r\n                                nombre : nombre,\r\n                                apellido : apellido,\r\n                                email : email,\r\n                                fecha_nacimiento : fecha_nacimiento,\r\n                                password1 : password1,\r\n                                password2 : password2,\r\n                                pais : pais,\r\n                                userDescription : userDescription,\r\n                                lang : \"ca\"\r\n                            },\r\n                            type : \"POST\",\r\n                            dataType : \"text\",\r\n                            success : function(json) {\r\n                                $(\".mensajes-alert\").html(json);\r\n                            },\r\n                            error : function(xhr, status) {\r\n                                $(\".mensajes-alert\").html(\"<p class='error'>Ha habido un error. Int\u00e9ntelo de nuevo m\u00e1s tarde.<\/p>\");\r\n                            },\r\n                            complete : function(xhr, status) {\r\n                                \r\n                            }\r\n                        });\r\n                    }\r\n                });\r\n\r\n                \/* VALIDAR EMAIL *\/\r\n                function validarEmail(email) {\r\n                    \/\/ Expresi\u00f3n regular para validar el formato del correo electr\u00f3nico\r\n                    var patron = \/^[^\\s@]+@[^\\s@]+\\.[^\\s@]+$\/;\r\n                \r\n                    \/\/ Comprobar si el correo electr\u00f3nico coincide con la expresi\u00f3n regular\r\n                    return patron.test(email);\r\n                }\r\n            });<\/script><link rel=\"stylesheet\" href=\"https:\/\/cdn.jsdelivr.net\/npm\/flatpickr\/dist\/flatpickr.min.css\"><script src=\"https:\/\/cdn.jsdelivr.net\/npm\/flatpickr\"><\/script><script src=\"https:\/\/cdn.jsdelivr.net\/npm\/flatpickr\/dist\/l10n\/es.js\"><\/script><script src=\"https:\/\/cdn.jsdelivr.net\/npm\/flatpickr\/dist\/l10n\/cat.js\"><\/script><script src=\"https:\/\/cdn.jsdelivr.net\/npm\/flatpickr\/dist\/l10n\/default.js\"><\/script><script>\r\n                flatpickr(\"#fecha_nacimiento\", {\r\n                    dateFormat: \"Y\/m\/d\",\r\n                    allowInput: true,\r\n                    locale: \"cat\",\r\n                    maxDate: new Date().getFullYear() - 18 + \"-12-31\",\r\n                    onReady: function(selectedDates, dateStr, instance) {\r\n                        instance.currentMonth = 0; \/\/ enero es el mes 0\r\n                        instance.currentYear = new Date().getFullYear() - 18;\r\n                        instance.redraw();\r\n                    }\r\n                });\r\n            <\/script><div class='spacer display-none-mobile' style='height: 10vh;'><\/div><div class='spacer display-none-desktop' style='height: 45px;'><\/div>[\/vc_column][\/vc_row]<\/p>\n<\/div>","protected":false},"excerpt":{"rendered":"<p>[vc_row][vc_column][\/vc_column][\/vc_row]<\/p>\n","protected":false},"author":2,"featured_media":0,"parent":0,"menu_order":0,"comment_status":"closed","ping_status":"open","template":"","meta":{"_acf_changed":false,"footnotes":""},"class_list":["post-7717","page","type-page","status-publish","hentry"],"acf":[],"yoast_head":"<!-- This site is optimized with the Yoast SEO plugin v27.1.1 - https:\/\/yoast.com\/product\/yoast-seo-wordpress\/ -->\n<title>Registre - Vallformosa<\/title>\n<meta name=\"robots\" content=\"index, follow, max-snippet:-1, max-image-preview:large, max-video-preview:-1\" \/>\n<link rel=\"canonical\" href=\"https:\/\/dev.vallformosa.com\/ca\/registre\/\" \/>\n<meta property=\"og:locale\" content=\"ca_ES\" \/>\n<meta property=\"og:type\" content=\"article\" \/>\n<meta property=\"og:title\" content=\"Registre - Vallformosa\" \/>\n<meta property=\"og:description\" content=\"[vc_row][vc_column][\/vc_column][\/vc_row]\" \/>\n<meta property=\"og:url\" content=\"https:\/\/dev.vallformosa.com\/ca\/registre\/\" \/>\n<meta property=\"og:site_name\" content=\"Vallformosa\" \/>\n<meta property=\"article:modified_time\" content=\"2025-05-19T11:47:48+00:00\" \/>\n<meta name=\"twitter:card\" content=\"summary_large_image\" \/>\n<meta name=\"twitter:label1\" content=\"Temps estimat de lectura\" \/>\n\t<meta name=\"twitter:data1\" content=\"1 minut\" \/>\n<script type=\"application\/ld+json\" class=\"yoast-schema-graph\">{\"@context\":\"https:\/\/schema.org\",\"@graph\":[{\"@type\":\"WebPage\",\"@id\":\"https:\/\/dev.vallformosa.com\/ca\/registre\/\",\"url\":\"https:\/\/dev.vallformosa.com\/ca\/registre\/\",\"name\":\"Registre - Vallformosa\",\"isPartOf\":{\"@id\":\"https:\/\/dev.vallformosa.com\/ca\/#website\"},\"datePublished\":\"2025-03-19T11:47:43+00:00\",\"dateModified\":\"2025-05-19T11:47:48+00:00\",\"breadcrumb\":{\"@id\":\"https:\/\/dev.vallformosa.com\/ca\/registre\/#breadcrumb\"},\"inLanguage\":\"ca\",\"potentialAction\":[{\"@type\":\"ReadAction\",\"target\":[\"https:\/\/dev.vallformosa.com\/ca\/registre\/\"]}]},{\"@type\":\"BreadcrumbList\",\"@id\":\"https:\/\/dev.vallformosa.com\/ca\/registre\/#breadcrumb\",\"itemListElement\":[{\"@type\":\"ListItem\",\"position\":1,\"name\":\"Portada\",\"item\":\"https:\/\/dev.vallformosa.com\/ca\/\"},{\"@type\":\"ListItem\",\"position\":2,\"name\":\"Registre\"}]},{\"@type\":\"WebSite\",\"@id\":\"https:\/\/dev.vallformosa.com\/ca\/#website\",\"url\":\"https:\/\/dev.vallformosa.com\/ca\/\",\"name\":\"Vallformosa\",\"description\":\"\",\"potentialAction\":[{\"@type\":\"SearchAction\",\"target\":{\"@type\":\"EntryPoint\",\"urlTemplate\":\"https:\/\/dev.vallformosa.com\/ca\/?s={search_term_string}\"},\"query-input\":{\"@type\":\"PropertyValueSpecification\",\"valueRequired\":true,\"valueName\":\"search_term_string\"}}],\"inLanguage\":\"ca\"}]}<\/script>\n<!-- \/ Yoast SEO plugin. -->","yoast_head_json":{"title":"Registre - Vallformosa","robots":{"index":"index","follow":"follow","max-snippet":"max-snippet:-1","max-image-preview":"max-image-preview:large","max-video-preview":"max-video-preview:-1"},"canonical":"https:\/\/dev.vallformosa.com\/ca\/registre\/","og_locale":"ca_ES","og_type":"article","og_title":"Registre - Vallformosa","og_description":"[vc_row][vc_column][\/vc_column][\/vc_row]","og_url":"https:\/\/dev.vallformosa.com\/ca\/registre\/","og_site_name":"Vallformosa","article_modified_time":"2025-05-19T11:47:48+00:00","twitter_card":"summary_large_image","twitter_misc":{"Temps estimat de lectura":"1 minut"},"schema":{"@context":"https:\/\/schema.org","@graph":[{"@type":"WebPage","@id":"https:\/\/dev.vallformosa.com\/ca\/registre\/","url":"https:\/\/dev.vallformosa.com\/ca\/registre\/","name":"Registre - Vallformosa","isPartOf":{"@id":"https:\/\/dev.vallformosa.com\/ca\/#website"},"datePublished":"2025-03-19T11:47:43+00:00","dateModified":"2025-05-19T11:47:48+00:00","breadcrumb":{"@id":"https:\/\/dev.vallformosa.com\/ca\/registre\/#breadcrumb"},"inLanguage":"ca","potentialAction":[{"@type":"ReadAction","target":["https:\/\/dev.vallformosa.com\/ca\/registre\/"]}]},{"@type":"BreadcrumbList","@id":"https:\/\/dev.vallformosa.com\/ca\/registre\/#breadcrumb","itemListElement":[{"@type":"ListItem","position":1,"name":"Portada","item":"https:\/\/dev.vallformosa.com\/ca\/"},{"@type":"ListItem","position":2,"name":"Registre"}]},{"@type":"WebSite","@id":"https:\/\/dev.vallformosa.com\/ca\/#website","url":"https:\/\/dev.vallformosa.com\/ca\/","name":"Vallformosa","description":"","potentialAction":[{"@type":"SearchAction","target":{"@type":"EntryPoint","urlTemplate":"https:\/\/dev.vallformosa.com\/ca\/?s={search_term_string}"},"query-input":{"@type":"PropertyValueSpecification","valueRequired":true,"valueName":"search_term_string"}}],"inLanguage":"ca"}]}},"_links":{"self":[{"href":"https:\/\/dev.vallformosa.com\/ca\/wp-json\/wp\/v2\/pages\/7717","targetHints":{"allow":["GET"]}}],"collection":[{"href":"https:\/\/dev.vallformosa.com\/ca\/wp-json\/wp\/v2\/pages"}],"about":[{"href":"https:\/\/dev.vallformosa.com\/ca\/wp-json\/wp\/v2\/types\/page"}],"author":[{"embeddable":true,"href":"https:\/\/dev.vallformosa.com\/ca\/wp-json\/wp\/v2\/users\/2"}],"replies":[{"embeddable":true,"href":"https:\/\/dev.vallformosa.com\/ca\/wp-json\/wp\/v2\/comments?post=7717"}],"version-history":[{"count":2,"href":"https:\/\/dev.vallformosa.com\/ca\/wp-json\/wp\/v2\/pages\/7717\/revisions"}],"predecessor-version":[{"id":7719,"href":"https:\/\/dev.vallformosa.com\/ca\/wp-json\/wp\/v2\/pages\/7717\/revisions\/7719"}],"wp:attachment":[{"href":"https:\/\/dev.vallformosa.com\/ca\/wp-json\/wp\/v2\/media?parent=7717"}],"curies":[{"name":"wp","href":"https:\/\/api.w.org\/{rel}","templated":true}]}}