{"id":7725,"date":"2025-03-14T12:24:24","date_gmt":"2025-03-14T11:24:24","guid":{"rendered":"https:\/\/dev.vallformosa.com\/recuperar-contrasena\/"},"modified":"2025-05-19T15:41:15","modified_gmt":"2025-05-19T13:41:15","slug":"recuperar-contrasena","status":"publish","type":"page","link":"https:\/\/dev.vallformosa.com\/ca\/recuperar-contrassenya\/","title":{"rendered":"Recuperar la contrassenya"},"content":{"rendered":"<div class=\"wpb-content-wrapper\"><p>[vc_row][vc_column]<div class='spacer display-none-mobile' style='height: 20vh;'><\/div><div class='spacer display-none-desktop' style='height: 100px;'><\/div>[vc_row][vc_column][vc_wp_text]<h1 class=\"title-title title-password-page\" style=\"text-align: center;\">Has oblidat la contrasenya?<\/h1>[\/vc_wp_text][vc_wp_text]<p class=\"color-white subtitle-not-login subtitle-password-page\" style=\"text-align: center;\">Amb tantes contrasenyes, oblidar-ne una m\u00e9s forma part del dia a dia.<br>No et preocupis, t\u2019ajudem a recuperar-la en un instant. Perdre la contrasenya no \u00e9s res, per\u00f2 quedar-te sense les teves bombolles preferides,<br> aix\u00f2 s\u00ed que seria un drama!<\/p>[\/vc_wp_text]<div class='form-section'><div id='olvidado-tu-contrasena'><input class='input-section' type='text' name='correo-electronico' id='correo-electronico' placeholder='Correu electr\u00f2nic'><div class='mensajes-alert'><\/div><div class='botones-contrasena'><button class='enviar-button button-default' id='enviar-contrasena' type='submit' title='Nova contrasenya'>Enviar<\/button><\/div><\/div><\/div><script>jQuery(document).ready(function($){\r\n                            $(\"body\").on(\"click\", \"#enviar-contrasena\", function(event){\r\n                                event.preventDefault();\r\n\r\n                                $(\".mensajes-alert\").html(\"<p class='loading'><span class='fa-solid fa-spinner fa-spin-pulse'><\/span> Carregant...<\/p>\");\r\n                                \r\n                                let email = $(\"#correo-electronico\").val();\r\n                                if(email == \"\"){\r\n                                    $(\".mensajes-alert\").html(\"<p class='error'>Introdueix un correu electr\u00f2nic.<\/p>\");\r\n                                }\r\n                                else if(!validarEmail(email)){\r\n                                    $(\".mensajes-alert\").html(\"<p class='error'>Introdueix un correu electr\u00f2nic v\u00e0lid.<\/p>\");\r\n                                }\r\n                                else{\r\n                                    let urlAjax = \"https:\/\/dev.vallformosa.com\/wp-content\/themes\/naked-wordpress-master-child\/ajax\/olvidado-contrasena.php\";\r\n                                    $.ajax({\r\n                                        url : urlAjax,\r\n                                        data : {\r\n                                            email : email,\r\n                                            lang : \"ca\"\r\n                                        },\r\n                                        type : \"POST\",\r\n                                        dataType : \"text\",\r\n                                        success : function(json) {\r\n                                            $(\".mensajes-alert\").html(json);\r\n                                        },\r\n                                        error : function(xhr, status) {\r\n                                            $(\".mensajes-alert\").html(\"<p class='error'>Hi ha hagut un error. Intenteu-ho de nou m\u00e9s tard.<\/p>\");\r\n                                        },\r\n                                        complete : function(xhr, status) {\r\n                                            \r\n                                        }\r\n                                    });\r\n                                }\r\n                                $(\"#correo-electronico\").val(\"\");\r\n                            });\r\n                            \r\n                            \/* VALIDAR EMAIL *\/\r\n                            function validarEmail(email) {\r\n                                \/\/ Expresi\u00f3n regular para validar el formato del correo electr\u00f3nico\r\n                                var patron = \/^[^\\s@]+@[^\\s@]+\\.[^\\s@]+$\/;\r\n                            \r\n                                \/\/ Comprobar si el correo electr\u00f3nico coincide con la expresi\u00f3n regular\r\n                                return patron.test(email);\r\n                            }\r\n                });<\/script><div class='spacer display-none-mobile' style='height: 10vh;'><\/div><div class='spacer display-none-desktop' style='height: 45px;'><\/div>[\/vc_column][\/vc_row]<\/p>\n<\/div>","protected":false},"excerpt":{"rendered":"<p>[vc_row][vc_column][\/vc_column][\/vc_row]<\/p>\n","protected":false},"author":2,"featured_media":0,"parent":0,"menu_order":0,"comment_status":"closed","ping_status":"open","template":"","meta":{"_acf_changed":false,"footnotes":""},"class_list":["post-7725","page","type-page","status-publish","hentry"],"acf":[],"yoast_head":"<!-- This site is optimized with the Yoast SEO plugin v27.1.1 - https:\/\/yoast.com\/product\/yoast-seo-wordpress\/ -->\n<title>Recuperar la contrassenya - Vallformosa<\/title>\n<meta name=\"robots\" content=\"index, follow, max-snippet:-1, max-image-preview:large, max-video-preview:-1\" \/>\n<link rel=\"canonical\" href=\"https:\/\/dev.vallformosa.com\/ca\/recuperar-contrassenya\/\" \/>\n<meta property=\"og:locale\" content=\"ca_ES\" \/>\n<meta property=\"og:type\" content=\"article\" \/>\n<meta property=\"og:title\" content=\"Recuperar la contrassenya - Vallformosa\" \/>\n<meta property=\"og:description\" content=\"[vc_row][vc_column][\/vc_column][\/vc_row]\" \/>\n<meta property=\"og:url\" content=\"https:\/\/dev.vallformosa.com\/ca\/recuperar-contrassenya\/\" \/>\n<meta property=\"og:site_name\" content=\"Vallformosa\" \/>\n<meta property=\"article:modified_time\" content=\"2025-05-19T13:41:15+00:00\" \/>\n<meta name=\"twitter:card\" content=\"summary_large_image\" \/>\n<meta name=\"twitter:label1\" content=\"Temps estimat de lectura\" \/>\n\t<meta name=\"twitter:data1\" content=\"1 minut\" \/>\n<script type=\"application\/ld+json\" class=\"yoast-schema-graph\">{\"@context\":\"https:\/\/schema.org\",\"@graph\":[{\"@type\":\"WebPage\",\"@id\":\"https:\/\/dev.vallformosa.com\/ca\/recuperar-contrassenya\/\",\"url\":\"https:\/\/dev.vallformosa.com\/ca\/recuperar-contrassenya\/\",\"name\":\"Recuperar la contrassenya - Vallformosa\",\"isPartOf\":{\"@id\":\"https:\/\/dev.vallformosa.com\/ca\/#website\"},\"datePublished\":\"2025-03-14T11:24:24+00:00\",\"dateModified\":\"2025-05-19T13:41:15+00:00\",\"breadcrumb\":{\"@id\":\"https:\/\/dev.vallformosa.com\/ca\/recuperar-contrassenya\/#breadcrumb\"},\"inLanguage\":\"ca\",\"potentialAction\":[{\"@type\":\"ReadAction\",\"target\":[\"https:\/\/dev.vallformosa.com\/ca\/recuperar-contrassenya\/\"]}]},{\"@type\":\"BreadcrumbList\",\"@id\":\"https:\/\/dev.vallformosa.com\/ca\/recuperar-contrassenya\/#breadcrumb\",\"itemListElement\":[{\"@type\":\"ListItem\",\"position\":1,\"name\":\"Portada\",\"item\":\"https:\/\/dev.vallformosa.com\/ca\/\"},{\"@type\":\"ListItem\",\"position\":2,\"name\":\"Recuperar la contrassenya\"}]},{\"@type\":\"WebSite\",\"@id\":\"https:\/\/dev.vallformosa.com\/ca\/#website\",\"url\":\"https:\/\/dev.vallformosa.com\/ca\/\",\"name\":\"Vallformosa\",\"description\":\"\",\"potentialAction\":[{\"@type\":\"SearchAction\",\"target\":{\"@type\":\"EntryPoint\",\"urlTemplate\":\"https:\/\/dev.vallformosa.com\/ca\/?s={search_term_string}\"},\"query-input\":{\"@type\":\"PropertyValueSpecification\",\"valueRequired\":true,\"valueName\":\"search_term_string\"}}],\"inLanguage\":\"ca\"}]}<\/script>\n<!-- \/ Yoast SEO plugin. -->","yoast_head_json":{"title":"Recuperar la contrassenya - Vallformosa","robots":{"index":"index","follow":"follow","max-snippet":"max-snippet:-1","max-image-preview":"max-image-preview:large","max-video-preview":"max-video-preview:-1"},"canonical":"https:\/\/dev.vallformosa.com\/ca\/recuperar-contrassenya\/","og_locale":"ca_ES","og_type":"article","og_title":"Recuperar la contrassenya - Vallformosa","og_description":"[vc_row][vc_column][\/vc_column][\/vc_row]","og_url":"https:\/\/dev.vallformosa.com\/ca\/recuperar-contrassenya\/","og_site_name":"Vallformosa","article_modified_time":"2025-05-19T13:41:15+00:00","twitter_card":"summary_large_image","twitter_misc":{"Temps estimat de lectura":"1 minut"},"schema":{"@context":"https:\/\/schema.org","@graph":[{"@type":"WebPage","@id":"https:\/\/dev.vallformosa.com\/ca\/recuperar-contrassenya\/","url":"https:\/\/dev.vallformosa.com\/ca\/recuperar-contrassenya\/","name":"Recuperar la contrassenya - Vallformosa","isPartOf":{"@id":"https:\/\/dev.vallformosa.com\/ca\/#website"},"datePublished":"2025-03-14T11:24:24+00:00","dateModified":"2025-05-19T13:41:15+00:00","breadcrumb":{"@id":"https:\/\/dev.vallformosa.com\/ca\/recuperar-contrassenya\/#breadcrumb"},"inLanguage":"ca","potentialAction":[{"@type":"ReadAction","target":["https:\/\/dev.vallformosa.com\/ca\/recuperar-contrassenya\/"]}]},{"@type":"BreadcrumbList","@id":"https:\/\/dev.vallformosa.com\/ca\/recuperar-contrassenya\/#breadcrumb","itemListElement":[{"@type":"ListItem","position":1,"name":"Portada","item":"https:\/\/dev.vallformosa.com\/ca\/"},{"@type":"ListItem","position":2,"name":"Recuperar la contrassenya"}]},{"@type":"WebSite","@id":"https:\/\/dev.vallformosa.com\/ca\/#website","url":"https:\/\/dev.vallformosa.com\/ca\/","name":"Vallformosa","description":"","potentialAction":[{"@type":"SearchAction","target":{"@type":"EntryPoint","urlTemplate":"https:\/\/dev.vallformosa.com\/ca\/?s={search_term_string}"},"query-input":{"@type":"PropertyValueSpecification","valueRequired":true,"valueName":"search_term_string"}}],"inLanguage":"ca"}]}},"_links":{"self":[{"href":"https:\/\/dev.vallformosa.com\/ca\/wp-json\/wp\/v2\/pages\/7725","targetHints":{"allow":["GET"]}}],"collection":[{"href":"https:\/\/dev.vallformosa.com\/ca\/wp-json\/wp\/v2\/pages"}],"about":[{"href":"https:\/\/dev.vallformosa.com\/ca\/wp-json\/wp\/v2\/types\/page"}],"author":[{"embeddable":true,"href":"https:\/\/dev.vallformosa.com\/ca\/wp-json\/wp\/v2\/users\/2"}],"replies":[{"embeddable":true,"href":"https:\/\/dev.vallformosa.com\/ca\/wp-json\/wp\/v2\/comments?post=7725"}],"version-history":[{"count":1,"href":"https:\/\/dev.vallformosa.com\/ca\/wp-json\/wp\/v2\/pages\/7725\/revisions"}],"predecessor-version":[{"id":7726,"href":"https:\/\/dev.vallformosa.com\/ca\/wp-json\/wp\/v2\/pages\/7725\/revisions\/7726"}],"wp:attachment":[{"href":"https:\/\/dev.vallformosa.com\/ca\/wp-json\/wp\/v2\/media?parent=7725"}],"curies":[{"name":"wp","href":"https:\/\/api.w.org\/{rel}","templated":true}]}}