{"id":4338,"date":"2024-10-31T13:34:59","date_gmt":"2024-10-31T12:34:59","guid":{"rendered":"https:\/\/dev.vallformosa.com\/politica-ambiental\/"},"modified":"2025-04-15T17:11:28","modified_gmt":"2025-04-15T15:11:28","slug":"politica-ambiental","status":"publish","type":"page","link":"https:\/\/dev.vallformosa.com\/en\/environmental-policy\/","title":{"rendered":"Environmental policy"},"content":{"rendered":"<div class=\"wpb-content-wrapper\"><p>[vc_row][vc_column]<div class='spacer display-none-mobile' style='height: 18vh;'><\/div><div class='spacer display-none-desktop' style='height: 115px;'><\/div>[\/vc_column][\/vc_row][vc_section full_width=&#8221;stretch_row_content&#8221; css=&#8221;.vc_custom_1730371446477{background-color: #fffaee !important;}&#8221; el_class=&#8221;color-1 politica-privacidad-section&#8221;][vc_row][vc_column][vc_wp_text]<\/p>\n<p class=\"title-title\" style=\"text-align: left;\">Pol\u00edtica ambiental<\/p>\n<p>[\/vc_wp_text][vc_wp_text]<em>Vilob\u00ed del Pened\u00e8s, 13 de noviembre de 2023<\/em>[\/vc_wp_text]<div class='spacer display-none-mobile' style='height: 4vh;'><\/div><div class='spacer display-none-desktop' style='height: 25px;'><\/div>[\/vc_column][\/vc_row][vc_row][vc_column][vc_wp_text]<\/p>\n<p style=\"text-align: left;\">Mas\u00eda Vallformosa S.L. conoce y es consciente de los impactos ambientales derivados de su actividad, y de la importancia de la preservaci\u00f3n del Medio Ambiente, de modo que adquiere el compromiso de:<\/p>\n<p>[\/vc_wp_text]<div class='spacer display-none-mobile' style='height: 4vh;'><\/div><div class='spacer display-none-desktop' style='height: 15px;'><\/div>[vc_row_inner el_class=&#8221;politica-privacidad-little-section&#8221;][vc_column_inner][vc_wp_text el_class=&#8221;politica-privacidad-lista&#8221;]<\/p>\n<ol>\n<li>Aplicar y cumplir con los requisitos legales aplicables, y con todos aquellos otros requisitos que la organizaci\u00f3n suscriba relacionados con los aspectos ambientales, intentando, en la medida de lo posible, ir m\u00e1s all\u00e1 de los l\u00edmites establecidos por estos requisitos.<\/li>\n<li>Prevenir cualquier tipo de contaminaci\u00f3n ambiental que pueda ser generada por la organizaci\u00f3n, utilizar de forma sostenible los recursos, reducir y valorizar los residuos y mitigar y adaptar al cambio clim\u00e1tico.<\/li>\n<li>Establecer anualmente Objetivos y Metas Ambientales con el prop\u00f3sito de mejorar su comportamiento con el Medio Ambiente, siguiendo la evoluci\u00f3n de tales objetivos y evalu\u00e1ndolos peri\u00f3dicamente para asegurar su cumplimiento.<\/li>\n<li>Sensibilizar y formar a los integrantes de su plantilla para prevenir y minimizar cualquier tipo de contaminaci\u00f3n derivada de su actividad.<\/li>\n<li>Comunicar a sus proveedores y contratistas los compromisos adquiridos con el medio ambiente, y de informar a sus clientes sobre las directrices ambientales establecidas.<\/li>\n<li>Trabajar y esforzarse para mejorar de forma continua su comportamiento<br \/>\nambiental.<\/li>\n<\/ol>\n<p>[\/vc_wp_text][\/vc_column_inner][\/vc_row_inner]<div class='spacer display-none-mobile' style='height: 4vh;'><\/div><div class='spacer display-none-desktop' style='height: 15px;'><\/div>[vc_wp_text]<\/p>\n<p style=\"text-align: left;\">Marta Vidal<\/p>\n<p style=\"text-align: left;\">CEO Vallformosa<\/p>\n<p>[\/vc_wp_text]<div class='spacer display-none-mobile' style='height: 4vh;'><\/div><div class='spacer display-none-desktop' style='height: 30px;'><\/div>[\/vc_column][\/vc_row][\/vc_section][vc_row][vc_column]<div class='spacer display-none-mobile' style='height: 5vh;'><\/div><div class='spacer display-none-desktop' style='height: 35px;'><\/div>[\/vc_column][\/vc_row]<\/p>\n<\/div>","protected":false},"excerpt":{"rendered":"<p>[vc_row][vc_column][\/vc_column][\/vc_row][vc_section full_width=&#8221;stretch_row_content&#8221; css=&#8221;.vc_custom_1730371446477{background-color: #fffaee !important;}&#8221; el_class=&#8221;color-1 politica-privacidad-section&#8221;][vc_row][vc_column][vc_wp_text] Pol\u00edtica ambiental [\/vc_wp_text][vc_wp_text]Vilob\u00ed del Pened\u00e8s, 13 de noviembre de 2023[\/vc_wp_text][\/vc_column][\/vc_row][vc_row][vc_column][vc_wp_text] Mas\u00eda Vallformosa S.L. conoce y es consciente de los impactos ambientales derivados de su actividad, y de la importancia de la preservaci\u00f3n del Medio Ambiente, de modo que adquiere el compromiso de: [\/vc_wp_text][vc_row_inner el_class=&#8221;politica-privacidad-little-section&#8221;][vc_column_inner][vc_wp_text el_class=&#8221;politica-privacidad-lista&#8221;] Aplicar y cumplir [&hellip;]<\/p>\n","protected":false},"author":2,"featured_media":0,"parent":0,"menu_order":0,"comment_status":"closed","ping_status":"open","template":"","meta":{"_acf_changed":false,"footnotes":""},"class_list":["post-4338","page","type-page","status-publish","hentry"],"acf":[],"yoast_head":"<!-- This site is optimized with the Yoast SEO plugin v27.1.1 - https:\/\/yoast.com\/product\/yoast-seo-wordpress\/ -->\n<title>Environmental policy - Vallformosa<\/title>\n<meta name=\"robots\" content=\"index, follow, max-snippet:-1, max-image-preview:large, max-video-preview:-1\" \/>\n<link rel=\"canonical\" href=\"https:\/\/dev.vallformosa.com\/en\/environmental-policy\/\" \/>\n<meta property=\"og:locale\" content=\"en_US\" \/>\n<meta property=\"og:type\" content=\"article\" \/>\n<meta property=\"og:title\" content=\"Environmental policy - Vallformosa\" \/>\n<meta property=\"og:description\" content=\"[vc_row][vc_column][\/vc_column][\/vc_row][vc_section full_width=&#8221;stretch_row_content&#8221; css=&#8221;.vc_custom_1730371446477{background-color: #fffaee !important;}&#8221; el_class=&#8221;color-1 politica-privacidad-section&#8221;][vc_row][vc_column][vc_wp_text] Pol\u00edtica ambiental [\/vc_wp_text][vc_wp_text]Vilob\u00ed del Pened\u00e8s, 13 de noviembre de 2023[\/vc_wp_text][\/vc_column][\/vc_row][vc_row][vc_column][vc_wp_text] Mas\u00eda Vallformosa S.L. conoce y es consciente de los impactos ambientales derivados de su actividad, y de la importancia de la preservaci\u00f3n del Medio Ambiente, de modo que adquiere el compromiso de: [\/vc_wp_text][vc_row_inner el_class=&#8221;politica-privacidad-little-section&#8221;][vc_column_inner][vc_wp_text el_class=&#8221;politica-privacidad-lista&#8221;] Aplicar y cumplir [&hellip;]\" \/>\n<meta property=\"og:url\" content=\"https:\/\/dev.vallformosa.com\/en\/environmental-policy\/\" \/>\n<meta property=\"og:site_name\" content=\"Vallformosa\" \/>\n<meta property=\"article:modified_time\" content=\"2025-04-15T15:11:28+00:00\" \/>\n<meta name=\"twitter:card\" content=\"summary_large_image\" \/>\n<meta name=\"twitter:label1\" content=\"Est. reading time\" \/>\n\t<meta name=\"twitter:data1\" content=\"2 minutes\" \/>\n<script type=\"application\/ld+json\" class=\"yoast-schema-graph\">{\"@context\":\"https:\/\/schema.org\",\"@graph\":[{\"@type\":\"WebPage\",\"@id\":\"https:\/\/dev.vallformosa.com\/en\/environmental-policy\/\",\"url\":\"https:\/\/dev.vallformosa.com\/en\/environmental-policy\/\",\"name\":\"Environmental policy - Vallformosa\",\"isPartOf\":{\"@id\":\"https:\/\/dev.vallformosa.com\/en\/#website\"},\"datePublished\":\"2024-10-31T12:34:59+00:00\",\"dateModified\":\"2025-04-15T15:11:28+00:00\",\"breadcrumb\":{\"@id\":\"https:\/\/dev.vallformosa.com\/en\/environmental-policy\/#breadcrumb\"},\"inLanguage\":\"en-US\",\"potentialAction\":[{\"@type\":\"ReadAction\",\"target\":[\"https:\/\/dev.vallformosa.com\/en\/environmental-policy\/\"]}]},{\"@type\":\"BreadcrumbList\",\"@id\":\"https:\/\/dev.vallformosa.com\/en\/environmental-policy\/#breadcrumb\",\"itemListElement\":[{\"@type\":\"ListItem\",\"position\":1,\"name\":\"Portada\",\"item\":\"https:\/\/dev.vallformosa.com\/en\/\"},{\"@type\":\"ListItem\",\"position\":2,\"name\":\"Environmental policy\"}]},{\"@type\":\"WebSite\",\"@id\":\"https:\/\/dev.vallformosa.com\/en\/#website\",\"url\":\"https:\/\/dev.vallformosa.com\/en\/\",\"name\":\"Vallformosa\",\"description\":\"\",\"potentialAction\":[{\"@type\":\"SearchAction\",\"target\":{\"@type\":\"EntryPoint\",\"urlTemplate\":\"https:\/\/dev.vallformosa.com\/en\/?s={search_term_string}\"},\"query-input\":{\"@type\":\"PropertyValueSpecification\",\"valueRequired\":true,\"valueName\":\"search_term_string\"}}],\"inLanguage\":\"en-US\"}]}<\/script>\n<!-- \/ Yoast SEO plugin. -->","yoast_head_json":{"title":"Environmental policy - Vallformosa","robots":{"index":"index","follow":"follow","max-snippet":"max-snippet:-1","max-image-preview":"max-image-preview:large","max-video-preview":"max-video-preview:-1"},"canonical":"https:\/\/dev.vallformosa.com\/en\/environmental-policy\/","og_locale":"en_US","og_type":"article","og_title":"Environmental policy - Vallformosa","og_description":"[vc_row][vc_column][\/vc_column][\/vc_row][vc_section full_width=&#8221;stretch_row_content&#8221; css=&#8221;.vc_custom_1730371446477{background-color: #fffaee !important;}&#8221; el_class=&#8221;color-1 politica-privacidad-section&#8221;][vc_row][vc_column][vc_wp_text] Pol\u00edtica ambiental [\/vc_wp_text][vc_wp_text]Vilob\u00ed del Pened\u00e8s, 13 de noviembre de 2023[\/vc_wp_text][\/vc_column][\/vc_row][vc_row][vc_column][vc_wp_text] Mas\u00eda Vallformosa S.L. conoce y es consciente de los impactos ambientales derivados de su actividad, y de la importancia de la preservaci\u00f3n del Medio Ambiente, de modo que adquiere el compromiso de: [\/vc_wp_text][vc_row_inner el_class=&#8221;politica-privacidad-little-section&#8221;][vc_column_inner][vc_wp_text el_class=&#8221;politica-privacidad-lista&#8221;] Aplicar y cumplir [&hellip;]","og_url":"https:\/\/dev.vallformosa.com\/en\/environmental-policy\/","og_site_name":"Vallformosa","article_modified_time":"2025-04-15T15:11:28+00:00","twitter_card":"summary_large_image","twitter_misc":{"Est. reading time":"2 minutes"},"schema":{"@context":"https:\/\/schema.org","@graph":[{"@type":"WebPage","@id":"https:\/\/dev.vallformosa.com\/en\/environmental-policy\/","url":"https:\/\/dev.vallformosa.com\/en\/environmental-policy\/","name":"Environmental policy - Vallformosa","isPartOf":{"@id":"https:\/\/dev.vallformosa.com\/en\/#website"},"datePublished":"2024-10-31T12:34:59+00:00","dateModified":"2025-04-15T15:11:28+00:00","breadcrumb":{"@id":"https:\/\/dev.vallformosa.com\/en\/environmental-policy\/#breadcrumb"},"inLanguage":"en-US","potentialAction":[{"@type":"ReadAction","target":["https:\/\/dev.vallformosa.com\/en\/environmental-policy\/"]}]},{"@type":"BreadcrumbList","@id":"https:\/\/dev.vallformosa.com\/en\/environmental-policy\/#breadcrumb","itemListElement":[{"@type":"ListItem","position":1,"name":"Portada","item":"https:\/\/dev.vallformosa.com\/en\/"},{"@type":"ListItem","position":2,"name":"Environmental policy"}]},{"@type":"WebSite","@id":"https:\/\/dev.vallformosa.com\/en\/#website","url":"https:\/\/dev.vallformosa.com\/en\/","name":"Vallformosa","description":"","potentialAction":[{"@type":"SearchAction","target":{"@type":"EntryPoint","urlTemplate":"https:\/\/dev.vallformosa.com\/en\/?s={search_term_string}"},"query-input":{"@type":"PropertyValueSpecification","valueRequired":true,"valueName":"search_term_string"}}],"inLanguage":"en-US"}]}},"_links":{"self":[{"href":"https:\/\/dev.vallformosa.com\/en\/wp-json\/wp\/v2\/pages\/4338","targetHints":{"allow":["GET"]}}],"collection":[{"href":"https:\/\/dev.vallformosa.com\/en\/wp-json\/wp\/v2\/pages"}],"about":[{"href":"https:\/\/dev.vallformosa.com\/en\/wp-json\/wp\/v2\/types\/page"}],"author":[{"embeddable":true,"href":"https:\/\/dev.vallformosa.com\/en\/wp-json\/wp\/v2\/users\/2"}],"replies":[{"embeddable":true,"href":"https:\/\/dev.vallformosa.com\/en\/wp-json\/wp\/v2\/comments?post=4338"}],"version-history":[{"count":4,"href":"https:\/\/dev.vallformosa.com\/en\/wp-json\/wp\/v2\/pages\/4338\/revisions"}],"predecessor-version":[{"id":7297,"href":"https:\/\/dev.vallformosa.com\/en\/wp-json\/wp\/v2\/pages\/4338\/revisions\/7297"}],"wp:attachment":[{"href":"https:\/\/dev.vallformosa.com\/en\/wp-json\/wp\/v2\/media?parent=4338"}],"curies":[{"name":"wp","href":"https:\/\/api.w.org\/{rel}","templated":true}]}}