{"id":4342,"date":"2024-11-05T16:25:19","date_gmt":"2024-11-05T15:25:19","guid":{"rendered":"https:\/\/dev.vallformosa.com\/resolucion-litigios-en-linea\/"},"modified":"2025-04-15T17:19:23","modified_gmt":"2025-04-15T15:19:23","slug":"resolucion-litigios-en-linea","status":"publish","type":"page","link":"https:\/\/dev.vallformosa.com\/en\/resolucion-litigios-en-linea\/","title":{"rendered":"ODR"},"content":{"rendered":"<div class=\"wpb-content-wrapper\"><p>[vc_row][vc_column]<div class='spacer display-none-mobile' style='height: 18vh;'><\/div><div class='spacer display-none-desktop' style='height: 115px;'><\/div>[\/vc_column][\/vc_row][vc_section full_width=&#8221;stretch_row_content&#8221; css=&#8221;.vc_custom_1730371446477{background-color: #fffaee !important;}&#8221; el_class=&#8221;color-1 politica-privacidad-section&#8221;][vc_row][vc_column][vc_wp_text]<\/p>\n<p class=\"title-title\" style=\"text-align: left;\">Resoluci\u00f3n de litigios en l\u00ednea (Online Dispute Resolution)<\/p>\n<p>[\/vc_wp_text]<div class='spacer display-none-mobile' style='height: 4vh;'><\/div><div class='spacer display-none-desktop' style='height: 30px;'><\/div>[vc_wp_text]<\/p>\n<p style=\"text-align: left;\">Conforme al Art. 14.1 del Reglamento (UE) 524\/2013, la Comisi\u00f3n Europea facilita una plataforma de acceso gratuito para la resoluci\u00f3n de conflictos online entre el USUARIO y el PRESTADOR, sin necesidad de recurrir a los tribunales de justicia, mediante la intervenci\u00f3n de un tercero, llamado Organismo de resoluci\u00f3n de litigios, que act\u00faa de intermediario entre ambos. Este organismo es neutral y dialogar\u00e1 con ambas partes para lograr un acuerdo, pudiendo finalmente sugerir y\/o imponer una soluci\u00f3n al conflicto.<\/p>\n<p>&nbsp;<\/p>\n<p style=\"text-align: left;\">Enlace a la plataforma ODR: <a href=\"https:\/\/ec.europa.eu\/consumers\/odr\/main\/index.cfm?event=main.home2.show&amp;lng=ES\">http:\/\/ec.europa.eu\/consumers\/odr\/<\/a><\/p>\n<p>[\/vc_wp_text]<div class='spacer display-none-mobile' style='height: 4vh;'><\/div><div class='spacer display-none-desktop' style='height: 25px;'><\/div>[\/vc_column][\/vc_row][\/vc_section][vc_row][vc_column]<div class='spacer display-none-mobile' style='height: 5vh;'><\/div><div class='spacer display-none-desktop' style='height: 35px;'><\/div>[\/vc_column][\/vc_row]<\/p>\n<\/div>","protected":false},"excerpt":{"rendered":"<p>[vc_row][vc_column][\/vc_column][\/vc_row][vc_section full_width=&#8221;stretch_row_content&#8221; css=&#8221;.vc_custom_1730371446477{background-color: #fffaee !important;}&#8221; el_class=&#8221;color-1 politica-privacidad-section&#8221;][vc_row][vc_column][vc_wp_text] Resoluci\u00f3n de litigios en l\u00ednea (Online Dispute Resolution) [\/vc_wp_text][vc_wp_text] Conforme al Art. 14.1 del Reglamento (UE) 524\/2013, la Comisi\u00f3n Europea facilita una plataforma de acceso gratuito para la resoluci\u00f3n de conflictos online entre el USUARIO y el PRESTADOR, sin necesidad de recurrir a los tribunales de justicia, mediante [&hellip;]<\/p>\n","protected":false},"author":6,"featured_media":0,"parent":0,"menu_order":0,"comment_status":"closed","ping_status":"open","template":"","meta":{"_acf_changed":false,"footnotes":""},"class_list":["post-4342","page","type-page","status-publish","hentry"],"acf":[],"yoast_head":"<!-- This site is optimized with the Yoast SEO plugin v27.1.1 - https:\/\/yoast.com\/product\/yoast-seo-wordpress\/ -->\n<title>ODR - Vallformosa<\/title>\n<meta name=\"robots\" content=\"index, follow, max-snippet:-1, max-image-preview:large, max-video-preview:-1\" \/>\n<link rel=\"canonical\" href=\"https:\/\/dev.vallformosa.com\/en\/resolucion-litigios-en-linea\/\" \/>\n<meta property=\"og:locale\" content=\"en_US\" \/>\n<meta property=\"og:type\" content=\"article\" \/>\n<meta property=\"og:title\" content=\"ODR - Vallformosa\" \/>\n<meta property=\"og:description\" content=\"[vc_row][vc_column][\/vc_column][\/vc_row][vc_section full_width=&#8221;stretch_row_content&#8221; css=&#8221;.vc_custom_1730371446477{background-color: #fffaee !important;}&#8221; el_class=&#8221;color-1 politica-privacidad-section&#8221;][vc_row][vc_column][vc_wp_text] Resoluci\u00f3n de litigios en l\u00ednea (Online Dispute Resolution) [\/vc_wp_text][vc_wp_text] Conforme al Art. 14.1 del Reglamento (UE) 524\/2013, la Comisi\u00f3n Europea facilita una plataforma de acceso gratuito para la resoluci\u00f3n de conflictos online entre el USUARIO y el PRESTADOR, sin necesidad de recurrir a los tribunales de justicia, mediante [&hellip;]\" \/>\n<meta property=\"og:url\" content=\"https:\/\/dev.vallformosa.com\/en\/resolucion-litigios-en-linea\/\" \/>\n<meta property=\"og:site_name\" content=\"Vallformosa\" \/>\n<meta property=\"article:modified_time\" content=\"2025-04-15T15:19:23+00:00\" \/>\n<meta name=\"twitter:card\" content=\"summary_large_image\" \/>\n<meta name=\"twitter:label1\" content=\"Est. reading time\" \/>\n\t<meta name=\"twitter:data1\" content=\"1 minute\" \/>\n<script type=\"application\/ld+json\" class=\"yoast-schema-graph\">{\"@context\":\"https:\/\/schema.org\",\"@graph\":[{\"@type\":\"WebPage\",\"@id\":\"https:\/\/dev.vallformosa.com\/en\/resolucion-litigios-en-linea\/\",\"url\":\"https:\/\/dev.vallformosa.com\/en\/resolucion-litigios-en-linea\/\",\"name\":\"ODR - Vallformosa\",\"isPartOf\":{\"@id\":\"https:\/\/dev.vallformosa.com\/en\/#website\"},\"datePublished\":\"2024-11-05T15:25:19+00:00\",\"dateModified\":\"2025-04-15T15:19:23+00:00\",\"breadcrumb\":{\"@id\":\"https:\/\/dev.vallformosa.com\/en\/resolucion-litigios-en-linea\/#breadcrumb\"},\"inLanguage\":\"en-US\",\"potentialAction\":[{\"@type\":\"ReadAction\",\"target\":[\"https:\/\/dev.vallformosa.com\/en\/resolucion-litigios-en-linea\/\"]}]},{\"@type\":\"BreadcrumbList\",\"@id\":\"https:\/\/dev.vallformosa.com\/en\/resolucion-litigios-en-linea\/#breadcrumb\",\"itemListElement\":[{\"@type\":\"ListItem\",\"position\":1,\"name\":\"Portada\",\"item\":\"https:\/\/dev.vallformosa.com\/en\/\"},{\"@type\":\"ListItem\",\"position\":2,\"name\":\"ODR\"}]},{\"@type\":\"WebSite\",\"@id\":\"https:\/\/dev.vallformosa.com\/en\/#website\",\"url\":\"https:\/\/dev.vallformosa.com\/en\/\",\"name\":\"Vallformosa\",\"description\":\"\",\"potentialAction\":[{\"@type\":\"SearchAction\",\"target\":{\"@type\":\"EntryPoint\",\"urlTemplate\":\"https:\/\/dev.vallformosa.com\/en\/?s={search_term_string}\"},\"query-input\":{\"@type\":\"PropertyValueSpecification\",\"valueRequired\":true,\"valueName\":\"search_term_string\"}}],\"inLanguage\":\"en-US\"}]}<\/script>\n<!-- \/ Yoast SEO plugin. -->","yoast_head_json":{"title":"ODR - Vallformosa","robots":{"index":"index","follow":"follow","max-snippet":"max-snippet:-1","max-image-preview":"max-image-preview:large","max-video-preview":"max-video-preview:-1"},"canonical":"https:\/\/dev.vallformosa.com\/en\/resolucion-litigios-en-linea\/","og_locale":"en_US","og_type":"article","og_title":"ODR - Vallformosa","og_description":"[vc_row][vc_column][\/vc_column][\/vc_row][vc_section full_width=&#8221;stretch_row_content&#8221; css=&#8221;.vc_custom_1730371446477{background-color: #fffaee !important;}&#8221; el_class=&#8221;color-1 politica-privacidad-section&#8221;][vc_row][vc_column][vc_wp_text] Resoluci\u00f3n de litigios en l\u00ednea (Online Dispute Resolution) [\/vc_wp_text][vc_wp_text] Conforme al Art. 14.1 del Reglamento (UE) 524\/2013, la Comisi\u00f3n Europea facilita una plataforma de acceso gratuito para la resoluci\u00f3n de conflictos online entre el USUARIO y el PRESTADOR, sin necesidad de recurrir a los tribunales de justicia, mediante [&hellip;]","og_url":"https:\/\/dev.vallformosa.com\/en\/resolucion-litigios-en-linea\/","og_site_name":"Vallformosa","article_modified_time":"2025-04-15T15:19:23+00:00","twitter_card":"summary_large_image","twitter_misc":{"Est. reading time":"1 minute"},"schema":{"@context":"https:\/\/schema.org","@graph":[{"@type":"WebPage","@id":"https:\/\/dev.vallformosa.com\/en\/resolucion-litigios-en-linea\/","url":"https:\/\/dev.vallformosa.com\/en\/resolucion-litigios-en-linea\/","name":"ODR - Vallformosa","isPartOf":{"@id":"https:\/\/dev.vallformosa.com\/en\/#website"},"datePublished":"2024-11-05T15:25:19+00:00","dateModified":"2025-04-15T15:19:23+00:00","breadcrumb":{"@id":"https:\/\/dev.vallformosa.com\/en\/resolucion-litigios-en-linea\/#breadcrumb"},"inLanguage":"en-US","potentialAction":[{"@type":"ReadAction","target":["https:\/\/dev.vallformosa.com\/en\/resolucion-litigios-en-linea\/"]}]},{"@type":"BreadcrumbList","@id":"https:\/\/dev.vallformosa.com\/en\/resolucion-litigios-en-linea\/#breadcrumb","itemListElement":[{"@type":"ListItem","position":1,"name":"Portada","item":"https:\/\/dev.vallformosa.com\/en\/"},{"@type":"ListItem","position":2,"name":"ODR"}]},{"@type":"WebSite","@id":"https:\/\/dev.vallformosa.com\/en\/#website","url":"https:\/\/dev.vallformosa.com\/en\/","name":"Vallformosa","description":"","potentialAction":[{"@type":"SearchAction","target":{"@type":"EntryPoint","urlTemplate":"https:\/\/dev.vallformosa.com\/en\/?s={search_term_string}"},"query-input":{"@type":"PropertyValueSpecification","valueRequired":true,"valueName":"search_term_string"}}],"inLanguage":"en-US"}]}},"_links":{"self":[{"href":"https:\/\/dev.vallformosa.com\/en\/wp-json\/wp\/v2\/pages\/4342","targetHints":{"allow":["GET"]}}],"collection":[{"href":"https:\/\/dev.vallformosa.com\/en\/wp-json\/wp\/v2\/pages"}],"about":[{"href":"https:\/\/dev.vallformosa.com\/en\/wp-json\/wp\/v2\/types\/page"}],"author":[{"embeddable":true,"href":"https:\/\/dev.vallformosa.com\/en\/wp-json\/wp\/v2\/users\/6"}],"replies":[{"embeddable":true,"href":"https:\/\/dev.vallformosa.com\/en\/wp-json\/wp\/v2\/comments?post=4342"}],"version-history":[{"count":2,"href":"https:\/\/dev.vallformosa.com\/en\/wp-json\/wp\/v2\/pages\/4342\/revisions"}],"predecessor-version":[{"id":7314,"href":"https:\/\/dev.vallformosa.com\/en\/wp-json\/wp\/v2\/pages\/4342\/revisions\/7314"}],"wp:attachment":[{"href":"https:\/\/dev.vallformosa.com\/en\/wp-json\/wp\/v2\/media?parent=4342"}],"curies":[{"name":"wp","href":"https:\/\/api.w.org\/{rel}","templated":true}]}}